{"id":179,"date":"2024-03-20T08:00:45","date_gmt":"2024-03-20T06:00:45","guid":{"rendered":"https:\/\/careerfy.net\/jobsonline\/\/?page_id=522"},"modified":"2025-07-17T09:04:08","modified_gmt":"2025-07-17T07:04:08","slug":"apie-mus","status":"publish","type":"page","link":"https:\/\/karjerosdienos.vilniustech.lt\/en\/apie-mus\/","title":{"rendered":"About us"},"content":{"rendered":"<section class=\"wpb-content-wrapper\"><div class=\"vc_row wpb_row vc_row-fluid vc_custom_1513347932803\"><div class=\"wpb_column vc_column_container vc_col-sm-12\"><div class=\"vc_column-inner\"><div class=\"wpb_wrapper\">        <div class=\"row\">\r\n            <div class=\"col-md-6 careerfy-typo-wrap\">\r\n                <div class=\"careerfy-about-text\">\r\n                                            <h2 >ABOUT US<\/h2>\r\n                                                <span class=\"careerfy-about-sub\" >Career Day GRAVITY<\/span>\r\n                                        <p ><span style=\"color: #000000;\"><strong>Vilnius Gediminas technical university (VILNIUS TECH)<\/strong> is an innovative Lithuanian university that educates creative and highly qualified professionals. The University is a leader in the field of technological sciences and provides modern, labour market-oriented studies.<\/span><\/p>\n<p><span style=\"color: #000000;\"><strong>VILNIUS TECH GRAVITY<\/strong>\u00a0is a centre of attraction between scientific talent and the country\u2019s leading businesses and modern organisations. It is a centre whose gravity attracts people who can not only overcome the existing laws of the universe, but also create new laws of a dynamic and promising business.<\/span><\/p>\n<p><span style=\"color: #000000;\"><strong>Career Day<\/strong> is a great opportunity for companies to come together once a year in one place and get to know not only the university community but also the students. VILNIUS TECH and its business partners are working hard to develop cooperation. This is so that company representatives can get to know and interact with the students personally and thus recruit talent for their companies.<\/span><\/p>\n<p><span style=\"color: #000000;\">We are inviting you to the 22nd Career Day, which will bring together not only VILNIUS TECH students and alumni, but also pupils, the most promising companies, and various organisations.<\/span><\/p>\r\n                                    <\/div>\r\n            <\/div>\r\n                            <div class=\"col-md-6 careerfy-typo-wrap\">\r\n                    <div class=\"careerfy-about-thumb\"><img decoding=\"async\" src=\"https:\/\/karjerosdienos.vilniustech.lt\/wp-content\/uploads\/2025\/07\/apie-mus.png\" alt=\"\"><\/div>\r\n                <\/div>\r\n                <!--ends here-->\r\n                    <\/div>\r\n        <\/div><\/div><\/div><\/div><div class=\"vc_row wpb_row vc_row-fluid\"><div class=\"wpb_column vc_column_container vc_col-sm-12\"><div class=\"vc_column-inner\"><div class=\"wpb_wrapper\"><\/div><\/div><\/div><\/div>\n<\/section>","protected":false},"excerpt":{"rendered":"APIE MUS Karjeros diena GRAVITY Vilniaus Gedimino technikos universitetas (VILNIUS TECH) \u2013 inovatyvus Lietuvos universitetas, ugdantis k\u016brybi\u0161kus auk\u0161tos kvalifikacijos specialistus. Universitetas lyderiauja technologijos moksl\u0173 srityje ir u\u017etikrina \u0161iuolaikines, \u012f darbo rink\u0105 orientuotas studijas. VILNIUS TECH GRAVITY\u00a0\u2013 tai mokslo talent\u0173 ir lyderiaujan\u010di\u0173 \u0161alies versl\u0173 bei moderni\u0173 organizacij\u0173 tarpusavio traukos centras. Tai centras, kurio traukos j\u0117ga (gravitacija)...","protected":false},"author":1,"featured_media":0,"parent":0,"menu_order":0,"comment_status":"closed","ping_status":"closed","template":"","meta":{"footnotes":""},"class_list":["post-179","page","type-page","status-publish","hentry"],"yoast_head":"<!-- This site is optimized with the Yoast SEO plugin v25.4 - https:\/\/yoast.com\/wordpress\/plugins\/seo\/ -->\n<title>Apie mus - VILNIUS TECH Karjeros diena GRAVITY<\/title>\n<meta name=\"description\" content=\"Karjeros diena \u2013 puiki galimyb\u0117 kart\u0105 per metus \u012fmon\u0117ms susiburti vienoje vietoje ir tiesiogiai susipa\u017einti ne tik su universiteto bendruomene, bet ir su studentais. VILNIUS TECH ir verslo partneriai deda daug pastang\u0173, kad vystyt\u0173 bendradarbiavim\u0105. Visa tai tam, kad \u012fmoni\u0173 atstovai gal\u0117t\u0173 asmeni\u0161kai susipa\u017einti, bendrauti su studentais ir taip \u012fdarbinti talentus savo \u012fmon\u0117se\" \/>\n<meta name=\"robots\" content=\"index, follow, max-snippet:-1, max-image-preview:large, max-video-preview:-1\" \/>\n<link rel=\"canonical\" href=\"https:\/\/karjerosdienos.vilniustech.lt\/en\/apie-mus\/\" \/>\n<meta property=\"og:locale\" content=\"en_US\" \/>\n<meta property=\"og:type\" content=\"article\" \/>\n<meta property=\"og:title\" content=\"Apie mus - VILNIUS TECH Karjeros diena GRAVITY\" \/>\n<meta property=\"og:description\" content=\"Karjeros diena \u2013 puiki galimyb\u0117 kart\u0105 per metus \u012fmon\u0117ms susiburti vienoje vietoje ir tiesiogiai susipa\u017einti ne tik su universiteto bendruomene, bet ir su studentais. VILNIUS TECH ir verslo partneriai deda daug pastang\u0173, kad vystyt\u0173 bendradarbiavim\u0105. Visa tai tam, kad \u012fmoni\u0173 atstovai gal\u0117t\u0173 asmeni\u0161kai susipa\u017einti, bendrauti su studentais ir taip \u012fdarbinti talentus savo \u012fmon\u0117se\" \/>\n<meta property=\"og:url\" content=\"https:\/\/karjerosdienos.vilniustech.lt\/en\/apie-mus\/\" \/>\n<meta property=\"og:site_name\" content=\"VILNIUS TECH Karjeros diena GRAVITY\" \/>\n<meta property=\"article:publisher\" content=\"https:\/\/www.facebook.com\/kolegijoskarjeroscentras\" \/>\n<meta property=\"article:modified_time\" content=\"2025-07-17T07:04:08+00:00\" \/>\n<meta name=\"twitter:card\" content=\"summary_large_image\" \/>\n<meta name=\"twitter:label1\" content=\"Est. reading time\" \/>\n\t<meta name=\"twitter:data1\" content=\"1 minute\" \/>\n<script type=\"application\/ld+json\" class=\"yoast-schema-graph\">{\"@context\":\"https:\/\/schema.org\",\"@graph\":[{\"@type\":\"WebPage\",\"@id\":\"https:\/\/karjerosdienos.vilniustech.lt\/apie-mus\/\",\"url\":\"https:\/\/karjerosdienos.vilniustech.lt\/apie-mus\/\",\"name\":\"Apie mus - VILNIUS TECH Karjeros diena GRAVITY\",\"isPartOf\":{\"@id\":\"https:\/\/karjerosdienos.vilniustech.lt\/#website\"},\"datePublished\":\"2024-03-20T06:00:45+00:00\",\"dateModified\":\"2025-07-17T07:04:08+00:00\",\"description\":\"Karjeros diena \u2013 puiki galimyb\u0117 kart\u0105 per metus \u012fmon\u0117ms susiburti vienoje vietoje ir tiesiogiai susipa\u017einti ne tik su universiteto bendruomene, bet ir su studentais. VILNIUS TECH ir verslo partneriai deda daug pastang\u0173, kad vystyt\u0173 bendradarbiavim\u0105. Visa tai tam, kad \u012fmoni\u0173 atstovai gal\u0117t\u0173 asmeni\u0161kai susipa\u017einti, bendrauti su studentais ir taip \u012fdarbinti talentus savo \u012fmon\u0117se\",\"breadcrumb\":{\"@id\":\"https:\/\/karjerosdienos.vilniustech.lt\/apie-mus\/#breadcrumb\"},\"inLanguage\":\"en-US\",\"potentialAction\":[{\"@type\":\"ReadAction\",\"target\":[\"https:\/\/karjerosdienos.vilniustech.lt\/apie-mus\/\"]}]},{\"@type\":\"BreadcrumbList\",\"@id\":\"https:\/\/karjerosdienos.vilniustech.lt\/apie-mus\/#breadcrumb\",\"itemListElement\":[{\"@type\":\"ListItem\",\"position\":1,\"name\":\"Home\",\"item\":\"https:\/\/karjerosdienos.vilniustech.lt\/\"},{\"@type\":\"ListItem\",\"position\":2,\"name\":\"Apie mus\"}]},{\"@type\":\"WebSite\",\"@id\":\"https:\/\/karjerosdienos.vilniustech.lt\/#website\",\"url\":\"https:\/\/karjerosdienos.vilniustech.lt\/\",\"name\":\"VILNIUS TECH Karjeros diena GRAVITY\",\"description\":\"VILNIUS TECH Karjeros diena GRAVITY\",\"publisher\":{\"@id\":\"https:\/\/karjerosdienos.vilniustech.lt\/#organization\"},\"potentialAction\":[{\"@type\":\"SearchAction\",\"target\":{\"@type\":\"EntryPoint\",\"urlTemplate\":\"https:\/\/karjerosdienos.vilniustech.lt\/?s={search_term_string}\"},\"query-input\":{\"@type\":\"PropertyValueSpecification\",\"valueRequired\":true,\"valueName\":\"search_term_string\"}}],\"inLanguage\":\"en-US\"},{\"@type\":\"Organization\",\"@id\":\"https:\/\/karjerosdienos.vilniustech.lt\/#organization\",\"name\":\"Karjeros dienos 2020\",\"url\":\"https:\/\/karjerosdienos.vilniustech.lt\/\",\"logo\":{\"@type\":\"ImageObject\",\"inLanguage\":\"en-US\",\"@id\":\"https:\/\/karjerosdienos.vilniustech.lt\/#\/schema\/logo\/image\/\",\"url\":\"\",\"contentUrl\":\"\",\"caption\":\"Karjeros dienos 2020\"},\"image\":{\"@id\":\"https:\/\/karjerosdienos.vilniustech.lt\/#\/schema\/logo\/image\/\"},\"sameAs\":[\"https:\/\/www.facebook.com\/kolegijoskarjeroscentras\"]}]}<\/script>\n<!-- \/ Yoast SEO plugin. -->","yoast_head_json":{"title":"Apie mus - VILNIUS TECH Karjeros diena GRAVITY","description":"Karjeros diena \u2013 puiki galimyb\u0117 kart\u0105 per metus \u012fmon\u0117ms susiburti vienoje vietoje ir tiesiogiai susipa\u017einti ne tik su universiteto bendruomene, bet ir su studentais. VILNIUS TECH ir verslo partneriai deda daug pastang\u0173, kad vystyt\u0173 bendradarbiavim\u0105. Visa tai tam, kad \u012fmoni\u0173 atstovai gal\u0117t\u0173 asmeni\u0161kai susipa\u017einti, bendrauti su studentais ir taip \u012fdarbinti talentus savo \u012fmon\u0117se","robots":{"index":"index","follow":"follow","max-snippet":"max-snippet:-1","max-image-preview":"max-image-preview:large","max-video-preview":"max-video-preview:-1"},"canonical":"https:\/\/karjerosdienos.vilniustech.lt\/en\/apie-mus\/","og_locale":"en_US","og_type":"article","og_title":"Apie mus - VILNIUS TECH Karjeros diena GRAVITY","og_description":"Karjeros diena \u2013 puiki galimyb\u0117 kart\u0105 per metus \u012fmon\u0117ms susiburti vienoje vietoje ir tiesiogiai susipa\u017einti ne tik su universiteto bendruomene, bet ir su studentais. VILNIUS TECH ir verslo partneriai deda daug pastang\u0173, kad vystyt\u0173 bendradarbiavim\u0105. Visa tai tam, kad \u012fmoni\u0173 atstovai gal\u0117t\u0173 asmeni\u0161kai susipa\u017einti, bendrauti su studentais ir taip \u012fdarbinti talentus savo \u012fmon\u0117se","og_url":"https:\/\/karjerosdienos.vilniustech.lt\/en\/apie-mus\/","og_site_name":"VILNIUS TECH Karjeros diena GRAVITY","article_publisher":"https:\/\/www.facebook.com\/kolegijoskarjeroscentras","article_modified_time":"2025-07-17T07:04:08+00:00","twitter_card":"summary_large_image","twitter_misc":{"Est. reading time":"1 minute"},"schema":{"@context":"https:\/\/schema.org","@graph":[{"@type":"WebPage","@id":"https:\/\/karjerosdienos.vilniustech.lt\/apie-mus\/","url":"https:\/\/karjerosdienos.vilniustech.lt\/apie-mus\/","name":"Apie mus - VILNIUS TECH Karjeros diena GRAVITY","isPartOf":{"@id":"https:\/\/karjerosdienos.vilniustech.lt\/#website"},"datePublished":"2024-03-20T06:00:45+00:00","dateModified":"2025-07-17T07:04:08+00:00","description":"Karjeros diena \u2013 puiki galimyb\u0117 kart\u0105 per metus \u012fmon\u0117ms susiburti vienoje vietoje ir tiesiogiai susipa\u017einti ne tik su universiteto bendruomene, bet ir su studentais. VILNIUS TECH ir verslo partneriai deda daug pastang\u0173, kad vystyt\u0173 bendradarbiavim\u0105. Visa tai tam, kad \u012fmoni\u0173 atstovai gal\u0117t\u0173 asmeni\u0161kai susipa\u017einti, bendrauti su studentais ir taip \u012fdarbinti talentus savo \u012fmon\u0117se","breadcrumb":{"@id":"https:\/\/karjerosdienos.vilniustech.lt\/apie-mus\/#breadcrumb"},"inLanguage":"en-US","potentialAction":[{"@type":"ReadAction","target":["https:\/\/karjerosdienos.vilniustech.lt\/apie-mus\/"]}]},{"@type":"BreadcrumbList","@id":"https:\/\/karjerosdienos.vilniustech.lt\/apie-mus\/#breadcrumb","itemListElement":[{"@type":"ListItem","position":1,"name":"Home","item":"https:\/\/karjerosdienos.vilniustech.lt\/"},{"@type":"ListItem","position":2,"name":"Apie mus"}]},{"@type":"WebSite","@id":"https:\/\/karjerosdienos.vilniustech.lt\/#website","url":"https:\/\/karjerosdienos.vilniustech.lt\/","name":"VILNIUS TECH Karjeros diena GRAVITY","description":"VILNIUS TECH Karjeros diena GRAVITY","publisher":{"@id":"https:\/\/karjerosdienos.vilniustech.lt\/#organization"},"potentialAction":[{"@type":"SearchAction","target":{"@type":"EntryPoint","urlTemplate":"https:\/\/karjerosdienos.vilniustech.lt\/?s={search_term_string}"},"query-input":{"@type":"PropertyValueSpecification","valueRequired":true,"valueName":"search_term_string"}}],"inLanguage":"en-US"},{"@type":"Organization","@id":"https:\/\/karjerosdienos.vilniustech.lt\/#organization","name":"Karjeros dienos 2020","url":"https:\/\/karjerosdienos.vilniustech.lt\/","logo":{"@type":"ImageObject","inLanguage":"en-US","@id":"https:\/\/karjerosdienos.vilniustech.lt\/#\/schema\/logo\/image\/","url":"","contentUrl":"","caption":"Karjeros dienos 2020"},"image":{"@id":"https:\/\/karjerosdienos.vilniustech.lt\/#\/schema\/logo\/image\/"},"sameAs":["https:\/\/www.facebook.com\/kolegijoskarjeroscentras"]}]}},"_links":{"self":[{"href":"https:\/\/karjerosdienos.vilniustech.lt\/en\/wp-json\/wp\/v2\/pages\/179","targetHints":{"allow":["GET"]}}],"collection":[{"href":"https:\/\/karjerosdienos.vilniustech.lt\/en\/wp-json\/wp\/v2\/pages"}],"about":[{"href":"https:\/\/karjerosdienos.vilniustech.lt\/en\/wp-json\/wp\/v2\/types\/page"}],"author":[{"embeddable":true,"href":"https:\/\/karjerosdienos.vilniustech.lt\/en\/wp-json\/wp\/v2\/users\/1"}],"replies":[{"embeddable":true,"href":"https:\/\/karjerosdienos.vilniustech.lt\/en\/wp-json\/wp\/v2\/comments?post=179"}],"version-history":[{"count":50,"href":"https:\/\/karjerosdienos.vilniustech.lt\/en\/wp-json\/wp\/v2\/pages\/179\/revisions"}],"predecessor-version":[{"id":16569,"href":"https:\/\/karjerosdienos.vilniustech.lt\/en\/wp-json\/wp\/v2\/pages\/179\/revisions\/16569"}],"wp:attachment":[{"href":"https:\/\/karjerosdienos.vilniustech.lt\/en\/wp-json\/wp\/v2\/media?parent=179"}],"curies":[{"name":"wp","href":"https:\/\/api.w.org\/{rel}","templated":true}]}}