{"id":180,"date":"2024-03-20T08:00:57","date_gmt":"2024-03-20T06:00:57","guid":{"rendered":"https:\/\/careerfy.net\/jobsonline\/\/?page_id=493"},"modified":"2026-04-16T09:35:55","modified_gmt":"2026-04-16T07:35:55","slug":"vilnius-tech-karjeros-diena","status":"publish","type":"page","link":"https:\/\/karjerosdienos.vilniustech.lt\/en\/","title":{"rendered":"Pagrindinis"},"content":{"rendered":"<section class=\"wpb-content-wrapper\"><div class=\"vc_row wpb_row vc_row-fluid\"><div class=\"wpb_column vc_column_container vc_col-sm-12\"><div class=\"vc_column-inner\"><div class=\"wpb_wrapper\"><div class=\"wpb_revslider_element wpb_content_element\">\n\t\t\t<!-- START Home Slider REVOLUTION SLIDER 6.6.8 --><p class=\"rs-p-wp-fix\"><\/p>\n\t\t\t<rs-module-wrap id=\"rev_slider_1_1_wrapper\" data-source=\"gallery\" style=\"visibility:hidden;background:transparent;padding:0;margin:0px auto;margin-top:0;margin-bottom:0;\">\n\t\t\t\t<rs-module id=\"rev_slider_1_1\" style=\"\" data-version=\"6.6.8\">\n\t\t\t\t\t<rs-slides style=\"overflow: hidden; position: absolute;\">\n\t\t\t\t\t\t<rs-slide style=\"position: absolute;\" data-key=\"rs-1\" data-title=\"Slide\" data-anim=\"ms:600;\" data-in=\"o:0;\" data-out=\"a:false;\">\n\t\t\t\t\t\t\t<img fetchpriority=\"high\" decoding=\"async\" src=\"\/\/karjerosdienos.vilniustech.lt\/wp-content\/plugins\/revslider\/public\/assets\/assets\/dummy.png\" alt=\"Slide\" title=\"KD mobil\" width=\"1448\" height=\"2048\" class=\"rev-slidebg tp-rs-img rs-lazyload\" data-lazyload=\"\/\/karjerosdienos.vilniustech.lt\/wp-content\/plugins\/revslider\/public\/assets\/assets\/transparent.png\" data-bg=\"f:contain;\" data-no-retina>\n<!--\n\t\t\t\t\t\t\t--><rs-layer\n\t\t\t\t\t\t\t\tid=\"slider-1-slide-1-layer-0\" \n\t\t\t\t\t\t\t\tdata-type=\"image\"\n\t\t\t\t\t\t\t\tdata-rsp_ch=\"on\"\n\t\t\t\t\t\t\t\tdata-xy=\"xo:-2px,0,-2px,-2px;yo:0,0,0,4px;\"\n\t\t\t\t\t\t\t\tdata-text=\"w:normal;s:20,10,10,4;l:0,13,13,6;\"\n\t\t\t\t\t\t\t\tdata-dim=\"w:1933px,1027px,1027px,483px;h:730px,391px,391px,179px;\"\n\t\t\t\t\t\t\t\tdata-vbility=\"t,t,f,f\"\n\t\t\t\t\t\t\t\tdata-frame_999=\"o:0;st:w;sR:8700;\"\n\t\t\t\t\t\t\t\tstyle=\"z-index:7;\"\n\t\t\t\t\t\t\t><img decoding=\"async\" src=\"\/\/karjerosdienos.vilniustech.lt\/wp-content\/plugins\/revslider\/public\/assets\/assets\/dummy.png\" alt=\"\" class=\"tp-rs-img rs-lazyload\" width=\"1905\" height=\"719\" data-lazyload=\"\/\/karjerosdienos.vilniustech.lt\/wp-content\/uploads\/2025\/07\/puslapiui.png\" data-no-retina> \n\t\t\t\t\t\t\t<\/rs-layer><!--\n\n\t\t\t\t\t\t\t--><rs-layer\n\t\t\t\t\t\t\t\tid=\"slider-1-slide-1-layer-1\" \n\t\t\t\t\t\t\t\tdata-type=\"image\"\n\t\t\t\t\t\t\t\tdata-rsp_ch=\"on\"\n\t\t\t\t\t\t\t\tdata-xy=\"xo:183px,-241px,-241px,0;yo:411px,101px,101px,0;\"\n\t\t\t\t\t\t\t\tdata-text=\"w:normal;s:20,10,10,4;l:0,13,13,6;\"\n\t\t\t\t\t\t\t\tdata-dim=\"w:300px,160px,160px,480px;h:456px,243px,243px,720px;\"\n\t\t\t\t\t\t\t\tdata-vbility=\"f,f,f,t\"\n\t\t\t\t\t\t\t\tdata-frame_999=\"o:0;st:w;sR:8700;\"\n\t\t\t\t\t\t\t\tstyle=\"z-index:6;\"\n\t\t\t\t\t\t\t><img decoding=\"async\" src=\"\/\/karjerosdienos.vilniustech.lt\/wp-content\/plugins\/revslider\/public\/assets\/assets\/dummy.png\" alt=\"\" class=\"tp-rs-img rs-lazyload\" width=\"961\" height=\"1460\" data-lazyload=\"\/\/karjerosdienos.vilniustech.lt\/wp-content\/uploads\/2025\/07\/Vertikalus-Mobile-min.png\" data-no-retina> \n\t\t\t\t\t\t\t<\/rs-layer><!--\n\n\t\t\t\t\t\t\t--><rs-layer\n\t\t\t\t\t\t\t\tid=\"slider-1-slide-1-layer-2\" \n\t\t\t\t\t\t\t\tdata-type=\"image\"\n\t\t\t\t\t\t\t\tdata-rsp_ch=\"on\"\n\t\t\t\t\t\t\t\tdata-xy=\"xo:-2px,-1px,-1px,-220px;yo:-212px,-113px,-113px,-27px;\"\n\t\t\t\t\t\t\t\tdata-text=\"w:normal;s:20,10,10,4;l:0,13,13,6;\"\n\t\t\t\t\t\t\t\tdata-dim=\"w:1934px,1031px,1031px,1300px;h:1088px,580px,580px,798px;\"\n\t\t\t\t\t\t\t\tdata-vbility=\"f,f,f,f\"\n\t\t\t\t\t\t\t\tdata-frame_1=\"y:-24px,-12px,-12px,-5px;st:8350;sR:8350;\"\n\t\t\t\t\t\t\t\tdata-frame_999=\"o:0;st:w;sR:350;\"\n\t\t\t\t\t\t\t\tstyle=\"z-index:8;\"\n\t\t\t\t\t\t\t><img loading=\"lazy\" decoding=\"async\" src=\"\/\/karjerosdienos.vilniustech.lt\/wp-content\/plugins\/revslider\/public\/assets\/assets\/dummy.png\" alt=\"\" class=\"tp-rs-img rs-lazyload\" width=\"1994\" height=\"1122\" data-lazyload=\"\/\/karjerosdienos.vilniustech.lt\/wp-content\/uploads\/2025\/07\/Horizontalus-Desktop-min.png\" data-no-retina> \n\t\t\t\t\t\t\t<\/rs-layer><!--\n-->\t\t\t\t\t\t<\/rs-slide>\n\t\t\t\t\t<\/rs-slides>\n\t\t\t\t<\/rs-module>\n\t\t\t\t<script>\n\t\t\t\t\tsetREVStartSize({c: 'rev_slider_1_1',rl:[1240,1024,1024,480],el:[730,767.997,767.997,720],gw:[1920,1024,1024,480],gh:[730,768,768,720],type:'standard',justify:'',layout:'fullwidth',mh:\"0\"});if (window.RS_MODULES!==undefined && window.RS_MODULES.modules!==undefined && window.RS_MODULES.modules[\"revslider11\"]!==undefined) {window.RS_MODULES.modules[\"revslider11\"].once = false;window.revapi1 = undefined;if (window.RS_MODULES.checkMinimal!==undefined) window.RS_MODULES.checkMinimal()}\n\t\t\t\t<\/script>\n\t\t\t<\/rs-module-wrap>\n\t\t\t<!-- END REVOLUTION SLIDER -->\n<\/div><\/div><\/div><\/div><\/div><div class=\"vc_row wpb_row vc_row-fluid\"><div class=\"wpb_column vc_column_container vc_col-sm-12\"><div class=\"vc_column-inner\"><div class=\"wpb_wrapper\"><div class=\"vc_btn3-container vc_btn3-inline\" ><a class=\"vc_general vc_btn3 vc_btn3-size-lg vc_btn3-shape-rounded vc_btn3-style-3d vc_btn3-color-black\" href=\"https:\/\/vilniustech.lt\/wp-content\/uploads\/2026\/04\/image-33.png\" title=\"\">RENGINIO ERDVI\u0172 PLANAS<\/a><\/div><\/div><\/div><\/div><\/div><div class=\"vc_row wpb_row vc_row-fluid\"><div class=\"wpb_column vc_column_container vc_col-sm-8\"><div class=\"vc_column-inner\"><div class=\"wpb_wrapper\">\n\t<div class=\"wpb_text_column wpb_content_element\" >\n\t\t<div class=\"wpb_wrapper\">\n\t\t\t<h2><span style=\"color: #000000;\"><strong>Event program<\/strong><\/span><\/h2>\n<p><span style=\"color: #000000;\"><strong>Event Theme:<\/strong> \u201cSocial Connections\u201d<\/span><\/p>\n<p><span style=\"color: #000000;\"><strong>Event location\u00a0<\/strong>VILNIUS TECH central building (Saul\u0117tekis av. 11, Vilnius)<\/span><\/p>\n<p><span style=\"color: #000000;\"><strong>Attending people<\/strong>: ~ 10 000<\/span><\/p>\n<p><span style=\"color: #000000;\"><strong>Format<\/strong>: exihibition + conference<\/span><\/p>\n<p><span style=\"color: #000000;\"><strong>GRAVITY<\/strong>\u00a0It is the mutual attraction center of scientific talents and leading businesses of the country, as well as modern organizations<\/span><\/p>\n<p><span style=\"color: #000000;\"><strong>Presenter:\u00a0<\/strong>Liepa Vasiliauskait\u0117<\/span><\/p>\n<p><span style=\"color: #000000;\"><strong>Language<\/strong>: Lithuanian \/ English<\/span><\/p>\n<p>&nbsp;<\/p>\n<p><span style=\"color: #000000;\"><strong>CONTACT FAIR: 11:00 AM \u2013 4:00 PM <\/strong><\/span><\/p>\n<p><span style=\"color: #000000;\">Auditorium A06<\/span><\/p>\n<p><span style=\"color: #000000;\">Presentation schedule:<\/span><\/p>\n<p><span style=\"color: #000000;\">11:00\u201311:15 AM. Opening and welcome speech<\/span><\/p>\n<p><span style=\"color: #000000;\">11:30-11:55 AM. LTG group. Chief Human Resources Officer, Member of the Board Brigita Valen\u010dien\u0117.<strong>\u00a0\u201cConnections and Contacts \u2013 How to Start Your Career Engine?\u201d<\/strong> [LT]<\/span><\/p>\n<p class=\"translation-block\"><span style=\"color: #000000\">12:00-12:25 PM. EPSO-G. Paulius Butkus, EPSO-G group head of strategy. <strong>\u201cThe Future of Energy and My Role in It\u201d <\/strong>[ENG]<\/span><\/p>\n<p><span style=\"color: #000000;\">12:30\u20131:05 PM. Discussion. Light Conversion representative Laurynas Tum\u0117nas, Citco Executive Vice President of Corporate Administration Services Agn\u0117 K\u0117velaitien\u0117, Head of Training and Development Projects at VMG Technics Mindaugas Gudelis. <strong>From the first contact to a career leap: what works today? <\/strong>[LT]<\/span><\/p>\n<p><span style=\"color: #000000;\">1:10\u20131:35 PM. Vilnius City Municipality. Project Manager of the Organizational Development Group Inga Alimovien\u0117, Project Manager of the Organizational Development Group Rasa V\u0117gel\u0117. <strong>\u201cGet involved, try, learn: the real path to a career. Does networking really determine your career, or is it what you do today that changes everything?\u201d <\/strong>[LT]<\/span><\/p>\n<p><span style=\"color: #000000;\">13:40-14:05 val. CyberCare. Senior Customer Support Team Lead Simona Majauskait\u0117. <strong>\u201cBehind the Interview: What Hiring Managers Look For On Paper, In Person and In Relationships\u201d<\/strong> [ENG]<\/span><\/p>\n<p><span style=\"color: #000000;\">2:10\u20132:35 PM. Ignitis Group. Head of Educational Programs at Ignitis Group Vaiva Rutkauskait\u0117. <strong>\u201cWhat matters more: megawatts or people?\u201d <\/strong>[LT]<\/span><\/p>\n<p><span style=\"color: #000000;\">2:40-2:50 PM. Closing remarks and farewell<\/span><\/p>\n<p>&nbsp;<\/p>\n<h2><span style=\"color: #000000;\"><strong>CAREER DAY<\/strong><\/span><\/h2>\n<p><span style=\"color: #000000;\">We invite companies and organisations to join one of the largest career events - <strong>VILNIUS TECH Career Day GRAVITY<\/strong>, which will take place on April 16, 2026! For the 22nd time, VILNIUS TECH will bring together future creators and today\u2019s leaders in one place.<\/span><\/p>\n<p><span style=\"color: #000000;\"><b>Career Day GRAVITY <\/b>- It is a centre of attraction between science, talent and the country's leading businesses and modern organisations, whose gravitational pull attracts people who can not only defy the laws of the universe, but also create new solutions for entrepreneurial and forward-thinking businesses.<\/span><\/p>\n\n\t\t<\/div>\n\t<\/div>\n<\/div><\/div><\/div><div class=\"wpb_column vc_column_container vc_col-sm-4\"><div class=\"vc_column-inner\"><div class=\"wpb_wrapper\">\n\t<div  class=\"wpb_single_image wpb_content_element vc_align_center\">\n\t\t\n\t\t<figure class=\"wpb_wrapper vc_figure\">\n\t\t\t<div class=\"vc_single_image-wrapper   vc_box_border_grey\"><img loading=\"lazy\" decoding=\"async\" width=\"250\" height=\"250\" src=\"https:\/\/karjerosdienos.vilniustech.lt\/wp-content\/uploads\/2026\/04\/Jau-rezervuotos-vietos-100-1.png\" class=\"vc_single_image-img attachment-medium\" alt=\"\" title=\"\" srcset=\"https:\/\/karjerosdienos.vilniustech.lt\/wp-content\/uploads\/2026\/04\/Jau-rezervuotos-vietos-100-1.png 250w, https:\/\/karjerosdienos.vilniustech.lt\/wp-content\/uploads\/2026\/04\/Jau-rezervuotos-vietos-100-1-150x150.png 150w, https:\/\/karjerosdienos.vilniustech.lt\/wp-content\/uploads\/2026\/04\/Jau-rezervuotos-vietos-100-1-12x12.png 12w\" sizes=\"(max-width: 250px) 100vw, 250px\" \/><\/div>\n\t\t<\/figure>\n\t<\/div>\n<\/div><\/div><\/div><\/div>\n<\/section>","protected":false},"excerpt":{"rendered":"RENGINIO ERDVI\u0172 PLANAS Renginio programa Renginio tema: \u201eSocialiniai ry\u0161iai\u201c Renginio lokacija:\u00a0VILNIUS TECH centriniai r\u016bmai (Saul\u0117tekio al. 11, Vilnius) \u017dmoni\u0173 skai\u010dius: ~ 10 000 Formatas: paroda + konferencija GRAVITY\u00a0\u2013 tai mokslo talent\u0173 ir lyderiaujan\u010di\u0173 \u0161alies versl\u0173 bei moderni\u0173 organizacij\u0173 tarpusavio traukos centras. Ved\u0117jas:\u00a0Liepa Vasiliauskait\u0117 Kalba: Lietuvi\u0173 \/ Angl\u0173 &nbsp; KONTAKT\u0172 MUG\u0116: 11:00-16:00 val. Auditorija: A06 Prane\u0161im\u0173...","protected":false},"author":1,"featured_media":0,"parent":0,"menu_order":0,"comment_status":"closed","ping_status":"closed","template":"","meta":{"footnotes":""},"class_list":["post-180","page","type-page","status-publish","hentry"],"yoast_head":"<!-- This site is optimized with the Yoast SEO plugin v25.4 - https:\/\/yoast.com\/wordpress\/plugins\/seo\/ -->\n<title>VILNIUS TECH Karjeros diena GRAVITY<\/title>\n<meta name=\"description\" content=\"Karjeros diena \u2013 puiki proga \u012fmon\u0117ms susitikti su VILNIUS TECH bendruomene, tiesiogiai bendrauti su studentais ir \u012fdarbinti talentus.\" \/>\n<meta name=\"robots\" content=\"index, follow, max-snippet:-1, max-image-preview:large, max-video-preview:-1\" \/>\n<link rel=\"canonical\" href=\"https:\/\/karjerosdienos.vilniustech.lt\/en\/\" \/>\n<meta property=\"og:locale\" content=\"en_US\" \/>\n<meta property=\"og:type\" content=\"article\" \/>\n<meta property=\"og:title\" content=\"VILNIUS TECH Karjeros diena GRAVITY\" \/>\n<meta property=\"og:description\" content=\"Karjeros diena \u2013 puiki proga \u012fmon\u0117ms susitikti su VILNIUS TECH bendruomene, tiesiogiai bendrauti su studentais ir \u012fdarbinti talentus.\" \/>\n<meta property=\"og:url\" content=\"https:\/\/karjerosdienos.vilniustech.lt\/en\/\" \/>\n<meta property=\"og:site_name\" content=\"VILNIUS TECH Karjeros diena GRAVITY\" \/>\n<meta property=\"article:publisher\" content=\"https:\/\/www.facebook.com\/kolegijoskarjeroscentras\" \/>\n<meta property=\"article:modified_time\" content=\"2026-04-16T07:35:55+00:00\" \/>\n<meta name=\"twitter:card\" content=\"summary_large_image\" \/>\n<meta name=\"twitter:label1\" content=\"Est. reading time\" \/>\n\t<meta name=\"twitter:data1\" content=\"2 minutes\" \/>\n<script type=\"application\/ld+json\" class=\"yoast-schema-graph\">{\"@context\":\"https:\/\/schema.org\",\"@graph\":[{\"@type\":\"WebPage\",\"@id\":\"https:\/\/karjerosdienos.vilniustech.lt\/\",\"url\":\"https:\/\/karjerosdienos.vilniustech.lt\/\",\"name\":\"VILNIUS TECH Karjeros diena GRAVITY\",\"isPartOf\":{\"@id\":\"https:\/\/karjerosdienos.vilniustech.lt\/#website\"},\"datePublished\":\"2024-03-20T06:00:57+00:00\",\"dateModified\":\"2026-04-16T07:35:55+00:00\",\"description\":\"Karjeros diena \u2013 puiki proga \u012fmon\u0117ms susitikti su VILNIUS TECH bendruomene, tiesiogiai bendrauti su studentais ir \u012fdarbinti talentus.\",\"breadcrumb\":{\"@id\":\"https:\/\/karjerosdienos.vilniustech.lt\/#breadcrumb\"},\"inLanguage\":\"en-US\",\"potentialAction\":[{\"@type\":\"ReadAction\",\"target\":[\"https:\/\/karjerosdienos.vilniustech.lt\/\"]}]},{\"@type\":\"BreadcrumbList\",\"@id\":\"https:\/\/karjerosdienos.vilniustech.lt\/#breadcrumb\",\"itemListElement\":[{\"@type\":\"ListItem\",\"position\":1,\"name\":\"Home\",\"item\":\"https:\/\/karjerosdienos.vilniustech.lt\/\"},{\"@type\":\"ListItem\",\"position\":2,\"name\":\"Pagrindinis\"}]},{\"@type\":\"WebSite\",\"@id\":\"https:\/\/karjerosdienos.vilniustech.lt\/#website\",\"url\":\"https:\/\/karjerosdienos.vilniustech.lt\/\",\"name\":\"VILNIUS TECH Karjeros diena GRAVITY\",\"description\":\"VILNIUS TECH Karjeros diena GRAVITY\",\"publisher\":{\"@id\":\"https:\/\/karjerosdienos.vilniustech.lt\/#organization\"},\"potentialAction\":[{\"@type\":\"SearchAction\",\"target\":{\"@type\":\"EntryPoint\",\"urlTemplate\":\"https:\/\/karjerosdienos.vilniustech.lt\/?s={search_term_string}\"},\"query-input\":{\"@type\":\"PropertyValueSpecification\",\"valueRequired\":true,\"valueName\":\"search_term_string\"}}],\"inLanguage\":\"en-US\"},{\"@type\":\"Organization\",\"@id\":\"https:\/\/karjerosdienos.vilniustech.lt\/#organization\",\"name\":\"Karjeros dienos 2020\",\"url\":\"https:\/\/karjerosdienos.vilniustech.lt\/\",\"logo\":{\"@type\":\"ImageObject\",\"inLanguage\":\"en-US\",\"@id\":\"https:\/\/karjerosdienos.vilniustech.lt\/#\/schema\/logo\/image\/\",\"url\":\"\",\"contentUrl\":\"\",\"caption\":\"Karjeros dienos 2020\"},\"image\":{\"@id\":\"https:\/\/karjerosdienos.vilniustech.lt\/#\/schema\/logo\/image\/\"},\"sameAs\":[\"https:\/\/www.facebook.com\/kolegijoskarjeroscentras\"]}]}<\/script>\n<!-- \/ Yoast SEO plugin. -->","yoast_head_json":{"title":"VILNIUS TECH Karjeros diena GRAVITY","description":"Karjeros diena \u2013 puiki proga \u012fmon\u0117ms susitikti su VILNIUS TECH bendruomene, tiesiogiai bendrauti su studentais ir \u012fdarbinti talentus.","robots":{"index":"index","follow":"follow","max-snippet":"max-snippet:-1","max-image-preview":"max-image-preview:large","max-video-preview":"max-video-preview:-1"},"canonical":"https:\/\/karjerosdienos.vilniustech.lt\/en\/","og_locale":"en_US","og_type":"article","og_title":"VILNIUS TECH Karjeros diena GRAVITY","og_description":"Karjeros diena \u2013 puiki proga \u012fmon\u0117ms susitikti su VILNIUS TECH bendruomene, tiesiogiai bendrauti su studentais ir \u012fdarbinti talentus.","og_url":"https:\/\/karjerosdienos.vilniustech.lt\/en\/","og_site_name":"VILNIUS TECH Karjeros diena GRAVITY","article_publisher":"https:\/\/www.facebook.com\/kolegijoskarjeroscentras","article_modified_time":"2026-04-16T07:35:55+00:00","twitter_card":"summary_large_image","twitter_misc":{"Est. reading time":"2 minutes"},"schema":{"@context":"https:\/\/schema.org","@graph":[{"@type":"WebPage","@id":"https:\/\/karjerosdienos.vilniustech.lt\/","url":"https:\/\/karjerosdienos.vilniustech.lt\/","name":"VILNIUS TECH Karjeros diena GRAVITY","isPartOf":{"@id":"https:\/\/karjerosdienos.vilniustech.lt\/#website"},"datePublished":"2024-03-20T06:00:57+00:00","dateModified":"2026-04-16T07:35:55+00:00","description":"Karjeros diena \u2013 puiki proga \u012fmon\u0117ms susitikti su VILNIUS TECH bendruomene, tiesiogiai bendrauti su studentais ir \u012fdarbinti talentus.","breadcrumb":{"@id":"https:\/\/karjerosdienos.vilniustech.lt\/#breadcrumb"},"inLanguage":"en-US","potentialAction":[{"@type":"ReadAction","target":["https:\/\/karjerosdienos.vilniustech.lt\/"]}]},{"@type":"BreadcrumbList","@id":"https:\/\/karjerosdienos.vilniustech.lt\/#breadcrumb","itemListElement":[{"@type":"ListItem","position":1,"name":"Home","item":"https:\/\/karjerosdienos.vilniustech.lt\/"},{"@type":"ListItem","position":2,"name":"Pagrindinis"}]},{"@type":"WebSite","@id":"https:\/\/karjerosdienos.vilniustech.lt\/#website","url":"https:\/\/karjerosdienos.vilniustech.lt\/","name":"VILNIUS TECH Karjeros diena GRAVITY","description":"VILNIUS TECH Karjeros diena GRAVITY","publisher":{"@id":"https:\/\/karjerosdienos.vilniustech.lt\/#organization"},"potentialAction":[{"@type":"SearchAction","target":{"@type":"EntryPoint","urlTemplate":"https:\/\/karjerosdienos.vilniustech.lt\/?s={search_term_string}"},"query-input":{"@type":"PropertyValueSpecification","valueRequired":true,"valueName":"search_term_string"}}],"inLanguage":"en-US"},{"@type":"Organization","@id":"https:\/\/karjerosdienos.vilniustech.lt\/#organization","name":"Karjeros dienos 2020","url":"https:\/\/karjerosdienos.vilniustech.lt\/","logo":{"@type":"ImageObject","inLanguage":"en-US","@id":"https:\/\/karjerosdienos.vilniustech.lt\/#\/schema\/logo\/image\/","url":"","contentUrl":"","caption":"Karjeros dienos 2020"},"image":{"@id":"https:\/\/karjerosdienos.vilniustech.lt\/#\/schema\/logo\/image\/"},"sameAs":["https:\/\/www.facebook.com\/kolegijoskarjeroscentras"]}]}},"_links":{"self":[{"href":"https:\/\/karjerosdienos.vilniustech.lt\/en\/wp-json\/wp\/v2\/pages\/180","targetHints":{"allow":["GET"]}}],"collection":[{"href":"https:\/\/karjerosdienos.vilniustech.lt\/en\/wp-json\/wp\/v2\/pages"}],"about":[{"href":"https:\/\/karjerosdienos.vilniustech.lt\/en\/wp-json\/wp\/v2\/types\/page"}],"author":[{"embeddable":true,"href":"https:\/\/karjerosdienos.vilniustech.lt\/en\/wp-json\/wp\/v2\/users\/1"}],"replies":[{"embeddable":true,"href":"https:\/\/karjerosdienos.vilniustech.lt\/en\/wp-json\/wp\/v2\/comments?post=180"}],"version-history":[{"count":259,"href":"https:\/\/karjerosdienos.vilniustech.lt\/en\/wp-json\/wp\/v2\/pages\/180\/revisions"}],"predecessor-version":[{"id":18698,"href":"https:\/\/karjerosdienos.vilniustech.lt\/en\/wp-json\/wp\/v2\/pages\/180\/revisions\/18698"}],"wp:attachment":[{"href":"https:\/\/karjerosdienos.vilniustech.lt\/en\/wp-json\/wp\/v2\/media?parent=180"}],"curies":[{"name":"wp","href":"https:\/\/api.w.org\/{rel}","templated":true}]}}