{"id":18402,"date":"2026-04-03T11:16:08","date_gmt":"2026-04-03T09:16:08","guid":{"rendered":"https:\/\/karjerosdienos.vilniustech.lt\/?page_id=18402"},"modified":"2026-04-03T11:53:39","modified_gmt":"2026-04-03T09:53:39","slug":"2026-m-programa","status":"publish","type":"page","link":"https:\/\/karjerosdienos.vilniustech.lt\/en\/2026-m-programa\/","title":{"rendered":"2026 m. programa"},"content":{"rendered":"<section class=\"wpb-content-wrapper\"><div class=\"vc_row wpb_row vc_row-fluid vc_row-o-content-top vc_row-flex\"><div class=\"wpb_column vc_column_container vc_col-sm-12\"><div class=\"vc_column-inner\"><div class=\"wpb_wrapper\">\n\t<div class=\"wpb_text_column wpb_content_element\" >\n\t\t<div class=\"wpb_wrapper\">\n\t\t\t<h1 style=\"text-align: center;\">2026<\/h1>\n\n\t\t<\/div>\n\t<\/div>\n<\/div><\/div><\/div><\/div><div class=\"vc_row wpb_row vc_row-fluid vc_row-o-content-top vc_row-flex\"><div class=\"wpb_column vc_column_container vc_col-sm-8\"><div class=\"vc_column-inner\"><div class=\"wpb_wrapper\">        <div class=\"row\">\r\n            <div class=\"col-md-12 careerfy-typo-wrap\">\r\n                <div class=\"careerfy-about-text\">\r\n                                            <h2 >Event program<\/h2>\r\n                                            <p ><span style=\"color: #000000;\"><strong>Event Theme:<\/strong> \u201cSocial Connections\u201d<\/span><\/p>\n<p><span style=\"color: #000000;\"><strong>Event location\u00a0<\/strong>VILNIUS TECH central building (Saul\u0117tekis av. 11, Vilnius)<\/span><\/p>\n<p><span style=\"color: #000000;\"><strong>Attending people<\/strong>: ~ 10 000<\/span><\/p>\n<p><span style=\"color: #000000;\"><strong>Format<\/strong>: exihibition + conference<\/span><\/p>\n<p><span style=\"color: #000000;\"><strong>GRAVITY<\/strong>\u00a0It is the mutual attraction center of scientific talents and leading businesses of the country, as well as modern organizations<\/span><\/p>\n<p><span style=\"color: #000000;\"><strong>Presenter:\u00a0<\/strong>Liepa Vasiliauskait\u0117<\/span><\/p>\n<p><span style=\"color: #000000;\"><strong>Language<\/strong>: Lithuanian \/ English<\/span><\/p>\r\n                                    <\/div>\r\n            <\/div>\r\n                    <\/div>\r\n        \n\t<div class=\"wpb_text_column wpb_content_element\" >\n\t\t<div class=\"wpb_wrapper\">\n\t\t\t<p><strong><span style=\"color: #000000;\">CONTACT FAIR: 11:00 AM \u2013 4:00 PM <\/span><\/strong><\/p>\n<p><span style=\"color: #000000;\">Auditorium A06<\/span><\/p>\n<p><span style=\"color: #000000;\">Presentation schedule:<\/span><\/p>\n<p><span style=\"color: #000000;\">11:00\u201311:15 AM. Opening and welcome speech<\/span><\/p>\n<p><span style=\"color: #000000;\">11:30-11:55 AM. Chief Human Resources Officer and Board Member Brigita Valen\u010dien\u0117.\u00a0<strong>\u201cConnections and Contacts \u2013 How to Start Your Career Engine?\u201d<\/strong> [LT]<\/span><\/p>\n<p class=\"translation-block\">12:00-12:25 PM. EPSO-G. Paulius Butkus, EPSO-G group head of strategy. \u201cThe Future of Energy and My Role in It\u201d [ENG]<\/p>\n<p><span style=\"color: #000000;\">12:30-13:05 val. Diskusija. Light Conversion atstovas Laurynas Tum\u0117nas, Citco \u012fmoni\u0173 administravimo paslaug\u0173 vykdomoji viceprezident\u0117 <span class=\"NormalTextRun SCXW140029733 BCX0\">Agn\u0117\u00a0<\/span><span class=\"NormalTextRun SpellingErrorV2Themed SCXW140029733 BCX0\">Kevelaitien\u0117<\/span>, VMG Technics mokym\u0173 ir ugdymo projekt\u0173 vadovas Mindaugas Gudelis. <strong>\u201eSocialiniai ry\u0161iai: kaip jie kuria karjer\u0105?\u201c<\/strong>\u00a0[ENG]<\/span><\/p>\n<p><span style=\"color: #000000;\">1:10-1:35 PM. CyberCare. Senior Customer Support Team Lead Simona Majauskait\u0117. <strong>\u201cBehind the Interview: What Hiring Managers Look For On Paper, In Person and In Relationships\u201d<\/strong> [ENG]<\/span><\/p>\n<p><span style=\"color: #000000;\">2:10\u20132:15 PM. Closing of the presentation area and farewell speech<\/span><\/p>\n\n\t\t<\/div>\n\t<\/div>\n<\/div><\/div><\/div><div class=\"wpb_column vc_column_container vc_col-sm-4\"><div class=\"vc_column-inner\"><div class=\"wpb_wrapper\">\n\t<div class=\"wpb_text_column wpb_content_element\" >\n\t\t<div class=\"wpb_wrapper\">\n\t\t\t<p style=\"text-align: center;\"><strong>Prane\u0161\u0117jai<\/strong><\/p>\n\n\t\t<\/div>\n\t<\/div>\n<div class=\"vc_row wpb_row vc_inner vc_row-fluid\"><div class=\"wpb_column vc_column_container vc_col-sm-4\"><div class=\"vc_column-inner\"><div class=\"wpb_wrapper\">\n\t<div  class=\"wpb_single_image wpb_content_element vc_align_center\">\n\t\t\n\t\t<figure class=\"wpb_wrapper vc_figure\">\n\t\t\t<a class=\"\" data-lightbox=\"lightbox[rel-18402-2261559877]\" href=\"https:\/\/karjerosdienos.vilniustech.lt\/wp-content\/uploads\/2026\/04\/Brigita-Valanciene.jpg\" target=\"_self\"><img fetchpriority=\"high\" decoding=\"async\" class=\"vc_single_image-img\" src=\"https:\/\/karjerosdienos.vilniustech.lt\/wp-content\/uploads\/2026\/04\/Brigita-Valanciene-200x265.jpg\" width=\"200\" height=\"265\" alt=\"\" title=\"\" \/><\/a>\n\t\t<\/figure>\n\t<\/div>\n\n\t<div class=\"wpb_text_column wpb_content_element\" >\n\t\t<div class=\"wpb_wrapper\">\n\t\t\t<p style=\"text-align: center;\"><span style=\"color: #000000;\">\u00a0<em>LTG group<\/em><\/span><\/p>\n<p style=\"text-align: center;\"><span style=\"color: #000000;\">Brigita Valan\u010dien\u0117<\/span><\/p>\n\n\t\t<\/div>\n\t<\/div>\n<\/div><\/div><\/div><div class=\"wpb_column vc_column_container vc_col-sm-4\"><div class=\"vc_column-inner\"><div class=\"wpb_wrapper\">\n\t<div  class=\"wpb_single_image wpb_content_element vc_align_center\">\n\t\t\n\t\t<figure class=\"wpb_wrapper vc_figure\">\n\t\t\t<a class=\"\" data-lightbox=\"lightbox[rel-18402-2188175500]\" href=\"https:\/\/karjerosdienos.vilniustech.lt\/wp-content\/uploads\/2026\/04\/Paulius-Butkus-1024x683.jpg\" target=\"_self\"><img decoding=\"async\" class=\"vc_single_image-img\" src=\"https:\/\/karjerosdienos.vilniustech.lt\/wp-content\/uploads\/2026\/04\/Paulius-Butkus-scaled-200x265.jpg\" width=\"200\" height=\"265\" alt=\"\" title=\"\" \/><\/a>\n\t\t<\/figure>\n\t<\/div>\n\n\t<div class=\"wpb_text_column wpb_content_element\" >\n\t\t<div class=\"wpb_wrapper\">\n\t\t\t<p style=\"text-align: center;\"><span style=\"color: #000000;\"><em>EPSO-G<\/em><\/span><\/p>\n<p style=\"text-align: center;\"><span style=\"color: #000000;\">Paulius Butkus<\/span><\/p>\n\n\t\t<\/div>\n\t<\/div>\n<\/div><\/div><\/div><div class=\"wpb_column vc_column_container vc_col-sm-4\"><div class=\"vc_column-inner\"><div class=\"wpb_wrapper\">\n\t<div  class=\"wpb_single_image wpb_content_element vc_align_center\">\n\t\t\n\t\t<figure class=\"wpb_wrapper vc_figure\">\n\t\t\t<div class=\"vc_single_image-wrapper   vc_box_border_grey\"><img decoding=\"async\" class=\"vc_single_image-img\" src=\"https:\/\/karjerosdienos.vilniustech.lt\/wp-content\/uploads\/2026\/04\/laurynas.tumenas-SmallFile-41-scaled-200x265.jpg\" width=\"200\" height=\"265\" alt=\"\" title=\"\" \/><\/div>\n\t\t<\/figure>\n\t<\/div>\n\n\t<div class=\"wpb_text_column wpb_content_element\" >\n\t\t<div class=\"wpb_wrapper\">\n\t\t\t<p style=\"text-align: center;\"><span style=\"color: #000000;\">Light Conversion<\/span><\/p>\n<p style=\"text-align: center;\"><span style=\"color: #000000;\"><em>Laurynas Tum\u0117nas<\/em><\/span><\/p>\n\n\t\t<\/div>\n\t<\/div>\n<\/div><\/div><\/div><\/div><div class=\"vc_row wpb_row vc_inner vc_row-fluid\"><div class=\"wpb_column vc_column_container vc_col-sm-4\"><div class=\"vc_column-inner\"><div class=\"wpb_wrapper\">\n\t<div  class=\"wpb_single_image wpb_content_element vc_align_center\">\n\t\t\n\t\t<figure class=\"wpb_wrapper vc_figure\">\n\t\t\t<a class=\"\" data-lightbox=\"lightbox[rel-18402-3986433371]\" href=\"https:\/\/karjerosdienos.vilniustech.lt\/wp-content\/uploads\/2026\/04\/Agne_036copy-1.jpg\" target=\"_self\"><img loading=\"lazy\" decoding=\"async\" class=\"vc_single_image-img\" src=\"https:\/\/karjerosdienos.vilniustech.lt\/wp-content\/uploads\/2026\/04\/Agne_036copy-1-200x265.jpg\" width=\"200\" height=\"265\" alt=\"Agne_036copy 1\" title=\"Agne_036copy 1\" \/><\/a>\n\t\t<\/figure>\n\t<\/div>\n\n\t<div class=\"wpb_text_column wpb_content_element\" >\n\t\t<div class=\"wpb_wrapper\">\n\t\t\t<p style=\"text-align: center;\"><span class=\"TextRun SCXW140029733 BCX0\" lang=\"EN-US\" style=\"color: #000000;\" xml:lang=\"EN-US\" data-contrast=\"auto\"><span class=\"NormalTextRun SCXW140029733 BCX0\">Citco<\/span><\/span><\/p>\n<p style=\"text-align: center;\"><span style=\"color: #000000;\"><em> Agn\u0117 <span class=\"TextRun SCXW140029733 BCX0\" lang=\"EN-US\" xml:lang=\"EN-US\" data-contrast=\"auto\"><span class=\"NormalTextRun SpellingErrorV2Themed SCXW140029733 BCX0\">Kevelaitien\u0117<\/span><\/span><\/em><\/span><\/p>\n\n\t\t<\/div>\n\t<\/div>\n<\/div><\/div><\/div><div class=\"wpb_column vc_column_container vc_col-sm-4\"><div class=\"vc_column-inner\"><div class=\"wpb_wrapper\">\n\t<div  class=\"wpb_single_image wpb_content_element vc_align_center\">\n\t\t\n\t\t<figure class=\"wpb_wrapper vc_figure\">\n\t\t\t<a class=\"\" data-lightbox=\"lightbox[rel-18402-1478737717]\" href=\"https:\/\/karjerosdienos.vilniustech.lt\/wp-content\/uploads\/2026\/04\/Simona-Majauskaite-1024x664.png\" target=\"_self\"><img loading=\"lazy\" decoding=\"async\" class=\"vc_single_image-img\" src=\"https:\/\/karjerosdienos.vilniustech.lt\/wp-content\/uploads\/2026\/04\/Simona-Majauskaite-200x265.png\" width=\"200\" height=\"265\" alt=\"\" title=\"\" \/><\/a>\n\t\t<\/figure>\n\t<\/div>\n\n\t<div class=\"wpb_text_column wpb_content_element\" >\n\t\t<div class=\"wpb_wrapper\">\n\t\t\t<p style=\"text-align: center;\"><span style=\"color: #000000;\">CyberCare<\/span><\/p>\n<p style=\"text-align: center;\"><span style=\"color: #000000;\"><em>Simona Majauskait\u0117<\/em><\/span><\/p>\n\n\t\t<\/div>\n\t<\/div>\n<\/div><\/div><\/div><div class=\"wpb_column vc_column_container vc_col-sm-4\"><div class=\"vc_column-inner\"><div class=\"wpb_wrapper\"><\/div><\/div><\/div><\/div>\n\t<div class=\"wpb_text_column wpb_content_element\" >\n\t\t<div class=\"wpb_wrapper\">\n\t\t\t\n\t\t<\/div>\n\t<\/div>\n<\/div><\/div><\/div><\/div>\n<\/section>","protected":false},"excerpt":{"rendered":"2026 Renginio programa Renginio tema: \u201eSocialiniai ry\u0161iai\u201c Renginio lokacija:\u00a0VILNIUS TECH centriniai r\u016bmai (Saul\u0117tekio al. 11, Vilnius) \u017dmoni\u0173 skai\u010dius: ~ 10 000 Formatas: paroda + konferencija GRAVITY\u00a0\u2013 tai mokslo talent\u0173 ir lyderiaujan\u010di\u0173 \u0161alies versl\u0173 bei moderni\u0173 organizacij\u0173 tarpusavio traukos centras. Ved\u0117jas:\u00a0Liepa Vasiliauskait\u0117 Kalba: Lietuvi\u0173 \/ Angl\u0173 KONTAKT\u0172 MUG\u0116: 11:00-16:00 val. Auditorija: A06 Prane\u0161im\u0173 laikai: 11:00-11:15 val....","protected":false},"author":1,"featured_media":0,"parent":0,"menu_order":0,"comment_status":"closed","ping_status":"closed","template":"","meta":{"footnotes":""},"class_list":["post-18402","page","type-page","status-publish","hentry"],"yoast_head":"<!-- This site is optimized with the Yoast SEO plugin v25.4 - https:\/\/yoast.com\/wordpress\/plugins\/seo\/ -->\n<title>2026 m. programa - VILNIUS TECH Karjeros diena GRAVITY<\/title>\n<meta name=\"description\" content=\"Generaliniai partneriai, Partneriai, Dalyviai, Draugai ir Renginio R\u0117m\u0117jai\" \/>\n<meta name=\"robots\" content=\"index, follow, max-snippet:-1, max-image-preview:large, max-video-preview:-1\" \/>\n<link rel=\"canonical\" href=\"https:\/\/karjerosdienos.vilniustech.lt\/en\/2026-m-programa\/\" \/>\n<meta property=\"og:locale\" content=\"en_US\" \/>\n<meta property=\"og:type\" content=\"article\" \/>\n<meta property=\"og:title\" content=\"2026 m. programa - VILNIUS TECH Karjeros diena GRAVITY\" \/>\n<meta property=\"og:description\" content=\"Generaliniai partneriai, Partneriai, Dalyviai, Draugai ir Renginio R\u0117m\u0117jai\" \/>\n<meta property=\"og:url\" content=\"https:\/\/karjerosdienos.vilniustech.lt\/en\/2026-m-programa\/\" \/>\n<meta property=\"og:site_name\" content=\"VILNIUS TECH Karjeros diena GRAVITY\" \/>\n<meta property=\"article:publisher\" content=\"https:\/\/www.facebook.com\/kolegijoskarjeroscentras\" \/>\n<meta property=\"article:modified_time\" content=\"2026-04-03T09:53:39+00:00\" \/>\n<meta name=\"twitter:card\" content=\"summary_large_image\" \/>\n<meta name=\"twitter:label1\" content=\"Est. reading time\" \/>\n\t<meta name=\"twitter:data1\" content=\"2 minutes\" \/>\n<script type=\"application\/ld+json\" class=\"yoast-schema-graph\">{\"@context\":\"https:\/\/schema.org\",\"@graph\":[{\"@type\":\"WebPage\",\"@id\":\"https:\/\/karjerosdienos.vilniustech.lt\/2026-m-programa\/\",\"url\":\"https:\/\/karjerosdienos.vilniustech.lt\/2026-m-programa\/\",\"name\":\"2026 m. programa - VILNIUS TECH Karjeros diena GRAVITY\",\"isPartOf\":{\"@id\":\"https:\/\/karjerosdienos.vilniustech.lt\/#website\"},\"datePublished\":\"2026-04-03T09:16:08+00:00\",\"dateModified\":\"2026-04-03T09:53:39+00:00\",\"description\":\"Generaliniai partneriai, Partneriai, Dalyviai, Draugai ir Renginio R\u0117m\u0117jai\",\"breadcrumb\":{\"@id\":\"https:\/\/karjerosdienos.vilniustech.lt\/2026-m-programa\/#breadcrumb\"},\"inLanguage\":\"en-US\",\"potentialAction\":[{\"@type\":\"ReadAction\",\"target\":[\"https:\/\/karjerosdienos.vilniustech.lt\/2026-m-programa\/\"]}]},{\"@type\":\"BreadcrumbList\",\"@id\":\"https:\/\/karjerosdienos.vilniustech.lt\/2026-m-programa\/#breadcrumb\",\"itemListElement\":[{\"@type\":\"ListItem\",\"position\":1,\"name\":\"Home\",\"item\":\"https:\/\/karjerosdienos.vilniustech.lt\/\"},{\"@type\":\"ListItem\",\"position\":2,\"name\":\"2026 m. programa\"}]},{\"@type\":\"WebSite\",\"@id\":\"https:\/\/karjerosdienos.vilniustech.lt\/#website\",\"url\":\"https:\/\/karjerosdienos.vilniustech.lt\/\",\"name\":\"VILNIUS TECH Karjeros diena GRAVITY\",\"description\":\"VILNIUS TECH Karjeros diena GRAVITY\",\"publisher\":{\"@id\":\"https:\/\/karjerosdienos.vilniustech.lt\/#organization\"},\"potentialAction\":[{\"@type\":\"SearchAction\",\"target\":{\"@type\":\"EntryPoint\",\"urlTemplate\":\"https:\/\/karjerosdienos.vilniustech.lt\/?s={search_term_string}\"},\"query-input\":{\"@type\":\"PropertyValueSpecification\",\"valueRequired\":true,\"valueName\":\"search_term_string\"}}],\"inLanguage\":\"en-US\"},{\"@type\":\"Organization\",\"@id\":\"https:\/\/karjerosdienos.vilniustech.lt\/#organization\",\"name\":\"Karjeros dienos 2020\",\"url\":\"https:\/\/karjerosdienos.vilniustech.lt\/\",\"logo\":{\"@type\":\"ImageObject\",\"inLanguage\":\"en-US\",\"@id\":\"https:\/\/karjerosdienos.vilniustech.lt\/#\/schema\/logo\/image\/\",\"url\":\"\",\"contentUrl\":\"\",\"caption\":\"Karjeros dienos 2020\"},\"image\":{\"@id\":\"https:\/\/karjerosdienos.vilniustech.lt\/#\/schema\/logo\/image\/\"},\"sameAs\":[\"https:\/\/www.facebook.com\/kolegijoskarjeroscentras\"]}]}<\/script>\n<!-- \/ Yoast SEO plugin. -->","yoast_head_json":{"title":"2026 m. programa - VILNIUS TECH Karjeros diena GRAVITY","description":"Generaliniai partneriai, Partneriai, Dalyviai, Draugai ir Renginio R\u0117m\u0117jai","robots":{"index":"index","follow":"follow","max-snippet":"max-snippet:-1","max-image-preview":"max-image-preview:large","max-video-preview":"max-video-preview:-1"},"canonical":"https:\/\/karjerosdienos.vilniustech.lt\/en\/2026-m-programa\/","og_locale":"en_US","og_type":"article","og_title":"2026 m. programa - VILNIUS TECH Karjeros diena GRAVITY","og_description":"Generaliniai partneriai, Partneriai, Dalyviai, Draugai ir Renginio R\u0117m\u0117jai","og_url":"https:\/\/karjerosdienos.vilniustech.lt\/en\/2026-m-programa\/","og_site_name":"VILNIUS TECH Karjeros diena GRAVITY","article_publisher":"https:\/\/www.facebook.com\/kolegijoskarjeroscentras","article_modified_time":"2026-04-03T09:53:39+00:00","twitter_card":"summary_large_image","twitter_misc":{"Est. reading time":"2 minutes"},"schema":{"@context":"https:\/\/schema.org","@graph":[{"@type":"WebPage","@id":"https:\/\/karjerosdienos.vilniustech.lt\/2026-m-programa\/","url":"https:\/\/karjerosdienos.vilniustech.lt\/2026-m-programa\/","name":"2026 m. programa - VILNIUS TECH Karjeros diena GRAVITY","isPartOf":{"@id":"https:\/\/karjerosdienos.vilniustech.lt\/#website"},"datePublished":"2026-04-03T09:16:08+00:00","dateModified":"2026-04-03T09:53:39+00:00","description":"Generaliniai partneriai, Partneriai, Dalyviai, Draugai ir Renginio R\u0117m\u0117jai","breadcrumb":{"@id":"https:\/\/karjerosdienos.vilniustech.lt\/2026-m-programa\/#breadcrumb"},"inLanguage":"en-US","potentialAction":[{"@type":"ReadAction","target":["https:\/\/karjerosdienos.vilniustech.lt\/2026-m-programa\/"]}]},{"@type":"BreadcrumbList","@id":"https:\/\/karjerosdienos.vilniustech.lt\/2026-m-programa\/#breadcrumb","itemListElement":[{"@type":"ListItem","position":1,"name":"Home","item":"https:\/\/karjerosdienos.vilniustech.lt\/"},{"@type":"ListItem","position":2,"name":"2026 m. programa"}]},{"@type":"WebSite","@id":"https:\/\/karjerosdienos.vilniustech.lt\/#website","url":"https:\/\/karjerosdienos.vilniustech.lt\/","name":"VILNIUS TECH Karjeros diena GRAVITY","description":"VILNIUS TECH Karjeros diena GRAVITY","publisher":{"@id":"https:\/\/karjerosdienos.vilniustech.lt\/#organization"},"potentialAction":[{"@type":"SearchAction","target":{"@type":"EntryPoint","urlTemplate":"https:\/\/karjerosdienos.vilniustech.lt\/?s={search_term_string}"},"query-input":{"@type":"PropertyValueSpecification","valueRequired":true,"valueName":"search_term_string"}}],"inLanguage":"en-US"},{"@type":"Organization","@id":"https:\/\/karjerosdienos.vilniustech.lt\/#organization","name":"Karjeros dienos 2020","url":"https:\/\/karjerosdienos.vilniustech.lt\/","logo":{"@type":"ImageObject","inLanguage":"en-US","@id":"https:\/\/karjerosdienos.vilniustech.lt\/#\/schema\/logo\/image\/","url":"","contentUrl":"","caption":"Karjeros dienos 2020"},"image":{"@id":"https:\/\/karjerosdienos.vilniustech.lt\/#\/schema\/logo\/image\/"},"sameAs":["https:\/\/www.facebook.com\/kolegijoskarjeroscentras"]}]}},"_links":{"self":[{"href":"https:\/\/karjerosdienos.vilniustech.lt\/en\/wp-json\/wp\/v2\/pages\/18402","targetHints":{"allow":["GET"]}}],"collection":[{"href":"https:\/\/karjerosdienos.vilniustech.lt\/en\/wp-json\/wp\/v2\/pages"}],"about":[{"href":"https:\/\/karjerosdienos.vilniustech.lt\/en\/wp-json\/wp\/v2\/types\/page"}],"author":[{"embeddable":true,"href":"https:\/\/karjerosdienos.vilniustech.lt\/en\/wp-json\/wp\/v2\/users\/1"}],"replies":[{"embeddable":true,"href":"https:\/\/karjerosdienos.vilniustech.lt\/en\/wp-json\/wp\/v2\/comments?post=18402"}],"version-history":[{"count":8,"href":"https:\/\/karjerosdienos.vilniustech.lt\/en\/wp-json\/wp\/v2\/pages\/18402\/revisions"}],"predecessor-version":[{"id":18417,"href":"https:\/\/karjerosdienos.vilniustech.lt\/en\/wp-json\/wp\/v2\/pages\/18402\/revisions\/18417"}],"wp:attachment":[{"href":"https:\/\/karjerosdienos.vilniustech.lt\/en\/wp-json\/wp\/v2\/media?parent=18402"}],"curies":[{"name":"wp","href":"https:\/\/api.w.org\/{rel}","templated":true}]}}