{"id":18578,"date":"2026-04-14T09:48:49","date_gmt":"2026-04-14T07:48:49","guid":{"rendered":"https:\/\/karjerosdienos.vilniustech.lt\/?page_id=18578"},"modified":"2026-04-15T08:52:59","modified_gmt":"2026-04-15T06:52:59","slug":"skaitmeniniu-zenkliuku-konkursas","status":"publish","type":"page","link":"https:\/\/karjerosdienos.vilniustech.lt\/en\/skaitmeniniu-zenkliuku-konkursas\/","title":{"rendered":"Skaitmeniniai \u017eenkliukai"},"content":{"rendered":"<section class=\"wpb-content-wrapper\"><div class=\"vc_row wpb_row vc_row-fluid\"><div class=\"wpb_column vc_column_container vc_col-sm-8\"><div class=\"vc_column-inner\"><div class=\"wpb_wrapper\">\n\t<div class=\"wpb_text_column wpb_content_element\" >\n\t\t<div class=\"wpb_wrapper\">\n\t\t\t<p><span style=\"color: #000000;\">During the GRAVITY Career Day 2026, a digital badges contest is organized with the aim of encouraging students\u2019 active participation in the event activities and providing an opportunity to win one of 30 prizes established by the event\u2019s general partners.<\/span><\/p>\n<p>&nbsp;<\/p>\n<p><strong><span style=\"color: #000000;\">HOW TO PARTICIPATE IN THE CONTEST?<\/span><\/strong><\/p>\n<p><span style=\"color: #000000;\"><a href=\"https:\/\/www.badgecraft.eu\/lt\/projects\/20584\">Spausk \u0161i\u0105 nuorod\u0105<\/a> arba skanuok QR kod\u0105 \u017eemiau esan\u010diame plakate, prisijunk prie savo BadgeWallet program\u0117l\u0117je arba badgecraft.eu tinklalapyje.<\/span><\/p>\n<p><span style=\"color: #000000;\">Review all GRAVITY digital badges and find out what needs to be done to earn them.<\/span><\/p>\n<p><span style=\"color: #000000;\">Complete the required tasks: attend presentations and discussions, visit company stands, reflect on the importance of social connections for your career, and more.<\/span><\/p>\n<p><span style=\"color: #000000;\">Collect all 7 GRAVITY digital badges and win one of the 30 contest prizes.<\/span><\/p>\n<p>&nbsp;<\/p>\n<p><strong><span style=\"color: #000000;\">HOW TO RECOGNIZE  LECTURE ATTENDANCE USING GRAVITY BADGES?<\/span><\/strong><\/p>\n<p><span style=\"color: #000000;\">Participation in the event may be recognized as lecture attendance for sessions held on April 16, 2026. To be eligible, students are required to obtain all three digital badges marked with the letters G, R, and A, which are awarded upon successful completion of the associated tasks:<\/span><\/p>\n<p><span style=\"color: #000000;\">attending at least one presentation,<\/span><\/p>\n<p><span style=\"color: #000000;\">visiting a company stand of interest,<\/span><\/p>\n<p><span style=\"color: #000000;\">completing a task provided by the general partner<\/span><\/p>\n<p><span style=\"color: #000000;\">Digital badges can be obtained only by creating an account using the participant\u2019s full name and university email address. The collected badges are stored in the digital badge wallet \u2013 the BadgeWallet app or the Badgecraft platform. Badges are considered earned only if they are marked with a confirmation check mark (\u2714\ufe0f). The evidence submitted by students is reviewed and approved by the Centre for Strategic Partnership.<\/span><\/p>\n<p><span style=\"color: #000000;\">For more information about the contest and attendance recognition contact: badge@vilniustech.lt. On the event day, visit the digital badges stand near the A03 auditorium.<\/span><\/p>\n\n\t\t<\/div>\n\t<\/div>\n<\/div><\/div><\/div><div class=\"wpb_column vc_column_container vc_col-sm-4\"><div class=\"vc_column-inner\"><div class=\"wpb_wrapper\"><div class=\"vc_btn3-container  wpb_animate_when_almost_visible wpb_bottom-to-top bottom-to-top vc_btn3-inline\" ><a class=\"vc_general vc_btn3 vc_btn3-size-lg vc_btn3-shape-rounded vc_btn3-style-3d vc_btn3-icon-left vc_btn3-color-black\" href=\"https:\/\/vilniustech.lt\/wp-content\/uploads\/2026\/04\/download-2.jpg\" title=\"PLAKATAS\"><i class=\"vc_btn3-icon fas fa-arrow-right\"><\/i> Digital badges QR<\/a><\/div><\/div><\/div><\/div><\/div>\n<\/section>","protected":false},"excerpt":{"rendered":"Karjeros dienos GRAVITY 2026 metu organizuojamas skaitmenini\u0173 \u017eenkliuk\u0173 konkursas, kurio tikslas \u2013 skatinti student\u0173 aktyv\u0173 dalyvavim\u0105 renginio veiklose ir sudaryti galimyb\u0119 laim\u0117ti vien\u0105 i\u0161 30 renginio generalini\u0173 partneri\u0173 \u012fsteigt\u0173 priz\u0173. &nbsp; KAIP DALYVAUTI KONKURSE? Spausk \u0161i\u0105 nuorod\u0105 arba skanuok QR kod\u0105 \u017eemiau esan\u010diame plakate, prisijunk prie savo BadgeWallet program\u0117l\u0117je arba badgecraft.eu tinklalapyje. Per\u017ei\u016br\u0117k visus GRAVITY...","protected":false},"author":1,"featured_media":0,"parent":0,"menu_order":0,"comment_status":"closed","ping_status":"closed","template":"","meta":{"footnotes":""},"class_list":["post-18578","page","type-page","status-publish","hentry"],"yoast_head":"<!-- This site is optimized with the Yoast SEO plugin v25.4 - https:\/\/yoast.com\/wordpress\/plugins\/seo\/ -->\n<title>Skaitmeniniai \u017eenkliukai - VILNIUS TECH Karjeros diena GRAVITY<\/title>\n<meta name=\"description\" content=\"Karjeros diena \u2013 puiki galimyb\u0117 kart\u0105 per metus \u012fmon\u0117ms susiburti vienoje vietoje ir tiesiogiai susipa\u017einti ne tik su universiteto bendruomene, bet ir su studentais. VILNIUS TECH ir verslo partneriai deda daug pastang\u0173, kad vystyt\u0173 bendradarbiavim\u0105. Visa tai tam, kad \u012fmoni\u0173 atstovai gal\u0117t\u0173 asmeni\u0161kai susipa\u017einti, bendrauti su studentais ir taip \u012fdarbinti talentus savo \u012fmon\u0117se\" \/>\n<meta name=\"robots\" content=\"index, follow, max-snippet:-1, max-image-preview:large, max-video-preview:-1\" \/>\n<link rel=\"canonical\" href=\"https:\/\/karjerosdienos.vilniustech.lt\/en\/skaitmeniniu-zenkliuku-konkursas\/\" \/>\n<meta property=\"og:locale\" content=\"en_US\" \/>\n<meta property=\"og:type\" content=\"article\" \/>\n<meta property=\"og:title\" content=\"Skaitmeniniai \u017eenkliukai - VILNIUS TECH Karjeros diena GRAVITY\" \/>\n<meta property=\"og:description\" content=\"Karjeros diena \u2013 puiki galimyb\u0117 kart\u0105 per metus \u012fmon\u0117ms susiburti vienoje vietoje ir tiesiogiai susipa\u017einti ne tik su universiteto bendruomene, bet ir su studentais. VILNIUS TECH ir verslo partneriai deda daug pastang\u0173, kad vystyt\u0173 bendradarbiavim\u0105. Visa tai tam, kad \u012fmoni\u0173 atstovai gal\u0117t\u0173 asmeni\u0161kai susipa\u017einti, bendrauti su studentais ir taip \u012fdarbinti talentus savo \u012fmon\u0117se\" \/>\n<meta property=\"og:url\" content=\"https:\/\/karjerosdienos.vilniustech.lt\/en\/skaitmeniniu-zenkliuku-konkursas\/\" \/>\n<meta property=\"og:site_name\" content=\"VILNIUS TECH Karjeros diena GRAVITY\" \/>\n<meta property=\"article:publisher\" content=\"https:\/\/www.facebook.com\/kolegijoskarjeroscentras\" \/>\n<meta property=\"article:modified_time\" content=\"2026-04-15T06:52:59+00:00\" \/>\n<meta name=\"twitter:card\" content=\"summary_large_image\" \/>\n<meta name=\"twitter:label1\" content=\"Est. reading time\" \/>\n\t<meta name=\"twitter:data1\" content=\"2 minutes\" \/>\n<script type=\"application\/ld+json\" class=\"yoast-schema-graph\">{\"@context\":\"https:\/\/schema.org\",\"@graph\":[{\"@type\":\"WebPage\",\"@id\":\"https:\/\/karjerosdienos.vilniustech.lt\/skaitmeniniu-zenkliuku-konkursas\/\",\"url\":\"https:\/\/karjerosdienos.vilniustech.lt\/skaitmeniniu-zenkliuku-konkursas\/\",\"name\":\"Skaitmeniniai \u017eenkliukai - VILNIUS TECH Karjeros diena GRAVITY\",\"isPartOf\":{\"@id\":\"https:\/\/karjerosdienos.vilniustech.lt\/#website\"},\"datePublished\":\"2026-04-14T07:48:49+00:00\",\"dateModified\":\"2026-04-15T06:52:59+00:00\",\"description\":\"Karjeros diena \u2013 puiki galimyb\u0117 kart\u0105 per metus \u012fmon\u0117ms susiburti vienoje vietoje ir tiesiogiai susipa\u017einti ne tik su universiteto bendruomene, bet ir su studentais. VILNIUS TECH ir verslo partneriai deda daug pastang\u0173, kad vystyt\u0173 bendradarbiavim\u0105. Visa tai tam, kad \u012fmoni\u0173 atstovai gal\u0117t\u0173 asmeni\u0161kai susipa\u017einti, bendrauti su studentais ir taip \u012fdarbinti talentus savo \u012fmon\u0117se\",\"breadcrumb\":{\"@id\":\"https:\/\/karjerosdienos.vilniustech.lt\/skaitmeniniu-zenkliuku-konkursas\/#breadcrumb\"},\"inLanguage\":\"en-US\",\"potentialAction\":[{\"@type\":\"ReadAction\",\"target\":[\"https:\/\/karjerosdienos.vilniustech.lt\/skaitmeniniu-zenkliuku-konkursas\/\"]}]},{\"@type\":\"BreadcrumbList\",\"@id\":\"https:\/\/karjerosdienos.vilniustech.lt\/skaitmeniniu-zenkliuku-konkursas\/#breadcrumb\",\"itemListElement\":[{\"@type\":\"ListItem\",\"position\":1,\"name\":\"Home\",\"item\":\"https:\/\/karjerosdienos.vilniustech.lt\/\"},{\"@type\":\"ListItem\",\"position\":2,\"name\":\"Skaitmeniniai \u017eenkliukai\"}]},{\"@type\":\"WebSite\",\"@id\":\"https:\/\/karjerosdienos.vilniustech.lt\/#website\",\"url\":\"https:\/\/karjerosdienos.vilniustech.lt\/\",\"name\":\"VILNIUS TECH Karjeros diena GRAVITY\",\"description\":\"VILNIUS TECH Karjeros diena GRAVITY\",\"publisher\":{\"@id\":\"https:\/\/karjerosdienos.vilniustech.lt\/#organization\"},\"potentialAction\":[{\"@type\":\"SearchAction\",\"target\":{\"@type\":\"EntryPoint\",\"urlTemplate\":\"https:\/\/karjerosdienos.vilniustech.lt\/?s={search_term_string}\"},\"query-input\":{\"@type\":\"PropertyValueSpecification\",\"valueRequired\":true,\"valueName\":\"search_term_string\"}}],\"inLanguage\":\"en-US\"},{\"@type\":\"Organization\",\"@id\":\"https:\/\/karjerosdienos.vilniustech.lt\/#organization\",\"name\":\"Karjeros dienos 2020\",\"url\":\"https:\/\/karjerosdienos.vilniustech.lt\/\",\"logo\":{\"@type\":\"ImageObject\",\"inLanguage\":\"en-US\",\"@id\":\"https:\/\/karjerosdienos.vilniustech.lt\/#\/schema\/logo\/image\/\",\"url\":\"\",\"contentUrl\":\"\",\"caption\":\"Karjeros dienos 2020\"},\"image\":{\"@id\":\"https:\/\/karjerosdienos.vilniustech.lt\/#\/schema\/logo\/image\/\"},\"sameAs\":[\"https:\/\/www.facebook.com\/kolegijoskarjeroscentras\"]}]}<\/script>\n<!-- \/ Yoast SEO plugin. -->","yoast_head_json":{"title":"Skaitmeniniai \u017eenkliukai - VILNIUS TECH Karjeros diena GRAVITY","description":"Karjeros diena \u2013 puiki galimyb\u0117 kart\u0105 per metus \u012fmon\u0117ms susiburti vienoje vietoje ir tiesiogiai susipa\u017einti ne tik su universiteto bendruomene, bet ir su studentais. VILNIUS TECH ir verslo partneriai deda daug pastang\u0173, kad vystyt\u0173 bendradarbiavim\u0105. Visa tai tam, kad \u012fmoni\u0173 atstovai gal\u0117t\u0173 asmeni\u0161kai susipa\u017einti, bendrauti su studentais ir taip \u012fdarbinti talentus savo \u012fmon\u0117se","robots":{"index":"index","follow":"follow","max-snippet":"max-snippet:-1","max-image-preview":"max-image-preview:large","max-video-preview":"max-video-preview:-1"},"canonical":"https:\/\/karjerosdienos.vilniustech.lt\/en\/skaitmeniniu-zenkliuku-konkursas\/","og_locale":"en_US","og_type":"article","og_title":"Skaitmeniniai \u017eenkliukai - VILNIUS TECH Karjeros diena GRAVITY","og_description":"Karjeros diena \u2013 puiki galimyb\u0117 kart\u0105 per metus \u012fmon\u0117ms susiburti vienoje vietoje ir tiesiogiai susipa\u017einti ne tik su universiteto bendruomene, bet ir su studentais. VILNIUS TECH ir verslo partneriai deda daug pastang\u0173, kad vystyt\u0173 bendradarbiavim\u0105. Visa tai tam, kad \u012fmoni\u0173 atstovai gal\u0117t\u0173 asmeni\u0161kai susipa\u017einti, bendrauti su studentais ir taip \u012fdarbinti talentus savo \u012fmon\u0117se","og_url":"https:\/\/karjerosdienos.vilniustech.lt\/en\/skaitmeniniu-zenkliuku-konkursas\/","og_site_name":"VILNIUS TECH Karjeros diena GRAVITY","article_publisher":"https:\/\/www.facebook.com\/kolegijoskarjeroscentras","article_modified_time":"2026-04-15T06:52:59+00:00","twitter_card":"summary_large_image","twitter_misc":{"Est. reading time":"2 minutes"},"schema":{"@context":"https:\/\/schema.org","@graph":[{"@type":"WebPage","@id":"https:\/\/karjerosdienos.vilniustech.lt\/skaitmeniniu-zenkliuku-konkursas\/","url":"https:\/\/karjerosdienos.vilniustech.lt\/skaitmeniniu-zenkliuku-konkursas\/","name":"Skaitmeniniai \u017eenkliukai - VILNIUS TECH Karjeros diena GRAVITY","isPartOf":{"@id":"https:\/\/karjerosdienos.vilniustech.lt\/#website"},"datePublished":"2026-04-14T07:48:49+00:00","dateModified":"2026-04-15T06:52:59+00:00","description":"Karjeros diena \u2013 puiki galimyb\u0117 kart\u0105 per metus \u012fmon\u0117ms susiburti vienoje vietoje ir tiesiogiai susipa\u017einti ne tik su universiteto bendruomene, bet ir su studentais. VILNIUS TECH ir verslo partneriai deda daug pastang\u0173, kad vystyt\u0173 bendradarbiavim\u0105. Visa tai tam, kad \u012fmoni\u0173 atstovai gal\u0117t\u0173 asmeni\u0161kai susipa\u017einti, bendrauti su studentais ir taip \u012fdarbinti talentus savo \u012fmon\u0117se","breadcrumb":{"@id":"https:\/\/karjerosdienos.vilniustech.lt\/skaitmeniniu-zenkliuku-konkursas\/#breadcrumb"},"inLanguage":"en-US","potentialAction":[{"@type":"ReadAction","target":["https:\/\/karjerosdienos.vilniustech.lt\/skaitmeniniu-zenkliuku-konkursas\/"]}]},{"@type":"BreadcrumbList","@id":"https:\/\/karjerosdienos.vilniustech.lt\/skaitmeniniu-zenkliuku-konkursas\/#breadcrumb","itemListElement":[{"@type":"ListItem","position":1,"name":"Home","item":"https:\/\/karjerosdienos.vilniustech.lt\/"},{"@type":"ListItem","position":2,"name":"Skaitmeniniai \u017eenkliukai"}]},{"@type":"WebSite","@id":"https:\/\/karjerosdienos.vilniustech.lt\/#website","url":"https:\/\/karjerosdienos.vilniustech.lt\/","name":"VILNIUS TECH Karjeros diena GRAVITY","description":"VILNIUS TECH Karjeros diena GRAVITY","publisher":{"@id":"https:\/\/karjerosdienos.vilniustech.lt\/#organization"},"potentialAction":[{"@type":"SearchAction","target":{"@type":"EntryPoint","urlTemplate":"https:\/\/karjerosdienos.vilniustech.lt\/?s={search_term_string}"},"query-input":{"@type":"PropertyValueSpecification","valueRequired":true,"valueName":"search_term_string"}}],"inLanguage":"en-US"},{"@type":"Organization","@id":"https:\/\/karjerosdienos.vilniustech.lt\/#organization","name":"Karjeros dienos 2020","url":"https:\/\/karjerosdienos.vilniustech.lt\/","logo":{"@type":"ImageObject","inLanguage":"en-US","@id":"https:\/\/karjerosdienos.vilniustech.lt\/#\/schema\/logo\/image\/","url":"","contentUrl":"","caption":"Karjeros dienos 2020"},"image":{"@id":"https:\/\/karjerosdienos.vilniustech.lt\/#\/schema\/logo\/image\/"},"sameAs":["https:\/\/www.facebook.com\/kolegijoskarjeroscentras"]}]}},"_links":{"self":[{"href":"https:\/\/karjerosdienos.vilniustech.lt\/en\/wp-json\/wp\/v2\/pages\/18578","targetHints":{"allow":["GET"]}}],"collection":[{"href":"https:\/\/karjerosdienos.vilniustech.lt\/en\/wp-json\/wp\/v2\/pages"}],"about":[{"href":"https:\/\/karjerosdienos.vilniustech.lt\/en\/wp-json\/wp\/v2\/types\/page"}],"author":[{"embeddable":true,"href":"https:\/\/karjerosdienos.vilniustech.lt\/en\/wp-json\/wp\/v2\/users\/1"}],"replies":[{"embeddable":true,"href":"https:\/\/karjerosdienos.vilniustech.lt\/en\/wp-json\/wp\/v2\/comments?post=18578"}],"version-history":[{"count":14,"href":"https:\/\/karjerosdienos.vilniustech.lt\/en\/wp-json\/wp\/v2\/pages\/18578\/revisions"}],"predecessor-version":[{"id":18616,"href":"https:\/\/karjerosdienos.vilniustech.lt\/en\/wp-json\/wp\/v2\/pages\/18578\/revisions\/18616"}],"wp:attachment":[{"href":"https:\/\/karjerosdienos.vilniustech.lt\/en\/wp-json\/wp\/v2\/media?parent=18578"}],"curies":[{"name":"wp","href":"https:\/\/api.w.org\/{rel}","templated":true}]}}