{"id":18824,"date":"2026-04-22T08:33:23","date_gmt":"2026-04-22T06:33:23","guid":{"rendered":"https:\/\/karjerosdienos.vilniustech.lt\/?page_id=18824"},"modified":"2026-04-22T08:49:58","modified_gmt":"2026-04-22T06:49:58","slug":"2026-m-nuotraukos","status":"publish","type":"page","link":"https:\/\/karjerosdienos.vilniustech.lt\/en\/2026-m-nuotraukos\/","title":{"rendered":"Nuotraukos 2026 m."},"content":{"rendered":"<section class=\"wpb-content-wrapper\"><div class=\"vc_row wpb_row vc_row-fluid vc_row-o-content-top vc_row-flex\"><div class=\"wpb_column vc_column_container vc_col-sm-12\"><div class=\"vc_column-inner\"><div class=\"wpb_wrapper\">\n\t<div class=\"wpb_text_column wpb_content_element\" >\n\t\t<div class=\"wpb_wrapper\">\n\t\t\t<h2><span style=\"color: #000000;\">Karjeros dienos GRAVITY 2026 akimirkos<\/span><\/h2>\n<p>&nbsp;<\/p>\n<p><span style=\"color: #000000;\">\u0160iemet dalyvavo apie 100 \u012fmoni\u0173 ir vir\u0161 10 000 student\u0173! Studentai tur\u0117jo galimyb\u0119 pabendrauti su potencialiais darbdaviais, su\u017einoti apie darbo, praktikos galimybes \u012fmon\u0117se, pasiklausyti prane\u0161im\u0173 bei diskusijos aktualiomis temomis, \u012fmon\u0117s savo komandas sustiprino VILNIUS TECH talentais. Kvie\u010diame pamatyti renginio akimirkas.<\/span><\/p>\n\n\t\t<\/div>\n\t<\/div>\n<\/div><\/div><\/div><\/div><div class=\"vc_row wpb_row vc_row-fluid\"><div class=\"wpb_column vc_column_container vc_col-sm-12\"><div class=\"vc_column-inner\"><div class=\"wpb_wrapper\"><div class=\"wpb_gallery wpb_content_element vc_clearfix\" ><div class=\"wpb_wrapper\"><div class=\"wpb_gallery_slides wpb_image_grid\" data-interval=\"3\"><ul class=\"wpb_image_grid_ul\"><li class=\"isotope-item\"><a class=\"\" href=\"https:\/\/karjerosdienos.vilniustech.lt\/wp-content\/uploads\/2026\/04\/Vilnius-Tech_047-1024x683.jpeg\" data-lightbox=\"lightbox[rel-18824-3562898550]\"><img decoding=\"async\" width=\"150\" height=\"150\" src=\"https:\/\/karjerosdienos.vilniustech.lt\/wp-content\/uploads\/2026\/04\/Vilnius-Tech_047-150x150.jpeg\" class=\"attachment-thumbnail\" alt=\"\" title=\"\" srcset=\"https:\/\/karjerosdienos.vilniustech.lt\/wp-content\/uploads\/2026\/04\/Vilnius-Tech_047-150x150.jpeg 150w, https:\/\/karjerosdienos.vilniustech.lt\/wp-content\/uploads\/2026\/04\/Vilnius-Tech_047-268x268.jpeg 268w\" sizes=\"(max-width: 150px) 100vw, 150px\" \/><\/a><\/li><li class=\"isotope-item\"><a class=\"\" href=\"https:\/\/karjerosdienos.vilniustech.lt\/wp-content\/uploads\/2026\/04\/Vilnius-Tech_017-1024x683.jpeg\" data-lightbox=\"lightbox[rel-18824-3562898550]\"><img decoding=\"async\" width=\"150\" height=\"150\" src=\"https:\/\/karjerosdienos.vilniustech.lt\/wp-content\/uploads\/2026\/04\/Vilnius-Tech_017-150x150.jpeg\" class=\"attachment-thumbnail\" alt=\"\" title=\"\" srcset=\"https:\/\/karjerosdienos.vilniustech.lt\/wp-content\/uploads\/2026\/04\/Vilnius-Tech_017-150x150.jpeg 150w, https:\/\/karjerosdienos.vilniustech.lt\/wp-content\/uploads\/2026\/04\/Vilnius-Tech_017-268x268.jpeg 268w\" sizes=\"(max-width: 150px) 100vw, 150px\" \/><\/a><\/li><li class=\"isotope-item\"><a class=\"\" href=\"https:\/\/karjerosdienos.vilniustech.lt\/wp-content\/uploads\/2026\/04\/Vilnius-Tech_007-1024x576.jpeg\" data-lightbox=\"lightbox[rel-18824-3562898550]\"><img decoding=\"async\" width=\"150\" height=\"150\" src=\"https:\/\/karjerosdienos.vilniustech.lt\/wp-content\/uploads\/2026\/04\/Vilnius-Tech_007-150x150.jpeg\" class=\"attachment-thumbnail\" alt=\"\" title=\"\" srcset=\"https:\/\/karjerosdienos.vilniustech.lt\/wp-content\/uploads\/2026\/04\/Vilnius-Tech_007-150x150.jpeg 150w, https:\/\/karjerosdienos.vilniustech.lt\/wp-content\/uploads\/2026\/04\/Vilnius-Tech_007-268x268.jpeg 268w\" sizes=\"(max-width: 150px) 100vw, 150px\" \/><\/a><\/li><li class=\"isotope-item\"><a class=\"\" href=\"https:\/\/karjerosdienos.vilniustech.lt\/wp-content\/uploads\/2026\/04\/DSC_3532-copy-1024x683.jpg\" data-lightbox=\"lightbox[rel-18824-3562898550]\"><img loading=\"lazy\" decoding=\"async\" width=\"150\" height=\"150\" src=\"https:\/\/karjerosdienos.vilniustech.lt\/wp-content\/uploads\/2026\/04\/DSC_3532-copy-150x150.jpg\" class=\"attachment-thumbnail\" alt=\"\" title=\"\" srcset=\"https:\/\/karjerosdienos.vilniustech.lt\/wp-content\/uploads\/2026\/04\/DSC_3532-copy-150x150.jpg 150w, https:\/\/karjerosdienos.vilniustech.lt\/wp-content\/uploads\/2026\/04\/DSC_3532-copy-268x268.jpg 268w\" sizes=\"(max-width: 150px) 100vw, 150px\" \/><\/a><\/li><li class=\"isotope-item\"><a class=\"\" href=\"https:\/\/karjerosdienos.vilniustech.lt\/wp-content\/uploads\/2026\/04\/DSC_4341-copy-1024x683.jpg\" data-lightbox=\"lightbox[rel-18824-3562898550]\"><img loading=\"lazy\" decoding=\"async\" width=\"150\" height=\"150\" src=\"https:\/\/karjerosdienos.vilniustech.lt\/wp-content\/uploads\/2026\/04\/DSC_4341-copy-150x150.jpg\" class=\"attachment-thumbnail\" alt=\"\" title=\"\" srcset=\"https:\/\/karjerosdienos.vilniustech.lt\/wp-content\/uploads\/2026\/04\/DSC_4341-copy-150x150.jpg 150w, https:\/\/karjerosdienos.vilniustech.lt\/wp-content\/uploads\/2026\/04\/DSC_4341-copy-268x268.jpg 268w\" sizes=\"(max-width: 150px) 100vw, 150px\" \/><\/a><\/li><li class=\"isotope-item\"><a class=\"\" href=\"https:\/\/karjerosdienos.vilniustech.lt\/wp-content\/uploads\/2026\/04\/DSC_4294-copy-1024x683.jpg\" data-lightbox=\"lightbox[rel-18824-3562898550]\"><img loading=\"lazy\" decoding=\"async\" width=\"150\" height=\"150\" src=\"https:\/\/karjerosdienos.vilniustech.lt\/wp-content\/uploads\/2026\/04\/DSC_4294-copy-150x150.jpg\" class=\"attachment-thumbnail\" alt=\"\" title=\"\" srcset=\"https:\/\/karjerosdienos.vilniustech.lt\/wp-content\/uploads\/2026\/04\/DSC_4294-copy-150x150.jpg 150w, https:\/\/karjerosdienos.vilniustech.lt\/wp-content\/uploads\/2026\/04\/DSC_4294-copy-268x268.jpg 268w\" sizes=\"(max-width: 150px) 100vw, 150px\" \/><\/a><\/li><li class=\"isotope-item\"><a class=\"\" href=\"https:\/\/karjerosdienos.vilniustech.lt\/wp-content\/uploads\/2026\/04\/DSC_4145-copy-1024x683.jpg\" data-lightbox=\"lightbox[rel-18824-3562898550]\"><img loading=\"lazy\" decoding=\"async\" width=\"150\" height=\"150\" src=\"https:\/\/karjerosdienos.vilniustech.lt\/wp-content\/uploads\/2026\/04\/DSC_4145-copy-150x150.jpg\" class=\"attachment-thumbnail\" alt=\"\" title=\"\" srcset=\"https:\/\/karjerosdienos.vilniustech.lt\/wp-content\/uploads\/2026\/04\/DSC_4145-copy-150x150.jpg 150w, https:\/\/karjerosdienos.vilniustech.lt\/wp-content\/uploads\/2026\/04\/DSC_4145-copy-268x268.jpg 268w\" sizes=\"(max-width: 150px) 100vw, 150px\" \/><\/a><\/li><li class=\"isotope-item\"><a class=\"\" href=\"https:\/\/karjerosdienos.vilniustech.lt\/wp-content\/uploads\/2026\/04\/DSC_4099-copy-1024x683.jpg\" data-lightbox=\"lightbox[rel-18824-3562898550]\"><img loading=\"lazy\" decoding=\"async\" width=\"150\" height=\"150\" src=\"https:\/\/karjerosdienos.vilniustech.lt\/wp-content\/uploads\/2026\/04\/DSC_4099-copy-150x150.jpg\" class=\"attachment-thumbnail\" alt=\"\" title=\"\" srcset=\"https:\/\/karjerosdienos.vilniustech.lt\/wp-content\/uploads\/2026\/04\/DSC_4099-copy-150x150.jpg 150w, https:\/\/karjerosdienos.vilniustech.lt\/wp-content\/uploads\/2026\/04\/DSC_4099-copy-268x268.jpg 268w\" sizes=\"(max-width: 150px) 100vw, 150px\" \/><\/a><\/li><li class=\"isotope-item\"><a class=\"\" href=\"https:\/\/karjerosdienos.vilniustech.lt\/wp-content\/uploads\/2026\/04\/DSC_3961-copy-1024x683.jpg\" data-lightbox=\"lightbox[rel-18824-3562898550]\"><img loading=\"lazy\" decoding=\"async\" width=\"150\" height=\"150\" src=\"https:\/\/karjerosdienos.vilniustech.lt\/wp-content\/uploads\/2026\/04\/DSC_3961-copy-150x150.jpg\" class=\"attachment-thumbnail\" alt=\"\" title=\"\" srcset=\"https:\/\/karjerosdienos.vilniustech.lt\/wp-content\/uploads\/2026\/04\/DSC_3961-copy-150x150.jpg 150w, https:\/\/karjerosdienos.vilniustech.lt\/wp-content\/uploads\/2026\/04\/DSC_3961-copy-268x268.jpg 268w\" sizes=\"(max-width: 150px) 100vw, 150px\" \/><\/a><\/li><li class=\"isotope-item\"><a class=\"\" href=\"https:\/\/karjerosdienos.vilniustech.lt\/wp-content\/uploads\/2026\/04\/DSC_3623-copy-1024x659.jpg\" data-lightbox=\"lightbox[rel-18824-3562898550]\"><img loading=\"lazy\" decoding=\"async\" width=\"150\" height=\"150\" src=\"https:\/\/karjerosdienos.vilniustech.lt\/wp-content\/uploads\/2026\/04\/DSC_3623-copy-150x150.jpg\" class=\"attachment-thumbnail\" alt=\"\" title=\"\" srcset=\"https:\/\/karjerosdienos.vilniustech.lt\/wp-content\/uploads\/2026\/04\/DSC_3623-copy-150x150.jpg 150w, https:\/\/karjerosdienos.vilniustech.lt\/wp-content\/uploads\/2026\/04\/DSC_3623-copy-268x268.jpg 268w\" sizes=\"(max-width: 150px) 100vw, 150px\" \/><\/a><\/li><li class=\"isotope-item\"><a class=\"\" href=\"https:\/\/karjerosdienos.vilniustech.lt\/wp-content\/uploads\/2026\/04\/DSC_3522-copy-1024x683.jpg\" data-lightbox=\"lightbox[rel-18824-3562898550]\"><img loading=\"lazy\" decoding=\"async\" width=\"150\" height=\"150\" src=\"https:\/\/karjerosdienos.vilniustech.lt\/wp-content\/uploads\/2026\/04\/DSC_3522-copy-150x150.jpg\" class=\"attachment-thumbnail\" alt=\"\" title=\"\" srcset=\"https:\/\/karjerosdienos.vilniustech.lt\/wp-content\/uploads\/2026\/04\/DSC_3522-copy-150x150.jpg 150w, https:\/\/karjerosdienos.vilniustech.lt\/wp-content\/uploads\/2026\/04\/DSC_3522-copy-268x268.jpg 268w\" sizes=\"(max-width: 150px) 100vw, 150px\" \/><\/a><\/li><li class=\"isotope-item\"><a class=\"\" href=\"https:\/\/karjerosdienos.vilniustech.lt\/wp-content\/uploads\/2026\/04\/DSC_4078-copy-1024x683.jpg\" data-lightbox=\"lightbox[rel-18824-3562898550]\"><img loading=\"lazy\" decoding=\"async\" width=\"150\" height=\"150\" src=\"https:\/\/karjerosdienos.vilniustech.lt\/wp-content\/uploads\/2026\/04\/DSC_4078-copy-150x150.jpg\" class=\"attachment-thumbnail\" alt=\"\" title=\"\" srcset=\"https:\/\/karjerosdienos.vilniustech.lt\/wp-content\/uploads\/2026\/04\/DSC_4078-copy-150x150.jpg 150w, https:\/\/karjerosdienos.vilniustech.lt\/wp-content\/uploads\/2026\/04\/DSC_4078-copy-268x268.jpg 268w\" sizes=\"(max-width: 150px) 100vw, 150px\" \/><\/a><\/li><li class=\"isotope-item\"><a class=\"\" href=\"https:\/\/karjerosdienos.vilniustech.lt\/wp-content\/uploads\/2026\/04\/DSC_3481-copy-1024x683.jpg\" data-lightbox=\"lightbox[rel-18824-3562898550]\"><img loading=\"lazy\" decoding=\"async\" width=\"150\" height=\"150\" src=\"https:\/\/karjerosdienos.vilniustech.lt\/wp-content\/uploads\/2026\/04\/DSC_3481-copy-150x150.jpg\" class=\"attachment-thumbnail\" alt=\"\" title=\"\" srcset=\"https:\/\/karjerosdienos.vilniustech.lt\/wp-content\/uploads\/2026\/04\/DSC_3481-copy-150x150.jpg 150w, https:\/\/karjerosdienos.vilniustech.lt\/wp-content\/uploads\/2026\/04\/DSC_3481-copy-268x268.jpg 268w\" sizes=\"(max-width: 150px) 100vw, 150px\" \/><\/a><\/li><li class=\"isotope-item\"><a class=\"\" href=\"https:\/\/karjerosdienos.vilniustech.lt\/wp-content\/uploads\/2026\/04\/DSC_3470-copy-1024x683.jpg\" data-lightbox=\"lightbox[rel-18824-3562898550]\"><img loading=\"lazy\" decoding=\"async\" width=\"150\" height=\"150\" src=\"https:\/\/karjerosdienos.vilniustech.lt\/wp-content\/uploads\/2026\/04\/DSC_3470-copy-150x150.jpg\" class=\"attachment-thumbnail\" alt=\"\" title=\"\" srcset=\"https:\/\/karjerosdienos.vilniustech.lt\/wp-content\/uploads\/2026\/04\/DSC_3470-copy-150x150.jpg 150w, https:\/\/karjerosdienos.vilniustech.lt\/wp-content\/uploads\/2026\/04\/DSC_3470-copy-268x268.jpg 268w\" sizes=\"(max-width: 150px) 100vw, 150px\" \/><\/a><\/li><\/ul><\/div><\/div><\/div><\/div><\/div><\/div><\/div><div class=\"vc_row wpb_row vc_row-fluid\"><div class=\"wpb_column vc_column_container vc_col-sm-12\"><div class=\"vc_column-inner\"><div class=\"wpb_wrapper\"><div class=\"vc_btn3-container vc_btn3-inline\" ><a class=\"vc_general vc_btn3 vc_btn3-size-lg vc_btn3-shape-rounded vc_btn3-style-3d vc_btn3-icon-left vc_btn3-color-sky\" href=\"https:\/\/vgtuitsc-my.sharepoint.com\/:f:\/g\/personal\/antanas_netrinskas_debesis_vgtu_lt\/IgCSJrTmZ_MxS6eYc0CPwbT4AfPCZGfnOg6VEElw_SmtFlA?e=cEajLn\" title=\"\"><i class=\"vc_btn3-icon fas fa-angle-double-right\"><\/i> HIGHLIGHTS OF THE EVENT<\/a><\/div><\/div><\/div><\/div><\/div><div class=\"vc_row wpb_row vc_row-fluid\"><div class=\"wpb_column vc_column_container vc_col-sm-12\"><div class=\"vc_column-inner\"><div class=\"wpb_wrapper\"><\/div><\/div><\/div><\/div>\n<\/section>","protected":false},"excerpt":{"rendered":"Karjeros dienos GRAVITY 2026 akimirkos &nbsp; \u0160iemet dalyvavo apie 100 \u012fmoni\u0173 ir vir\u0161 10 000 student\u0173! Studentai tur\u0117jo galimyb\u0119 pabendrauti su potencialiais darbdaviais, su\u017einoti apie darbo, praktikos galimybes \u012fmon\u0117se, pasiklausyti prane\u0161im\u0173 bei diskusijos aktualiomis temomis, \u012fmon\u0117s savo komandas sustiprino VILNIUS TECH talentais. Kvie\u010diame pamatyti renginio akimirkas. RENGINIO AKIMIRKOS","protected":false},"author":1,"featured_media":0,"parent":0,"menu_order":0,"comment_status":"closed","ping_status":"closed","template":"","meta":{"footnotes":""},"class_list":["post-18824","page","type-page","status-publish","hentry"],"yoast_head":"<!-- This site is optimized with the Yoast SEO plugin v25.4 - https:\/\/yoast.com\/wordpress\/plugins\/seo\/ -->\n<title>Nuotraukos 2026 m. - VILNIUS TECH Karjeros diena GRAVITY<\/title>\n<meta name=\"description\" content=\"Generaliniai partneriai, Partneriai, Dalyviai, Draugai ir Renginio R\u0117m\u0117jai\" \/>\n<meta name=\"robots\" content=\"index, follow, max-snippet:-1, max-image-preview:large, max-video-preview:-1\" \/>\n<link rel=\"canonical\" href=\"https:\/\/karjerosdienos.vilniustech.lt\/en\/2026-m-nuotraukos\/\" \/>\n<meta property=\"og:locale\" content=\"en_US\" \/>\n<meta property=\"og:type\" content=\"article\" \/>\n<meta property=\"og:title\" content=\"Nuotraukos 2026 m. - VILNIUS TECH Karjeros diena GRAVITY\" \/>\n<meta property=\"og:description\" content=\"Generaliniai partneriai, Partneriai, Dalyviai, Draugai ir Renginio R\u0117m\u0117jai\" \/>\n<meta property=\"og:url\" content=\"https:\/\/karjerosdienos.vilniustech.lt\/en\/2026-m-nuotraukos\/\" \/>\n<meta property=\"og:site_name\" content=\"VILNIUS TECH Karjeros diena GRAVITY\" \/>\n<meta property=\"article:publisher\" content=\"https:\/\/www.facebook.com\/kolegijoskarjeroscentras\" \/>\n<meta property=\"article:modified_time\" content=\"2026-04-22T06:49:58+00:00\" \/>\n<meta name=\"twitter:card\" content=\"summary_large_image\" \/>\n<meta name=\"twitter:label1\" content=\"Est. reading time\" \/>\n\t<meta name=\"twitter:data1\" content=\"4 minutes\" \/>\n<script type=\"application\/ld+json\" class=\"yoast-schema-graph\">{\"@context\":\"https:\/\/schema.org\",\"@graph\":[{\"@type\":\"WebPage\",\"@id\":\"https:\/\/karjerosdienos.vilniustech.lt\/2026-m-nuotraukos\/\",\"url\":\"https:\/\/karjerosdienos.vilniustech.lt\/2026-m-nuotraukos\/\",\"name\":\"Nuotraukos 2026 m. - VILNIUS TECH Karjeros diena GRAVITY\",\"isPartOf\":{\"@id\":\"https:\/\/karjerosdienos.vilniustech.lt\/#website\"},\"datePublished\":\"2026-04-22T06:33:23+00:00\",\"dateModified\":\"2026-04-22T06:49:58+00:00\",\"description\":\"Generaliniai partneriai, Partneriai, Dalyviai, Draugai ir Renginio R\u0117m\u0117jai\",\"breadcrumb\":{\"@id\":\"https:\/\/karjerosdienos.vilniustech.lt\/2026-m-nuotraukos\/#breadcrumb\"},\"inLanguage\":\"en-US\",\"potentialAction\":[{\"@type\":\"ReadAction\",\"target\":[\"https:\/\/karjerosdienos.vilniustech.lt\/2026-m-nuotraukos\/\"]}]},{\"@type\":\"BreadcrumbList\",\"@id\":\"https:\/\/karjerosdienos.vilniustech.lt\/2026-m-nuotraukos\/#breadcrumb\",\"itemListElement\":[{\"@type\":\"ListItem\",\"position\":1,\"name\":\"Home\",\"item\":\"https:\/\/karjerosdienos.vilniustech.lt\/\"},{\"@type\":\"ListItem\",\"position\":2,\"name\":\"Nuotraukos 2026 m.\"}]},{\"@type\":\"WebSite\",\"@id\":\"https:\/\/karjerosdienos.vilniustech.lt\/#website\",\"url\":\"https:\/\/karjerosdienos.vilniustech.lt\/\",\"name\":\"VILNIUS TECH Karjeros diena GRAVITY\",\"description\":\"VILNIUS TECH Karjeros diena GRAVITY\",\"publisher\":{\"@id\":\"https:\/\/karjerosdienos.vilniustech.lt\/#organization\"},\"potentialAction\":[{\"@type\":\"SearchAction\",\"target\":{\"@type\":\"EntryPoint\",\"urlTemplate\":\"https:\/\/karjerosdienos.vilniustech.lt\/?s={search_term_string}\"},\"query-input\":{\"@type\":\"PropertyValueSpecification\",\"valueRequired\":true,\"valueName\":\"search_term_string\"}}],\"inLanguage\":\"en-US\"},{\"@type\":\"Organization\",\"@id\":\"https:\/\/karjerosdienos.vilniustech.lt\/#organization\",\"name\":\"Karjeros dienos 2020\",\"url\":\"https:\/\/karjerosdienos.vilniustech.lt\/\",\"logo\":{\"@type\":\"ImageObject\",\"inLanguage\":\"en-US\",\"@id\":\"https:\/\/karjerosdienos.vilniustech.lt\/#\/schema\/logo\/image\/\",\"url\":\"\",\"contentUrl\":\"\",\"caption\":\"Karjeros dienos 2020\"},\"image\":{\"@id\":\"https:\/\/karjerosdienos.vilniustech.lt\/#\/schema\/logo\/image\/\"},\"sameAs\":[\"https:\/\/www.facebook.com\/kolegijoskarjeroscentras\"]}]}<\/script>\n<!-- \/ Yoast SEO plugin. -->","yoast_head_json":{"title":"Nuotraukos 2026 m. - VILNIUS TECH Karjeros diena GRAVITY","description":"Generaliniai partneriai, Partneriai, Dalyviai, Draugai ir Renginio R\u0117m\u0117jai","robots":{"index":"index","follow":"follow","max-snippet":"max-snippet:-1","max-image-preview":"max-image-preview:large","max-video-preview":"max-video-preview:-1"},"canonical":"https:\/\/karjerosdienos.vilniustech.lt\/en\/2026-m-nuotraukos\/","og_locale":"en_US","og_type":"article","og_title":"Nuotraukos 2026 m. - VILNIUS TECH Karjeros diena GRAVITY","og_description":"Generaliniai partneriai, Partneriai, Dalyviai, Draugai ir Renginio R\u0117m\u0117jai","og_url":"https:\/\/karjerosdienos.vilniustech.lt\/en\/2026-m-nuotraukos\/","og_site_name":"VILNIUS TECH Karjeros diena GRAVITY","article_publisher":"https:\/\/www.facebook.com\/kolegijoskarjeroscentras","article_modified_time":"2026-04-22T06:49:58+00:00","twitter_card":"summary_large_image","twitter_misc":{"Est. reading time":"4 minutes"},"schema":{"@context":"https:\/\/schema.org","@graph":[{"@type":"WebPage","@id":"https:\/\/karjerosdienos.vilniustech.lt\/2026-m-nuotraukos\/","url":"https:\/\/karjerosdienos.vilniustech.lt\/2026-m-nuotraukos\/","name":"Nuotraukos 2026 m. - VILNIUS TECH Karjeros diena GRAVITY","isPartOf":{"@id":"https:\/\/karjerosdienos.vilniustech.lt\/#website"},"datePublished":"2026-04-22T06:33:23+00:00","dateModified":"2026-04-22T06:49:58+00:00","description":"Generaliniai partneriai, Partneriai, Dalyviai, Draugai ir Renginio R\u0117m\u0117jai","breadcrumb":{"@id":"https:\/\/karjerosdienos.vilniustech.lt\/2026-m-nuotraukos\/#breadcrumb"},"inLanguage":"en-US","potentialAction":[{"@type":"ReadAction","target":["https:\/\/karjerosdienos.vilniustech.lt\/2026-m-nuotraukos\/"]}]},{"@type":"BreadcrumbList","@id":"https:\/\/karjerosdienos.vilniustech.lt\/2026-m-nuotraukos\/#breadcrumb","itemListElement":[{"@type":"ListItem","position":1,"name":"Home","item":"https:\/\/karjerosdienos.vilniustech.lt\/"},{"@type":"ListItem","position":2,"name":"Nuotraukos 2026 m."}]},{"@type":"WebSite","@id":"https:\/\/karjerosdienos.vilniustech.lt\/#website","url":"https:\/\/karjerosdienos.vilniustech.lt\/","name":"VILNIUS TECH Karjeros diena GRAVITY","description":"VILNIUS TECH Karjeros diena GRAVITY","publisher":{"@id":"https:\/\/karjerosdienos.vilniustech.lt\/#organization"},"potentialAction":[{"@type":"SearchAction","target":{"@type":"EntryPoint","urlTemplate":"https:\/\/karjerosdienos.vilniustech.lt\/?s={search_term_string}"},"query-input":{"@type":"PropertyValueSpecification","valueRequired":true,"valueName":"search_term_string"}}],"inLanguage":"en-US"},{"@type":"Organization","@id":"https:\/\/karjerosdienos.vilniustech.lt\/#organization","name":"Karjeros dienos 2020","url":"https:\/\/karjerosdienos.vilniustech.lt\/","logo":{"@type":"ImageObject","inLanguage":"en-US","@id":"https:\/\/karjerosdienos.vilniustech.lt\/#\/schema\/logo\/image\/","url":"","contentUrl":"","caption":"Karjeros dienos 2020"},"image":{"@id":"https:\/\/karjerosdienos.vilniustech.lt\/#\/schema\/logo\/image\/"},"sameAs":["https:\/\/www.facebook.com\/kolegijoskarjeroscentras"]}]}},"_links":{"self":[{"href":"https:\/\/karjerosdienos.vilniustech.lt\/en\/wp-json\/wp\/v2\/pages\/18824","targetHints":{"allow":["GET"]}}],"collection":[{"href":"https:\/\/karjerosdienos.vilniustech.lt\/en\/wp-json\/wp\/v2\/pages"}],"about":[{"href":"https:\/\/karjerosdienos.vilniustech.lt\/en\/wp-json\/wp\/v2\/types\/page"}],"author":[{"embeddable":true,"href":"https:\/\/karjerosdienos.vilniustech.lt\/en\/wp-json\/wp\/v2\/users\/1"}],"replies":[{"embeddable":true,"href":"https:\/\/karjerosdienos.vilniustech.lt\/en\/wp-json\/wp\/v2\/comments?post=18824"}],"version-history":[{"count":6,"href":"https:\/\/karjerosdienos.vilniustech.lt\/en\/wp-json\/wp\/v2\/pages\/18824\/revisions"}],"predecessor-version":[{"id":18847,"href":"https:\/\/karjerosdienos.vilniustech.lt\/en\/wp-json\/wp\/v2\/pages\/18824\/revisions\/18847"}],"wp:attachment":[{"href":"https:\/\/karjerosdienos.vilniustech.lt\/en\/wp-json\/wp\/v2\/media?parent=18824"}],"curies":[{"name":"wp","href":"https:\/\/api.w.org\/{rel}","templated":true}]}}