{"id":3548,"date":"2024-03-20T08:00:16","date_gmt":"2024-03-20T06:00:16","guid":{"rendered":"https:\/\/karjerosdienos.vilniustech.lt\/?page_id=3548"},"modified":"2024-11-06T14:23:25","modified_gmt":"2024-11-06T12:23:25","slug":"kaip-uzsiregistruoti","status":"publish","type":"page","link":"https:\/\/karjerosdienos.vilniustech.lt\/en\/kaip-uzsiregistruoti\/","title":{"rendered":"How to sign up?"},"content":{"rendered":"<section class=\"wpb-content-wrapper\"><div class=\"vc_row wpb_row vc_row-fluid vc_custom_1678741253318\"><div class=\"wpb_column vc_column_container vc_col-sm-12\"><div class=\"vc_column-inner\"><div class=\"wpb_wrapper\">\n\t<div class=\"wpb_text_column wpb_content_element\" >\n\t\t<div class=\"wpb_wrapper\">\n\t\t\t<p><span style=\"color: #000000; font-size: 14px; letter-spacing: 2px; text-transform: uppercase; display: inline-block; margin-bottom: 3px;\">INSTRUCTIONS FOR COMPANIES<\/span><\/p>\n<h2 style=\"color: #ffffff; font-size: 30px; margin-bottom: 18px; padding-bottom: 18px; font-weight: bold; line-height: 1.3; position: relative;\"><span style=\"color: #000000;\">How to use?<\/span><\/h2>\n\n\t\t<\/div>\n\t<\/div>\n\n\t<div class=\"wpb_text_column wpb_content_element\" >\n\t\t<div class=\"wpb_wrapper\">\n\t\t\t<p><iframe title=\"Karjeros dienos GRAVITY puslapio registracija\" width=\"980\" height=\"551\" src=\"https:\/\/www.youtube.com\/embed\/721jpxMpjys?feature=oembed\" frameborder=\"0\" allow=\"accelerometer; autoplay; clipboard-write; encrypted-media; gyroscope; picture-in-picture; web-share\" referrerpolicy=\"strict-origin-when-cross-origin\" allowfullscreen><\/iframe><\/p>\n\n\t\t<\/div>\n\t<\/div>\n<\/div><\/div><\/div><\/div><div class=\"vc_row wpb_row vc_row-fluid vc_custom_1721738435519 vc_row-has-fill\"><div class=\"wpb_column vc_column_container vc_col-sm-12\"><div class=\"vc_column-inner\"><div class=\"wpb_wrapper\">\n\t<div class=\"wpb_text_column wpb_content_element\" >\n\t\t<div class=\"wpb_wrapper\">\n\t\t\t<p><span style=\"color: #ffffff; font-size: 14px; letter-spacing: 2px; text-transform: uppercase; display: inline-block; margin-bottom: 3px;\">About<\/span><\/p>\n<h2 style=\"color: #ffffff; font-size: 30px; margin-bottom: 18px; padding-bottom: 18px; font-weight: bold; line-height: 1.3; position: relative;\">How it works?<\/h2>\n<p style=\"color: #ffffff;\">The website is designed <b>for students<\/b> to find out more about institutions\/companies\/organisations of interest, to make useful contacts for their career path, and to discover volunteering, internship and job opportunities.<br \/>\n<b>For companies\/institutions\/organisations<\/b> \u2013 it is a great place to showcase their activities, to advertise internships\/jobs and to meet young professionals.<\/p>\n\n\t\t<\/div>\n\t<\/div>\n<div class=\"careerfy-services careerfy-services-stylefive\"><ul class=\"row\">\r\n        \r\n        <li class=\"col-md-4\">\r\n\t\t\t<a href=\"#\"><img decoding=\"async\" src=\"https:\/\/royalpeacock.agency\/VT\/wp-content\/uploads\/2023\/03\/kandidatams-e1677949943902.png\" alt=\"\"><\/a>\r\n            <h2><a href=\"#\">INFORMATION FOR STUDENTS<\/a><\/h2>\r\n            <p>Create your tomorrow!<\/p>\n<p>Looking for new job opportunities, want to try your luck in the labour market? Don't wait and register! Find the latest and best job\/internship offers on this website. Let future employers know about you and apply for job and traineeship vacancies by uploading your CV and discover your career path!<\/p>\r\n        <\/li>\r\n        <li class=\"col-md-4\">\r\n\t\t\t<a href=\"#\"><img decoding=\"async\" src=\"https:\/\/royalpeacock.agency\/VT\/wp-content\/uploads\/2023\/03\/imonems-1-e1677950098656.webp\" alt=\"\"><\/a>\r\n            <h2><a href=\"#\">INFORMATION FOR COMPANIES \/ ORGANISATIONS<\/a><\/h2>\r\n            <p>Are you looking for new employees, to add young and talented professionals to your team? Register your company\/organisation and upload your job\/internship offers. Discover new talented employees who will bring new and great ideas!<\/p>\r\n        <\/li>\r\n        <li class=\"col-md-4\">\r\n\t\t\t<a href=\"#\"><img decoding=\"async\" src=\"https:\/\/royalpeacock.agency\/VT\/wp-content\/uploads\/2023\/03\/bendras-e1677949962153.png\" alt=\"\"><\/a>\r\n            <h2><a href=\"#\">GENERAL INFORMATION<\/a><\/h2>\r\n            <p>On this website, both employee and employer can find information that is useful to them. Student, discover your career path! Employer, don't hesitate to apply for vacancies, discover talented professionals who are ready and willing to work!<\/p>\r\n        <\/li>\r\n        <\/ul><\/div>\n<\/div><\/div><\/div><\/div>\n<\/section>","protected":false},"excerpt":{"rendered":"Instrukcija \u012fmon\u0117ms Kaip naudotis? Apie Kaip tai veikia? Internetinis puslapis skirtas studentams daugiau su\u017einoti apie dominan\u010dias \u012fstaigas \/ \u012fmones \/ organizacijas, u\u017emegzti karjeros keliui naudingus ry\u0161ius, atrasti savanoryst\u0117s, praktikos bei darbo galimybes. \u012emon\u0117ms \/ \u012fstaigoms \/ organizacijoms \u2013 puiki vieta pristatyti savo veikl\u0105, kelti praktikos \/ darbo skelbimus, susipa\u017einti su jaunaisiais specialistais. INFORMACIJA STUDENTAMS Susikurk...","protected":false},"author":1,"featured_media":0,"parent":0,"menu_order":0,"comment_status":"closed","ping_status":"closed","template":"","meta":{"footnotes":""},"class_list":["post-3548","page","type-page","status-publish","hentry"],"yoast_head":"<!-- This site is optimized with the Yoast SEO plugin v25.4 - https:\/\/yoast.com\/wordpress\/plugins\/seo\/ -->\n<title>Kaip u\u017esiregistruoti? - VILNIUS TECH Karjeros diena GRAVITY<\/title>\n<meta name=\"description\" content=\"Karjeros dienos GRAVITY platformoje galite kandidatuoti \u012f laisvas praktikos ir darbo vietas, dalyvauti virtualiame pokalbyje su b\u016bsimu darbdaviu, susipa\u017einti su savanori\u0161komis organizacijomis ir atrasti naujas karjeros galimybes.\" \/>\n<meta name=\"robots\" content=\"index, follow, max-snippet:-1, max-image-preview:large, max-video-preview:-1\" \/>\n<link rel=\"canonical\" href=\"https:\/\/karjerosdienos.vilniustech.lt\/en\/kaip-uzsiregistruoti\/\" \/>\n<meta property=\"og:locale\" content=\"en_US\" \/>\n<meta property=\"og:type\" content=\"article\" \/>\n<meta property=\"og:title\" content=\"Kaip u\u017esiregistruoti? - VILNIUS TECH Karjeros diena GRAVITY\" \/>\n<meta property=\"og:description\" content=\"Karjeros dienos GRAVITY platformoje galite kandidatuoti \u012f laisvas praktikos ir darbo vietas, dalyvauti virtualiame pokalbyje su b\u016bsimu darbdaviu, susipa\u017einti su savanori\u0161komis organizacijomis ir atrasti naujas karjeros galimybes.\" \/>\n<meta property=\"og:url\" content=\"https:\/\/karjerosdienos.vilniustech.lt\/en\/kaip-uzsiregistruoti\/\" \/>\n<meta property=\"og:site_name\" content=\"VILNIUS TECH Karjeros diena GRAVITY\" \/>\n<meta property=\"article:publisher\" content=\"https:\/\/www.facebook.com\/kolegijoskarjeroscentras\" \/>\n<meta property=\"article:modified_time\" content=\"2024-11-06T12:23:25+00:00\" \/>\n<meta name=\"twitter:card\" content=\"summary_large_image\" \/>\n<meta name=\"twitter:label1\" content=\"Est. reading time\" \/>\n\t<meta name=\"twitter:data1\" content=\"2 minutes\" \/>\n<script type=\"application\/ld+json\" class=\"yoast-schema-graph\">{\"@context\":\"https:\/\/schema.org\",\"@graph\":[{\"@type\":\"WebPage\",\"@id\":\"https:\/\/karjerosdienos.vilniustech.lt\/kaip-uzsiregistruoti\/\",\"url\":\"https:\/\/karjerosdienos.vilniustech.lt\/kaip-uzsiregistruoti\/\",\"name\":\"Kaip u\u017esiregistruoti? - VILNIUS TECH Karjeros diena GRAVITY\",\"isPartOf\":{\"@id\":\"https:\/\/karjerosdienos.vilniustech.lt\/#website\"},\"datePublished\":\"2024-03-20T06:00:16+00:00\",\"dateModified\":\"2024-11-06T12:23:25+00:00\",\"description\":\"Karjeros dienos GRAVITY platformoje galite kandidatuoti \u012f laisvas praktikos ir darbo vietas, dalyvauti virtualiame pokalbyje su b\u016bsimu darbdaviu, susipa\u017einti su savanori\u0161komis organizacijomis ir atrasti naujas karjeros galimybes.\",\"breadcrumb\":{\"@id\":\"https:\/\/karjerosdienos.vilniustech.lt\/kaip-uzsiregistruoti\/#breadcrumb\"},\"inLanguage\":\"en-US\",\"potentialAction\":[{\"@type\":\"ReadAction\",\"target\":[\"https:\/\/karjerosdienos.vilniustech.lt\/kaip-uzsiregistruoti\/\"]}]},{\"@type\":\"BreadcrumbList\",\"@id\":\"https:\/\/karjerosdienos.vilniustech.lt\/kaip-uzsiregistruoti\/#breadcrumb\",\"itemListElement\":[{\"@type\":\"ListItem\",\"position\":1,\"name\":\"Home\",\"item\":\"https:\/\/karjerosdienos.vilniustech.lt\/\"},{\"@type\":\"ListItem\",\"position\":2,\"name\":\"Kaip u\u017esiregistruoti?\"}]},{\"@type\":\"WebSite\",\"@id\":\"https:\/\/karjerosdienos.vilniustech.lt\/#website\",\"url\":\"https:\/\/karjerosdienos.vilniustech.lt\/\",\"name\":\"VILNIUS TECH Karjeros diena GRAVITY\",\"description\":\"VILNIUS TECH Karjeros diena GRAVITY\",\"publisher\":{\"@id\":\"https:\/\/karjerosdienos.vilniustech.lt\/#organization\"},\"potentialAction\":[{\"@type\":\"SearchAction\",\"target\":{\"@type\":\"EntryPoint\",\"urlTemplate\":\"https:\/\/karjerosdienos.vilniustech.lt\/?s={search_term_string}\"},\"query-input\":{\"@type\":\"PropertyValueSpecification\",\"valueRequired\":true,\"valueName\":\"search_term_string\"}}],\"inLanguage\":\"en-US\"},{\"@type\":\"Organization\",\"@id\":\"https:\/\/karjerosdienos.vilniustech.lt\/#organization\",\"name\":\"Karjeros dienos 2020\",\"url\":\"https:\/\/karjerosdienos.vilniustech.lt\/\",\"logo\":{\"@type\":\"ImageObject\",\"inLanguage\":\"en-US\",\"@id\":\"https:\/\/karjerosdienos.vilniustech.lt\/#\/schema\/logo\/image\/\",\"url\":\"\",\"contentUrl\":\"\",\"caption\":\"Karjeros dienos 2020\"},\"image\":{\"@id\":\"https:\/\/karjerosdienos.vilniustech.lt\/#\/schema\/logo\/image\/\"},\"sameAs\":[\"https:\/\/www.facebook.com\/kolegijoskarjeroscentras\"]}]}<\/script>\n<!-- \/ Yoast SEO plugin. -->","yoast_head_json":{"title":"Kaip u\u017esiregistruoti? - VILNIUS TECH Karjeros diena GRAVITY","description":"Karjeros dienos GRAVITY platformoje galite kandidatuoti \u012f laisvas praktikos ir darbo vietas, dalyvauti virtualiame pokalbyje su b\u016bsimu darbdaviu, susipa\u017einti su savanori\u0161komis organizacijomis ir atrasti naujas karjeros galimybes.","robots":{"index":"index","follow":"follow","max-snippet":"max-snippet:-1","max-image-preview":"max-image-preview:large","max-video-preview":"max-video-preview:-1"},"canonical":"https:\/\/karjerosdienos.vilniustech.lt\/en\/kaip-uzsiregistruoti\/","og_locale":"en_US","og_type":"article","og_title":"Kaip u\u017esiregistruoti? - VILNIUS TECH Karjeros diena GRAVITY","og_description":"Karjeros dienos GRAVITY platformoje galite kandidatuoti \u012f laisvas praktikos ir darbo vietas, dalyvauti virtualiame pokalbyje su b\u016bsimu darbdaviu, susipa\u017einti su savanori\u0161komis organizacijomis ir atrasti naujas karjeros galimybes.","og_url":"https:\/\/karjerosdienos.vilniustech.lt\/en\/kaip-uzsiregistruoti\/","og_site_name":"VILNIUS TECH Karjeros diena GRAVITY","article_publisher":"https:\/\/www.facebook.com\/kolegijoskarjeroscentras","article_modified_time":"2024-11-06T12:23:25+00:00","twitter_card":"summary_large_image","twitter_misc":{"Est. reading time":"2 minutes"},"schema":{"@context":"https:\/\/schema.org","@graph":[{"@type":"WebPage","@id":"https:\/\/karjerosdienos.vilniustech.lt\/kaip-uzsiregistruoti\/","url":"https:\/\/karjerosdienos.vilniustech.lt\/kaip-uzsiregistruoti\/","name":"Kaip u\u017esiregistruoti? - VILNIUS TECH Karjeros diena GRAVITY","isPartOf":{"@id":"https:\/\/karjerosdienos.vilniustech.lt\/#website"},"datePublished":"2024-03-20T06:00:16+00:00","dateModified":"2024-11-06T12:23:25+00:00","description":"Karjeros dienos GRAVITY platformoje galite kandidatuoti \u012f laisvas praktikos ir darbo vietas, dalyvauti virtualiame pokalbyje su b\u016bsimu darbdaviu, susipa\u017einti su savanori\u0161komis organizacijomis ir atrasti naujas karjeros galimybes.","breadcrumb":{"@id":"https:\/\/karjerosdienos.vilniustech.lt\/kaip-uzsiregistruoti\/#breadcrumb"},"inLanguage":"en-US","potentialAction":[{"@type":"ReadAction","target":["https:\/\/karjerosdienos.vilniustech.lt\/kaip-uzsiregistruoti\/"]}]},{"@type":"BreadcrumbList","@id":"https:\/\/karjerosdienos.vilniustech.lt\/kaip-uzsiregistruoti\/#breadcrumb","itemListElement":[{"@type":"ListItem","position":1,"name":"Home","item":"https:\/\/karjerosdienos.vilniustech.lt\/"},{"@type":"ListItem","position":2,"name":"Kaip u\u017esiregistruoti?"}]},{"@type":"WebSite","@id":"https:\/\/karjerosdienos.vilniustech.lt\/#website","url":"https:\/\/karjerosdienos.vilniustech.lt\/","name":"VILNIUS TECH Karjeros diena GRAVITY","description":"VILNIUS TECH Karjeros diena GRAVITY","publisher":{"@id":"https:\/\/karjerosdienos.vilniustech.lt\/#organization"},"potentialAction":[{"@type":"SearchAction","target":{"@type":"EntryPoint","urlTemplate":"https:\/\/karjerosdienos.vilniustech.lt\/?s={search_term_string}"},"query-input":{"@type":"PropertyValueSpecification","valueRequired":true,"valueName":"search_term_string"}}],"inLanguage":"en-US"},{"@type":"Organization","@id":"https:\/\/karjerosdienos.vilniustech.lt\/#organization","name":"Karjeros dienos 2020","url":"https:\/\/karjerosdienos.vilniustech.lt\/","logo":{"@type":"ImageObject","inLanguage":"en-US","@id":"https:\/\/karjerosdienos.vilniustech.lt\/#\/schema\/logo\/image\/","url":"","contentUrl":"","caption":"Karjeros dienos 2020"},"image":{"@id":"https:\/\/karjerosdienos.vilniustech.lt\/#\/schema\/logo\/image\/"},"sameAs":["https:\/\/www.facebook.com\/kolegijoskarjeroscentras"]}]}},"_links":{"self":[{"href":"https:\/\/karjerosdienos.vilniustech.lt\/en\/wp-json\/wp\/v2\/pages\/3548","targetHints":{"allow":["GET"]}}],"collection":[{"href":"https:\/\/karjerosdienos.vilniustech.lt\/en\/wp-json\/wp\/v2\/pages"}],"about":[{"href":"https:\/\/karjerosdienos.vilniustech.lt\/en\/wp-json\/wp\/v2\/types\/page"}],"author":[{"embeddable":true,"href":"https:\/\/karjerosdienos.vilniustech.lt\/en\/wp-json\/wp\/v2\/users\/1"}],"replies":[{"embeddable":true,"href":"https:\/\/karjerosdienos.vilniustech.lt\/en\/wp-json\/wp\/v2\/comments?post=3548"}],"version-history":[{"count":16,"href":"https:\/\/karjerosdienos.vilniustech.lt\/en\/wp-json\/wp\/v2\/pages\/3548\/revisions"}],"predecessor-version":[{"id":5340,"href":"https:\/\/karjerosdienos.vilniustech.lt\/en\/wp-json\/wp\/v2\/pages\/3548\/revisions\/5340"}],"wp:attachment":[{"href":"https:\/\/karjerosdienos.vilniustech.lt\/en\/wp-json\/wp\/v2\/media?parent=3548"}],"curies":[{"name":"wp","href":"https:\/\/api.w.org\/{rel}","templated":true}]}}