{"id":4588,"date":"2024-04-10T09:57:15","date_gmt":"2024-04-10T07:57:15","guid":{"rendered":"https:\/\/karjerosdienos.vilniustech.lt\/?page_id=4588"},"modified":"2025-03-27T15:45:24","modified_gmt":"2025-03-27T13:45:24","slug":"diskusiju-zona","status":"publish","type":"page","link":"https:\/\/karjerosdienos.vilniustech.lt\/en\/diskusiju-zona\/","title":{"rendered":"2024"},"content":{"rendered":"<section class=\"wpb-content-wrapper\"><div class=\"vc_row wpb_row vc_row-fluid vc_row-o-content-top vc_row-flex\"><div class=\"wpb_column vc_column_container vc_col-sm-12\"><div class=\"vc_column-inner\"><div class=\"wpb_wrapper\">\n\t<div class=\"wpb_text_column wpb_content_element\" >\n\t\t<div class=\"wpb_wrapper\">\n\t\t\t<h1 style=\"text-align: center;\">2024<\/h1>\n\n\t\t<\/div>\n\t<\/div>\n<\/div><\/div><\/div><\/div><div class=\"vc_row wpb_row vc_row-fluid vc_row-o-content-top vc_row-flex\"><div class=\"wpb_column vc_column_container vc_col-sm-8\"><div class=\"vc_column-inner\"><div class=\"wpb_wrapper\">        <div class=\"row\">\r\n            <div class=\"col-md-12 careerfy-typo-wrap\">\r\n                <div class=\"careerfy-about-text\">\r\n                                            <h2 >Event program<\/h2>\r\n                                            <p ><span style=\"color: #000000;\"><strong>Event location\u00a0<\/strong>VILNIUS TECH central building (Saul\u0117tekis av. 11, Vilnius)<\/span><\/p>\n<p><span style=\"color: #000000;\"><strong>Attending people<\/strong>: 5 000 \u2013 10 000<\/span><\/p>\n<p><span style=\"color: #000000;\"><strong>Format<\/strong>: exihibition + conference<\/span><\/p>\n<p><span style=\"color: #000000;\"><strong>GRAVITY<\/strong>\u00a0It is the mutual attraction center of scientific talents and leading businesses of the country, as well as modern organizations<\/span><\/p>\n<p><span style=\"color: #000000;\"><strong>Presenter:\u00a0<\/strong>Paul De Miko \u2013 Paulius Mikolaitis<\/span><\/p>\n<p><span style=\"color: #000000;\"><strong>Language<\/strong>: Lithuanian \/ English<\/span><\/p>\r\n                                    <\/div>\r\n            <\/div>\r\n                    <\/div>\r\n        \n\t<div class=\"wpb_text_column wpb_content_element\" >\n\t\t<div class=\"wpb_wrapper\">\n\t\t\t<p><span style=\"color: #000000;\"><strong>11:00-11:15<\/strong> Start of the event and rector\u2019s Romualdas Kliukas welcome speech<\/span><\/p>\n<p><span style=\"color: #000000;\"><strong>11:15-12:00<\/strong> Discussion. Lietuvos Gele\u017einkeliai (Lithuanian Railways). Director of Technology Vytautas Bitinas. \u201eTime to forget what you knew about railways?\u201d (LT)<\/span><\/p>\n<p><span style=\"color: #000000;\"><strong>12:00-12:15<\/strong> Break<\/span><\/p>\n<p><span style=\"color: #000000;\"><strong>12:15-12:45<\/strong> Discussion. FL Technics. General Director \u017dilvinas Lapinskas. \u201eFrom landing a plane for repairs to take-off \u2013 Where does your career fit?\u201d (LT)<\/span><\/p>\n<p><span style=\"color: #000000;\"><strong>12:45-13:00<\/strong> Break<\/span><\/p>\n<p><span style=\"color: #000000;\"><strong>13:00-13:35<\/strong> Discussion. VILNIUS TECH. Digital Badges Project Manager Ingrida Le\u0161\u010dauskien\u0117. \u201eThe most wanted skills in the labour market\u201d<\/span><span style=\"color: #000000;\">\u00a0Alumni digital badge scholarship awards. Ignitis Grup\u0117. Ignitis groups head of the #EnergySmartSTART program Giedr\u0117 \u017dlibinien\u0117. VILNIUS TECH Alumni President, Scania Lietuva General Director Darius Snie\u0161ka and Lithuanian Game Developers Association Project Manager Ri\u010dardas Ja\u0161\u010demskas. (LT)<\/span><\/p>\n<p><span style=\"color: #000000;\"><strong>13:35-13:50<\/strong> Break<\/span><\/p>\n<p><span style=\"color: #000000;\"><strong>13:50-14:30<\/strong> <span style=\"color: #0000ff;\">Discussion. EPAM Systems. Head of the software engineering group and head of the .Net practice in Lithuania and Latvia Vaidas Karalevi\u010dius. \u201eInterview Practical Showcase: Simulation of an interview at a global company to prepare for challenges and simplify complexities\u201c (EN)<\/span><\/span><\/p>\n<p><span style=\"color: #000000;\"><strong>14:30-14:45<\/strong> Break<\/span><\/p>\n<p><span style=\"color: #000000;\"><strong>14:45-15:05<\/strong><span style=\"color: #0000ff;\"> Discussion. Southwestern Advantage. Company founder and Director Ryan Davis. \u201ePrinciples of success as young professional\u201c (EN)<\/span><\/span><\/p>\n<p><span style=\"color: #000000;\"><strong>15:05-15:20<\/strong> Break<\/span><\/p>\n<p><span style=\"color: #000000;\"><strong>15:20-15:50<\/strong> Discussion. Grigeo group. Technical manager Modestas Skierus. Production code: \u201eMyths and reality\u201d (LT)<em>\u201c<\/em><\/span><\/p>\n<p><span style=\"color: #000000;\"><strong>15:50-16:00<\/strong> Conclusions and farewells<\/span><\/p>\n\n\t\t<\/div>\n\t<\/div>\n<\/div><\/div><\/div><div class=\"wpb_column vc_column_container vc_col-sm-4\"><div class=\"vc_column-inner\"><div class=\"wpb_wrapper\">\n\t<div  class=\"wpb_single_image wpb_content_element vc_align_center\">\n\t\t\n\t\t<figure class=\"wpb_wrapper vc_figure\">\n\t\t\t<div class=\"vc_single_image-wrapper   vc_box_border_grey\"><img fetchpriority=\"high\" decoding=\"async\" width=\"980\" height=\"980\" src=\"https:\/\/karjerosdienos.vilniustech.lt\/wp-content\/uploads\/2024\/04\/IMG_5396-2.jpeg\" class=\"vc_single_image-img attachment-large\" alt=\"\" title=\"\" srcset=\"https:\/\/karjerosdienos.vilniustech.lt\/wp-content\/uploads\/2024\/04\/IMG_5396-2.jpeg 1000w, https:\/\/karjerosdienos.vilniustech.lt\/wp-content\/uploads\/2024\/04\/IMG_5396-2-300x300.jpeg 300w, https:\/\/karjerosdienos.vilniustech.lt\/wp-content\/uploads\/2024\/04\/IMG_5396-2-150x150.jpeg 150w, https:\/\/karjerosdienos.vilniustech.lt\/wp-content\/uploads\/2024\/04\/IMG_5396-2-768x768.jpeg 768w, https:\/\/karjerosdienos.vilniustech.lt\/wp-content\/uploads\/2024\/04\/IMG_5396-2-268x268.jpeg 268w, https:\/\/karjerosdienos.vilniustech.lt\/wp-content\/uploads\/2024\/04\/IMG_5396-2-600x600.jpeg 600w, https:\/\/karjerosdienos.vilniustech.lt\/wp-content\/uploads\/2024\/04\/IMG_5396-2-100x100.jpeg 100w\" sizes=\"(max-width: 980px) 100vw, 980px\" \/><\/div>\n\t\t<\/figure>\n\t<\/div>\n\n\t<div class=\"wpb_text_column wpb_content_element\" >\n\t\t<div class=\"wpb_wrapper\">\n\t\t\t<p><strong>Participants<\/strong><\/p>\n\n\t\t<\/div>\n\t<\/div>\n<div class=\"vc_row wpb_row vc_inner vc_row-fluid\"><div class=\"wpb_column vc_column_container vc_col-sm-4\"><div class=\"vc_column-inner\"><div class=\"wpb_wrapper\">\n\t<div  class=\"wpb_single_image wpb_content_element vc_align_center\">\n\t\t\n\t\t<figure class=\"wpb_wrapper vc_figure\">\n\t\t\t<a class=\"\" data-lightbox=\"lightbox[rel-4588-4073024476]\" href=\"https:\/\/karjerosdienos.vilniustech.lt\/wp-content\/uploads\/2024\/04\/Giedre_Zlibiniene-780x1024.jpg\" target=\"_self\"><img decoding=\"async\" class=\"vc_single_image-img\" src=\"https:\/\/karjerosdienos.vilniustech.lt\/wp-content\/uploads\/2024\/04\/Giedre_Zlibiniene-scaled-200x265.jpg\" width=\"200\" height=\"265\" alt=\"Giedre_Zlibiniene\" title=\"Giedre_Zlibiniene\" \/><\/a>\n\t\t<\/figure>\n\t<\/div>\n\n\t<div class=\"wpb_text_column wpb_content_element\" >\n\t\t<div class=\"wpb_wrapper\">\n\t\t\t<p style=\"text-align: center;\"><em>Giedr\u0117 \u017dlibinien\u0117<\/em><\/p>\n<p style=\"text-align: center;\">Ignitis group<\/p>\n\n\t\t<\/div>\n\t<\/div>\n<\/div><\/div><\/div><div class=\"wpb_column vc_column_container vc_col-sm-4\"><div class=\"vc_column-inner\"><div class=\"wpb_wrapper\">\n\t<div  class=\"wpb_single_image wpb_content_element vc_align_center\">\n\t\t\n\t\t<figure class=\"wpb_wrapper vc_figure\">\n\t\t\t<a class=\"\" data-lightbox=\"lightbox[rel-4588-3758770636]\" href=\"https:\/\/karjerosdienos.vilniustech.lt\/wp-content\/uploads\/2024\/04\/Zilvinas-Lapinskas-CEO-of-FL-Technics-683x1024.jpg\" target=\"_self\"><img decoding=\"async\" class=\"vc_single_image-img\" src=\"https:\/\/karjerosdienos.vilniustech.lt\/wp-content\/uploads\/2024\/04\/Zilvinas-Lapinskas-CEO-of-FL-Technics-scaled-200x265.jpg\" width=\"200\" height=\"265\" alt=\"Zilvinas-Lapinskas-CEO-of-FL-Technics\" title=\"Zilvinas-Lapinskas-CEO-of-FL-Technics\" \/><\/a>\n\t\t<\/figure>\n\t<\/div>\n\n\t<div class=\"wpb_text_column wpb_content_element\" >\n\t\t<div class=\"wpb_wrapper\">\n\t\t\t<p style=\"text-align: center;\"><em>\u017dilvinas Lapinskas<\/em><\/p>\n<p style=\"text-align: center;\">FL Technics<\/p>\n\n\t\t<\/div>\n\t<\/div>\n<\/div><\/div><\/div><div class=\"wpb_column vc_column_container vc_col-sm-4\"><div class=\"vc_column-inner\"><div class=\"wpb_wrapper\">\n\t<div  class=\"wpb_single_image wpb_content_element vc_align_center\">\n\t\t\n\t\t<figure class=\"wpb_wrapper vc_figure\">\n\t\t\t<a class=\"\" data-lightbox=\"lightbox[rel-4588-1087163894]\" href=\"https:\/\/karjerosdienos.vilniustech.lt\/wp-content\/uploads\/2024\/04\/MicrosoftTeams-image-22-1024x682.jpg\" target=\"_self\"><img loading=\"lazy\" decoding=\"async\" class=\"vc_single_image-img\" src=\"https:\/\/karjerosdienos.vilniustech.lt\/wp-content\/uploads\/2024\/04\/MicrosoftTeams-image-22-200x265.jpg\" width=\"200\" height=\"265\" alt=\"\" title=\"\" \/><\/a>\n\t\t<\/figure>\n\t<\/div>\n\n\t<div class=\"wpb_text_column wpb_content_element\" >\n\t\t<div class=\"wpb_wrapper\">\n\t\t\t<p style=\"text-align: center;\"><em>Vytautas Bitinas<\/em><\/p>\n<p style=\"text-align: center;\">Lietuvos Gele\u017einkeliai (Lithuanian Railways)<\/p>\n\n\t\t<\/div>\n\t<\/div>\n<\/div><\/div><\/div><\/div><div class=\"vc_row wpb_row vc_inner vc_row-fluid\"><div class=\"wpb_column vc_column_container vc_col-sm-4\"><div class=\"vc_column-inner\"><div class=\"wpb_wrapper\">\n\t<div  class=\"wpb_single_image wpb_content_element vc_align_center\">\n\t\t\n\t\t<figure class=\"wpb_wrapper vc_figure\">\n\t\t\t<a class=\"\" data-lightbox=\"lightbox[rel-4588-3156443027]\" href=\"https:\/\/karjerosdienos.vilniustech.lt\/wp-content\/uploads\/2024\/04\/headshot-768x1024.jpeg\" target=\"_self\"><img loading=\"lazy\" decoding=\"async\" class=\"vc_single_image-img\" src=\"https:\/\/karjerosdienos.vilniustech.lt\/wp-content\/uploads\/2024\/04\/headshot-scaled-200x265.jpeg\" width=\"200\" height=\"265\" alt=\"headshot\" title=\"headshot\" \/><\/a>\n\t\t<\/figure>\n\t<\/div>\n\n\t<div class=\"wpb_text_column wpb_content_element\" >\n\t\t<div class=\"wpb_wrapper\">\n\t\t\t<p style=\"text-align: center;\"><em>Ryan Davis<\/em><\/p>\n<p style=\"text-align: center;\">Southwestern Advantage<\/p>\n\n\t\t<\/div>\n\t<\/div>\n<\/div><\/div><\/div><div class=\"wpb_column vc_column_container vc_col-sm-4\"><div class=\"vc_column-inner\"><div class=\"wpb_wrapper\">\n\t<div  class=\"wpb_single_image wpb_content_element vc_align_center\">\n\t\t\n\t\t<figure class=\"wpb_wrapper vc_figure\">\n\t\t\t<a class=\"\" data-lightbox=\"lightbox[rel-4588-3390393516]\" href=\"https:\/\/karjerosdienos.vilniustech.lt\/wp-content\/uploads\/2024\/04\/ricardas_jascemskas-1024x1024.jpg\" target=\"_self\"><img loading=\"lazy\" decoding=\"async\" class=\"vc_single_image-img\" src=\"https:\/\/karjerosdienos.vilniustech.lt\/wp-content\/uploads\/2024\/04\/ricardas_jascemskas-scaled-200x265.jpg\" width=\"200\" height=\"265\" alt=\"ricardas_jascemskas\" title=\"ricardas_jascemskas\" \/><\/a>\n\t\t<\/figure>\n\t<\/div>\n\n\t<div class=\"wpb_text_column wpb_content_element\" >\n\t\t<div class=\"wpb_wrapper\">\n\t\t\t<p style=\"text-align: center;\"><em>Ri\u010dardas Je\u0161\u010demskas<\/em><\/p>\n<p style=\"text-align: center;\">Lithuanian Game Developers Association<\/p>\n\n\t\t<\/div>\n\t<\/div>\n<\/div><\/div><\/div><div class=\"wpb_column vc_column_container vc_col-sm-4\"><div class=\"vc_column-inner\"><div class=\"wpb_wrapper\">\n\t<div  class=\"wpb_single_image wpb_content_element vc_align_center\">\n\t\t\n\t\t<figure class=\"wpb_wrapper vc_figure\">\n\t\t\t<a class=\"\" data-lightbox=\"lightbox[rel-4588-1423023546]\" href=\"https:\/\/karjerosdienos.vilniustech.lt\/wp-content\/uploads\/2024\/04\/MicrosoftTeams-image-39.jpg\" target=\"_self\"><img loading=\"lazy\" decoding=\"async\" class=\"vc_single_image-img\" src=\"https:\/\/karjerosdienos.vilniustech.lt\/wp-content\/uploads\/2024\/04\/MicrosoftTeams-image-39-200x265.jpg\" width=\"200\" height=\"265\" alt=\"\" title=\"\" \/><\/a>\n\t\t<\/figure>\n\t<\/div>\n\n\t<div class=\"wpb_text_column wpb_content_element\" >\n\t\t<div class=\"wpb_wrapper\">\n\t\t\t<p style=\"text-align: center;\"><em>Vaidas Karalevi\u010dius<\/em><\/p>\n<p style=\"text-align: center;\">EPAM Systems<\/p>\n\n\t\t<\/div>\n\t<\/div>\n<\/div><\/div><\/div><\/div><div class=\"vc_row wpb_row vc_inner vc_row-fluid\"><div class=\"wpb_column vc_column_container vc_col-sm-4\"><div class=\"vc_column-inner\"><div class=\"wpb_wrapper\">\n\t<div  class=\"wpb_single_image wpb_content_element vc_align_center\">\n\t\t\n\t\t<figure class=\"wpb_wrapper vc_figure\">\n\t\t\t<a class=\"\" data-lightbox=\"lightbox[rel-4588-46956313]\" href=\"https:\/\/karjerosdienos.vilniustech.lt\/wp-content\/uploads\/2024\/04\/Darius-Snieska_web.jpg\" target=\"_self\"><img loading=\"lazy\" decoding=\"async\" class=\"vc_single_image-img\" src=\"https:\/\/karjerosdienos.vilniustech.lt\/wp-content\/uploads\/2024\/04\/Darius-Snieska_web-200x265.jpg\" width=\"200\" height=\"265\" alt=\"Darius-Snieska_web\" title=\"Darius-Snieska_web\" \/><\/a>\n\t\t<\/figure>\n\t<\/div>\n\n\t<div class=\"wpb_text_column wpb_content_element\" >\n\t\t<div class=\"wpb_wrapper\">\n\t\t\t<p style=\"text-align: center;\"><em>Darius Snie\u0161ka<\/em><\/p>\n<p style=\"text-align: center;\">Alumni club, Scania Lietuva<\/p>\n\n\t\t<\/div>\n\t<\/div>\n<\/div><\/div><\/div><div class=\"wpb_column vc_column_container vc_col-sm-4\"><div class=\"vc_column-inner\"><div class=\"wpb_wrapper\">\n\t<div  class=\"wpb_single_image wpb_content_element vc_align_center\">\n\t\t\n\t\t<figure class=\"wpb_wrapper vc_figure\">\n\t\t\t<a class=\"\" data-lightbox=\"lightbox[rel-4588-154639671]\" href=\"https:\/\/karjerosdienos.vilniustech.lt\/wp-content\/uploads\/2024\/04\/IngridaL1of5-1.jpg\" target=\"_self\"><img loading=\"lazy\" decoding=\"async\" class=\"vc_single_image-img\" src=\"https:\/\/karjerosdienos.vilniustech.lt\/wp-content\/uploads\/2024\/04\/IngridaL1of5-1-200x265.jpg\" width=\"200\" height=\"265\" alt=\"IngridaL1of5-1\" title=\"IngridaL1of5-1\" \/><\/a>\n\t\t<\/figure>\n\t<\/div>\n\n\t<div class=\"wpb_text_column wpb_content_element\" >\n\t\t<div class=\"wpb_wrapper\">\n\t\t\t<p style=\"text-align: center;\"><em>Ingrida Le\u0161\u010dauskien\u0117<\/em><\/p>\n<p style=\"text-align: center;\">VILNIUS TECH<\/p>\n\n\t\t<\/div>\n\t<\/div>\n<\/div><\/div><\/div><div class=\"wpb_column vc_column_container vc_col-sm-4\"><div class=\"vc_column-inner\"><div class=\"wpb_wrapper\">\n\t<div  class=\"wpb_single_image wpb_content_element vc_align_center\">\n\t\t\n\t\t<figure class=\"wpb_wrapper vc_figure\">\n\t\t\t<a class=\"\" data-lightbox=\"lightbox[rel-4588-2352555774]\" href=\"https:\/\/karjerosdienos.vilniustech.lt\/wp-content\/uploads\/2024\/04\/MG_0318_Hi-1.jpg\" target=\"_self\"><img loading=\"lazy\" decoding=\"async\" class=\"vc_single_image-img\" src=\"https:\/\/karjerosdienos.vilniustech.lt\/wp-content\/uploads\/2024\/04\/MG_0318_Hi-1-200x265.jpg\" width=\"200\" height=\"265\" alt=\"_MG_0318_Hi (1)\" title=\"_MG_0318_Hi (1)\" \/><\/a>\n\t\t<\/figure>\n\t<\/div>\n\n\t<div class=\"wpb_text_column wpb_content_element\" >\n\t\t<div class=\"wpb_wrapper\">\n\t\t\t<p style=\"text-align: center;\"><em>Modestas Skierus<\/em><\/p>\n<p style=\"text-align: center;\">Grigeo group<\/p>\n\n\t\t<\/div>\n\t<\/div>\n<\/div><\/div><\/div><\/div><\/div><\/div><\/div><\/div>\n<\/section>","protected":false},"excerpt":{"rendered":"2024 Renginio programa Renginio lokacija:\u00a0VILNIUS TECH centriniai r\u016bmai (Saul\u0117tekio al. 11, Vilnius) \u017dmoni\u0173 skai\u010dius: 5 000 \u2013 10 000 Formatas: paroda + konferencija GRAVITY\u00a0\u2013 tai mokslo talent\u0173 ir lyderiaujan\u010di\u0173 \u0161alies versl\u0173 bei moderni\u0173 organizacij\u0173 tarpusavio traukos centras. Ved\u0117jas:\u00a0Paul De Miko \u2013 Paulius Mikolaitis Kalba: Lietuvi\u0173 \/ Angl\u0173 11:00-11:15 Renginio prad\u017eia ir Rektoriaus Romualdo Kliuko sveikinimo...","protected":false},"author":1,"featured_media":0,"parent":0,"menu_order":0,"comment_status":"closed","ping_status":"closed","template":"","meta":{"footnotes":""},"class_list":["post-4588","page","type-page","status-publish","hentry"],"yoast_head":"<!-- This site is optimized with the Yoast SEO plugin v25.4 - https:\/\/yoast.com\/wordpress\/plugins\/seo\/ -->\n<title>2024 m. - VILNIUS TECH Karjeros diena GRAVITY<\/title>\n<meta name=\"description\" content=\"Generaliniai partneriai, Partneriai, Dalyviai, Draugai ir Renginio R\u0117m\u0117jai\" \/>\n<meta name=\"robots\" content=\"index, follow, max-snippet:-1, max-image-preview:large, max-video-preview:-1\" \/>\n<link rel=\"canonical\" href=\"https:\/\/karjerosdienos.vilniustech.lt\/en\/diskusiju-zona\/\" \/>\n<meta property=\"og:locale\" content=\"en_US\" \/>\n<meta property=\"og:type\" content=\"article\" \/>\n<meta property=\"og:title\" content=\"2024 m. - VILNIUS TECH Karjeros diena GRAVITY\" \/>\n<meta property=\"og:description\" content=\"Generaliniai partneriai, Partneriai, Dalyviai, Draugai ir Renginio R\u0117m\u0117jai\" \/>\n<meta property=\"og:url\" content=\"https:\/\/karjerosdienos.vilniustech.lt\/en\/diskusiju-zona\/\" \/>\n<meta property=\"og:site_name\" content=\"VILNIUS TECH Karjeros diena GRAVITY\" \/>\n<meta property=\"article:publisher\" content=\"https:\/\/www.facebook.com\/kolegijoskarjeroscentras\" \/>\n<meta property=\"article:modified_time\" content=\"2025-03-27T13:45:24+00:00\" \/>\n<meta name=\"twitter:card\" content=\"summary_large_image\" \/>\n<meta name=\"twitter:label1\" content=\"Est. reading time\" \/>\n\t<meta name=\"twitter:data1\" content=\"2 minutes\" \/>\n<script type=\"application\/ld+json\" class=\"yoast-schema-graph\">{\"@context\":\"https:\/\/schema.org\",\"@graph\":[{\"@type\":\"WebPage\",\"@id\":\"https:\/\/karjerosdienos.vilniustech.lt\/diskusiju-zona\/\",\"url\":\"https:\/\/karjerosdienos.vilniustech.lt\/diskusiju-zona\/\",\"name\":\"2024 m. - VILNIUS TECH Karjeros diena GRAVITY\",\"isPartOf\":{\"@id\":\"https:\/\/karjerosdienos.vilniustech.lt\/#website\"},\"datePublished\":\"2024-04-10T07:57:15+00:00\",\"dateModified\":\"2025-03-27T13:45:24+00:00\",\"description\":\"Generaliniai partneriai, Partneriai, Dalyviai, Draugai ir Renginio R\u0117m\u0117jai\",\"breadcrumb\":{\"@id\":\"https:\/\/karjerosdienos.vilniustech.lt\/diskusiju-zona\/#breadcrumb\"},\"inLanguage\":\"en-US\",\"potentialAction\":[{\"@type\":\"ReadAction\",\"target\":[\"https:\/\/karjerosdienos.vilniustech.lt\/diskusiju-zona\/\"]}]},{\"@type\":\"BreadcrumbList\",\"@id\":\"https:\/\/karjerosdienos.vilniustech.lt\/diskusiju-zona\/#breadcrumb\",\"itemListElement\":[{\"@type\":\"ListItem\",\"position\":1,\"name\":\"Home\",\"item\":\"https:\/\/karjerosdienos.vilniustech.lt\/\"},{\"@type\":\"ListItem\",\"position\":2,\"name\":\"2024 m.\"}]},{\"@type\":\"WebSite\",\"@id\":\"https:\/\/karjerosdienos.vilniustech.lt\/#website\",\"url\":\"https:\/\/karjerosdienos.vilniustech.lt\/\",\"name\":\"VILNIUS TECH Karjeros diena GRAVITY\",\"description\":\"VILNIUS TECH Karjeros diena GRAVITY\",\"publisher\":{\"@id\":\"https:\/\/karjerosdienos.vilniustech.lt\/#organization\"},\"potentialAction\":[{\"@type\":\"SearchAction\",\"target\":{\"@type\":\"EntryPoint\",\"urlTemplate\":\"https:\/\/karjerosdienos.vilniustech.lt\/?s={search_term_string}\"},\"query-input\":{\"@type\":\"PropertyValueSpecification\",\"valueRequired\":true,\"valueName\":\"search_term_string\"}}],\"inLanguage\":\"en-US\"},{\"@type\":\"Organization\",\"@id\":\"https:\/\/karjerosdienos.vilniustech.lt\/#organization\",\"name\":\"Karjeros dienos 2020\",\"url\":\"https:\/\/karjerosdienos.vilniustech.lt\/\",\"logo\":{\"@type\":\"ImageObject\",\"inLanguage\":\"en-US\",\"@id\":\"https:\/\/karjerosdienos.vilniustech.lt\/#\/schema\/logo\/image\/\",\"url\":\"\",\"contentUrl\":\"\",\"caption\":\"Karjeros dienos 2020\"},\"image\":{\"@id\":\"https:\/\/karjerosdienos.vilniustech.lt\/#\/schema\/logo\/image\/\"},\"sameAs\":[\"https:\/\/www.facebook.com\/kolegijoskarjeroscentras\"]}]}<\/script>\n<!-- \/ Yoast SEO plugin. -->","yoast_head_json":{"title":"2024 m. - VILNIUS TECH Karjeros diena GRAVITY","description":"Generaliniai partneriai, Partneriai, Dalyviai, Draugai ir Renginio R\u0117m\u0117jai","robots":{"index":"index","follow":"follow","max-snippet":"max-snippet:-1","max-image-preview":"max-image-preview:large","max-video-preview":"max-video-preview:-1"},"canonical":"https:\/\/karjerosdienos.vilniustech.lt\/en\/diskusiju-zona\/","og_locale":"en_US","og_type":"article","og_title":"2024 m. - VILNIUS TECH Karjeros diena GRAVITY","og_description":"Generaliniai partneriai, Partneriai, Dalyviai, Draugai ir Renginio R\u0117m\u0117jai","og_url":"https:\/\/karjerosdienos.vilniustech.lt\/en\/diskusiju-zona\/","og_site_name":"VILNIUS TECH Karjeros diena GRAVITY","article_publisher":"https:\/\/www.facebook.com\/kolegijoskarjeroscentras","article_modified_time":"2025-03-27T13:45:24+00:00","twitter_card":"summary_large_image","twitter_misc":{"Est. reading time":"2 minutes"},"schema":{"@context":"https:\/\/schema.org","@graph":[{"@type":"WebPage","@id":"https:\/\/karjerosdienos.vilniustech.lt\/diskusiju-zona\/","url":"https:\/\/karjerosdienos.vilniustech.lt\/diskusiju-zona\/","name":"2024 m. - VILNIUS TECH Karjeros diena GRAVITY","isPartOf":{"@id":"https:\/\/karjerosdienos.vilniustech.lt\/#website"},"datePublished":"2024-04-10T07:57:15+00:00","dateModified":"2025-03-27T13:45:24+00:00","description":"Generaliniai partneriai, Partneriai, Dalyviai, Draugai ir Renginio R\u0117m\u0117jai","breadcrumb":{"@id":"https:\/\/karjerosdienos.vilniustech.lt\/diskusiju-zona\/#breadcrumb"},"inLanguage":"en-US","potentialAction":[{"@type":"ReadAction","target":["https:\/\/karjerosdienos.vilniustech.lt\/diskusiju-zona\/"]}]},{"@type":"BreadcrumbList","@id":"https:\/\/karjerosdienos.vilniustech.lt\/diskusiju-zona\/#breadcrumb","itemListElement":[{"@type":"ListItem","position":1,"name":"Home","item":"https:\/\/karjerosdienos.vilniustech.lt\/"},{"@type":"ListItem","position":2,"name":"2024 m."}]},{"@type":"WebSite","@id":"https:\/\/karjerosdienos.vilniustech.lt\/#website","url":"https:\/\/karjerosdienos.vilniustech.lt\/","name":"VILNIUS TECH Karjeros diena GRAVITY","description":"VILNIUS TECH Karjeros diena GRAVITY","publisher":{"@id":"https:\/\/karjerosdienos.vilniustech.lt\/#organization"},"potentialAction":[{"@type":"SearchAction","target":{"@type":"EntryPoint","urlTemplate":"https:\/\/karjerosdienos.vilniustech.lt\/?s={search_term_string}"},"query-input":{"@type":"PropertyValueSpecification","valueRequired":true,"valueName":"search_term_string"}}],"inLanguage":"en-US"},{"@type":"Organization","@id":"https:\/\/karjerosdienos.vilniustech.lt\/#organization","name":"Karjeros dienos 2020","url":"https:\/\/karjerosdienos.vilniustech.lt\/","logo":{"@type":"ImageObject","inLanguage":"en-US","@id":"https:\/\/karjerosdienos.vilniustech.lt\/#\/schema\/logo\/image\/","url":"","contentUrl":"","caption":"Karjeros dienos 2020"},"image":{"@id":"https:\/\/karjerosdienos.vilniustech.lt\/#\/schema\/logo\/image\/"},"sameAs":["https:\/\/www.facebook.com\/kolegijoskarjeroscentras"]}]}},"_links":{"self":[{"href":"https:\/\/karjerosdienos.vilniustech.lt\/en\/wp-json\/wp\/v2\/pages\/4588","targetHints":{"allow":["GET"]}}],"collection":[{"href":"https:\/\/karjerosdienos.vilniustech.lt\/en\/wp-json\/wp\/v2\/pages"}],"about":[{"href":"https:\/\/karjerosdienos.vilniustech.lt\/en\/wp-json\/wp\/v2\/types\/page"}],"author":[{"embeddable":true,"href":"https:\/\/karjerosdienos.vilniustech.lt\/en\/wp-json\/wp\/v2\/users\/1"}],"replies":[{"embeddable":true,"href":"https:\/\/karjerosdienos.vilniustech.lt\/en\/wp-json\/wp\/v2\/comments?post=4588"}],"version-history":[{"count":67,"href":"https:\/\/karjerosdienos.vilniustech.lt\/en\/wp-json\/wp\/v2\/pages\/4588\/revisions"}],"predecessor-version":[{"id":8393,"href":"https:\/\/karjerosdienos.vilniustech.lt\/en\/wp-json\/wp\/v2\/pages\/4588\/revisions\/8393"}],"wp:attachment":[{"href":"https:\/\/karjerosdienos.vilniustech.lt\/en\/wp-json\/wp\/v2\/media?parent=4588"}],"curies":[{"name":"wp","href":"https:\/\/api.w.org\/{rel}","templated":true}]}}