{"id":5172,"date":"2024-05-14T11:45:20","date_gmt":"2024-05-14T09:45:20","guid":{"rendered":"https:\/\/karjerosdienos.vilniustech.lt\/?page_id=5172"},"modified":"2025-07-16T14:34:17","modified_gmt":"2025-07-16T12:34:17","slug":"kontaktai-imonems","status":"publish","type":"page","link":"https:\/\/karjerosdienos.vilniustech.lt\/en\/kontaktai-imonems\/","title":{"rendered":"Contacts"},"content":{"rendered":"<section class=\"wpb-content-wrapper\"><div class=\"vc_row wpb_row vc_row-fluid\"><div class=\"wpb_column vc_column_container vc_col-sm-12\"><div class=\"vc_column-inner\"><div class=\"wpb_wrapper\">    <div class=\"careerfy-contact-info-sec\">\r\n                    <h2>Contacts<\/h2>\r\n                        <p>Career Day is a unique opportunity for students to discover future opportunities, expand their horizons and get useful advice from leading professionals in their field. For companies to find the best VILNIUS TECH talents<\/p>\r\n                    <ul class=\"careerfy-contact-info-list\">\r\n                            <li><i class=\"careerfy-icon careerfy-map-marker\"><\/i> Saul\u0117tekis ave. 11, Vilnius, 10223 Vilniaus m. sav.<\/li>\r\n                                <li><i class=\"careerfy-icon careerfy-envelope\"><\/i> <a\r\n                            href=\"mailto:karjerosdienos@vilniustech.lt\">Email: karjerosdienos@vilniustech.lt<\/a>\r\n                <\/li>\r\n                        <\/ul>\r\n                    <div class=\"careerfy-contact-media\">\r\n                            <\/div>\r\n            <\/div>\r\n    <div class=\"careerfy-contact-form\">\r\n                    <h2>Contact us for the VILNIUS TECH Career Day at GRAVITY!<\/h2>\r\n                        <form autocomplete=\"off\" id=\"ct-form-85267139\"\r\n                  data-ajax-url=\"https:\/\/karjerosdienos.vilniustech.lt\/wp-admin\/admin-ajax.php\" method=\"post\" action=\"\">\r\n                <ul>\r\n                    <li>\r\n                        <input type=\"text\" name=\"u_name\"\r\n                               placeholder=\"Enter Your Name\">\r\n                        <i class=\"careerfy-icon careerfy-user\"><\/i>\r\n                    <\/li>\r\n                    <li>\r\n                        <input placeholder=\"Subject\" type=\"text\"\r\n                               name=\"u_subject\">\r\n                        <i class=\"careerfy-icon careerfy-user\"><\/i>\r\n                    <\/li>\r\n                    <li>\r\n                        <input placeholder=\"Enter Your Email Address\"\r\n                               type=\"text\" name=\"u_email\">\r\n                        <i class=\"careerfy-icon careerfy-mail\"><\/i>\r\n                    <\/li>\r\n                    <li>\r\n                        <input placeholder=\"Enter Your Phone Number\"\r\n                               type=\"text\" name=\"u_number\">\r\n                        <i class=\"careerfy-icon careerfy-technology\"><\/i>\r\n                    <\/li>\r\n                    <li class=\"careerfy-contact-form-full\">\r\n                        <textarea name=\"u_msg\"\r\n                                  placeholder=\"Enter Your Message\"><\/textarea>\r\n                    <\/li>\r\n                    <li>\r\n                        <input type=\"submit\" class=\"careerfy-ct-form\" data-id=\"85267139\"\r\n                               value=\"Submit\">\r\n                        <span class=\"careerfy-bt-msg careerfy-ct-msg\"><\/span>\r\n                        <input type=\"hidden\" name=\"u_type\" value=\"content\"\/>\r\n                    <\/li>\r\n                <\/ul>\r\n            <input type=\"hidden\" name=\"trp-form-language\" value=\"en\"\/><\/form>\r\n                <\/div>\r\n    <\/div><\/div><\/div><\/div>\n<\/section>","protected":false},"excerpt":{"rendered":"Kontaktai Karjeros diena \u2013 tai i\u0161skirtin\u0117 galimyb\u0117 studentams susipa\u017einti su ateities galimyb\u0117mis, pl\u0117sti akirat\u012f ir gauti nauding\u0173 patarim\u0173 i\u0161 geriausi\u0173 savo srities profesional\u0173, o \u012fmon\u0117ms \u2013 atrasti ry\u0161kiausius VILNIUS TECH talentus Saul\u0117tekio al. 11, Vilnius, 10223 Vilniaus m. sav. Email: karjerosdienos@vilniustech.lt Susisiekite d\u0117l VILNIUS TECH Karjeros dienos GRAVITY!","protected":false},"author":1,"featured_media":0,"parent":0,"menu_order":0,"comment_status":"closed","ping_status":"closed","template":"","meta":{"footnotes":""},"class_list":["post-5172","page","type-page","status-publish","hentry"],"yoast_head":"<!-- This site is optimized with the Yoast SEO plugin v25.4 - https:\/\/yoast.com\/wordpress\/plugins\/seo\/ -->\n<title>Kontaktai - VILNIUS TECH Karjeros diena GRAVITY<\/title>\n<meta name=\"robots\" content=\"index, follow, max-snippet:-1, max-image-preview:large, max-video-preview:-1\" \/>\n<link rel=\"canonical\" href=\"https:\/\/karjerosdienos.vilniustech.lt\/en\/kontaktai-imonems\/\" \/>\n<meta property=\"og:locale\" content=\"en_US\" \/>\n<meta property=\"og:type\" content=\"article\" \/>\n<meta property=\"og:title\" content=\"Kontaktai - VILNIUS TECH Karjeros diena GRAVITY\" \/>\n<meta property=\"og:url\" content=\"https:\/\/karjerosdienos.vilniustech.lt\/en\/kontaktai-imonems\/\" \/>\n<meta property=\"og:site_name\" content=\"VILNIUS TECH Karjeros diena GRAVITY\" \/>\n<meta property=\"article:publisher\" content=\"https:\/\/www.facebook.com\/kolegijoskarjeroscentras\" \/>\n<meta property=\"article:modified_time\" content=\"2025-07-16T12:34:17+00:00\" \/>\n<meta name=\"twitter:card\" content=\"summary_large_image\" \/>\n<meta name=\"twitter:label1\" content=\"Est. reading time\" \/>\n\t<meta name=\"twitter:data1\" content=\"1 minute\" \/>\n<script type=\"application\/ld+json\" class=\"yoast-schema-graph\">{\"@context\":\"https:\/\/schema.org\",\"@graph\":[{\"@type\":\"WebPage\",\"@id\":\"https:\/\/karjerosdienos.vilniustech.lt\/kontaktai-imonems\/\",\"url\":\"https:\/\/karjerosdienos.vilniustech.lt\/kontaktai-imonems\/\",\"name\":\"Kontaktai - VILNIUS TECH Karjeros diena GRAVITY\",\"isPartOf\":{\"@id\":\"https:\/\/karjerosdienos.vilniustech.lt\/#website\"},\"datePublished\":\"2024-05-14T09:45:20+00:00\",\"dateModified\":\"2025-07-16T12:34:17+00:00\",\"breadcrumb\":{\"@id\":\"https:\/\/karjerosdienos.vilniustech.lt\/kontaktai-imonems\/#breadcrumb\"},\"inLanguage\":\"en-US\",\"potentialAction\":[{\"@type\":\"ReadAction\",\"target\":[\"https:\/\/karjerosdienos.vilniustech.lt\/kontaktai-imonems\/\"]}]},{\"@type\":\"BreadcrumbList\",\"@id\":\"https:\/\/karjerosdienos.vilniustech.lt\/kontaktai-imonems\/#breadcrumb\",\"itemListElement\":[{\"@type\":\"ListItem\",\"position\":1,\"name\":\"Home\",\"item\":\"https:\/\/karjerosdienos.vilniustech.lt\/\"},{\"@type\":\"ListItem\",\"position\":2,\"name\":\"Kontaktai\"}]},{\"@type\":\"WebSite\",\"@id\":\"https:\/\/karjerosdienos.vilniustech.lt\/#website\",\"url\":\"https:\/\/karjerosdienos.vilniustech.lt\/\",\"name\":\"VILNIUS TECH Karjeros diena GRAVITY\",\"description\":\"VILNIUS TECH Karjeros diena GRAVITY\",\"publisher\":{\"@id\":\"https:\/\/karjerosdienos.vilniustech.lt\/#organization\"},\"potentialAction\":[{\"@type\":\"SearchAction\",\"target\":{\"@type\":\"EntryPoint\",\"urlTemplate\":\"https:\/\/karjerosdienos.vilniustech.lt\/?s={search_term_string}\"},\"query-input\":{\"@type\":\"PropertyValueSpecification\",\"valueRequired\":true,\"valueName\":\"search_term_string\"}}],\"inLanguage\":\"en-US\"},{\"@type\":\"Organization\",\"@id\":\"https:\/\/karjerosdienos.vilniustech.lt\/#organization\",\"name\":\"Karjeros dienos 2020\",\"url\":\"https:\/\/karjerosdienos.vilniustech.lt\/\",\"logo\":{\"@type\":\"ImageObject\",\"inLanguage\":\"en-US\",\"@id\":\"https:\/\/karjerosdienos.vilniustech.lt\/#\/schema\/logo\/image\/\",\"url\":\"\",\"contentUrl\":\"\",\"caption\":\"Karjeros dienos 2020\"},\"image\":{\"@id\":\"https:\/\/karjerosdienos.vilniustech.lt\/#\/schema\/logo\/image\/\"},\"sameAs\":[\"https:\/\/www.facebook.com\/kolegijoskarjeroscentras\"]}]}<\/script>\n<!-- \/ Yoast SEO plugin. -->","yoast_head_json":{"title":"Kontaktai - VILNIUS TECH Karjeros diena GRAVITY","robots":{"index":"index","follow":"follow","max-snippet":"max-snippet:-1","max-image-preview":"max-image-preview:large","max-video-preview":"max-video-preview:-1"},"canonical":"https:\/\/karjerosdienos.vilniustech.lt\/en\/kontaktai-imonems\/","og_locale":"en_US","og_type":"article","og_title":"Kontaktai - VILNIUS TECH Karjeros diena GRAVITY","og_url":"https:\/\/karjerosdienos.vilniustech.lt\/en\/kontaktai-imonems\/","og_site_name":"VILNIUS TECH Karjeros diena GRAVITY","article_publisher":"https:\/\/www.facebook.com\/kolegijoskarjeroscentras","article_modified_time":"2025-07-16T12:34:17+00:00","twitter_card":"summary_large_image","twitter_misc":{"Est. reading time":"1 minute"},"schema":{"@context":"https:\/\/schema.org","@graph":[{"@type":"WebPage","@id":"https:\/\/karjerosdienos.vilniustech.lt\/kontaktai-imonems\/","url":"https:\/\/karjerosdienos.vilniustech.lt\/kontaktai-imonems\/","name":"Kontaktai - VILNIUS TECH Karjeros diena GRAVITY","isPartOf":{"@id":"https:\/\/karjerosdienos.vilniustech.lt\/#website"},"datePublished":"2024-05-14T09:45:20+00:00","dateModified":"2025-07-16T12:34:17+00:00","breadcrumb":{"@id":"https:\/\/karjerosdienos.vilniustech.lt\/kontaktai-imonems\/#breadcrumb"},"inLanguage":"en-US","potentialAction":[{"@type":"ReadAction","target":["https:\/\/karjerosdienos.vilniustech.lt\/kontaktai-imonems\/"]}]},{"@type":"BreadcrumbList","@id":"https:\/\/karjerosdienos.vilniustech.lt\/kontaktai-imonems\/#breadcrumb","itemListElement":[{"@type":"ListItem","position":1,"name":"Home","item":"https:\/\/karjerosdienos.vilniustech.lt\/"},{"@type":"ListItem","position":2,"name":"Kontaktai"}]},{"@type":"WebSite","@id":"https:\/\/karjerosdienos.vilniustech.lt\/#website","url":"https:\/\/karjerosdienos.vilniustech.lt\/","name":"VILNIUS TECH Karjeros diena GRAVITY","description":"VILNIUS TECH Karjeros diena GRAVITY","publisher":{"@id":"https:\/\/karjerosdienos.vilniustech.lt\/#organization"},"potentialAction":[{"@type":"SearchAction","target":{"@type":"EntryPoint","urlTemplate":"https:\/\/karjerosdienos.vilniustech.lt\/?s={search_term_string}"},"query-input":{"@type":"PropertyValueSpecification","valueRequired":true,"valueName":"search_term_string"}}],"inLanguage":"en-US"},{"@type":"Organization","@id":"https:\/\/karjerosdienos.vilniustech.lt\/#organization","name":"Karjeros dienos 2020","url":"https:\/\/karjerosdienos.vilniustech.lt\/","logo":{"@type":"ImageObject","inLanguage":"en-US","@id":"https:\/\/karjerosdienos.vilniustech.lt\/#\/schema\/logo\/image\/","url":"","contentUrl":"","caption":"Karjeros dienos 2020"},"image":{"@id":"https:\/\/karjerosdienos.vilniustech.lt\/#\/schema\/logo\/image\/"},"sameAs":["https:\/\/www.facebook.com\/kolegijoskarjeroscentras"]}]}},"_links":{"self":[{"href":"https:\/\/karjerosdienos.vilniustech.lt\/en\/wp-json\/wp\/v2\/pages\/5172","targetHints":{"allow":["GET"]}}],"collection":[{"href":"https:\/\/karjerosdienos.vilniustech.lt\/en\/wp-json\/wp\/v2\/pages"}],"about":[{"href":"https:\/\/karjerosdienos.vilniustech.lt\/en\/wp-json\/wp\/v2\/types\/page"}],"author":[{"embeddable":true,"href":"https:\/\/karjerosdienos.vilniustech.lt\/en\/wp-json\/wp\/v2\/users\/1"}],"replies":[{"embeddable":true,"href":"https:\/\/karjerosdienos.vilniustech.lt\/en\/wp-json\/wp\/v2\/comments?post=5172"}],"version-history":[{"count":20,"href":"https:\/\/karjerosdienos.vilniustech.lt\/en\/wp-json\/wp\/v2\/pages\/5172\/revisions"}],"predecessor-version":[{"id":16492,"href":"https:\/\/karjerosdienos.vilniustech.lt\/en\/wp-json\/wp\/v2\/pages\/5172\/revisions\/16492"}],"wp:attachment":[{"href":"https:\/\/karjerosdienos.vilniustech.lt\/en\/wp-json\/wp\/v2\/media?parent=5172"}],"curies":[{"name":"wp","href":"https:\/\/api.w.org\/{rel}","templated":true}]}}