{"id":5307,"date":"2024-07-10T14:56:22","date_gmt":"2024-07-10T12:56:22","guid":{"rendered":"https:\/\/karjerosdienos.vilniustech.lt\/?page_id=5307"},"modified":"2025-03-27T10:16:29","modified_gmt":"2025-03-27T08:16:29","slug":"diskusiju-erdve","status":"publish","type":"page","link":"https:\/\/karjerosdienos.vilniustech.lt\/en\/diskusiju-erdve\/","title":{"rendered":"Discussion area"},"content":{"rendered":"<section class=\"wpb-content-wrapper\"><div class=\"vc_row wpb_row vc_row-fluid vc_row-o-content-top vc_row-flex\"><div class=\"wpb_column vc_column_container vc_col-sm-12\"><div class=\"vc_column-inner\"><div class=\"wpb_wrapper\">\n\t<div class=\"wpb_text_column wpb_content_element\" >\n\t\t<div class=\"wpb_wrapper\">\n\t\t\t<h1 style=\"text-align: center;\">2025<\/h1>\n\n\t\t<\/div>\n\t<\/div>\n<\/div><\/div><\/div><\/div><div class=\"vc_row wpb_row vc_row-fluid vc_row-o-content-top vc_row-flex\"><div class=\"wpb_column vc_column_container vc_col-sm-8\"><div class=\"vc_column-inner\"><div class=\"wpb_wrapper\">        <div class=\"row\">\r\n            <div class=\"col-md-12 careerfy-typo-wrap\">\r\n                <div class=\"careerfy-about-text\">\r\n                                            <h2 >Event program<\/h2>\r\n                                            <p ><span style=\"color: #000000;\"><strong>Event location\u00a0<\/strong>VILNIUS TECH, S2, 2 auk\u0161to foje (Saul\u0117tekio al. 11, Vilnius)<\/span><\/p>\n<p><span style=\"color: #000000;\"><strong>Attending people<\/strong>: 5 000 \u2013 10 000<\/span><\/p>\n<p><span style=\"color: #000000;\"><strong>Format<\/strong>: exihibition + conference<\/span><\/p>\n<p><span style=\"color: #000000;\"><strong>GRAVITY<\/strong>\u00a0It is the mutual attraction center of scientific talents and leading businesses of the country, as well as modern organizations<\/span><\/p>\n<p><span style=\"color: #000000;\"><strong>Presenter:\u00a0<\/strong>Justinas Jankevi\u010dius<\/span><\/p>\n<p><span style=\"color: #000000;\"><strong>Language<\/strong>: Lithuanian \/ English<\/span><\/p>\r\n                                    <\/div>\r\n            <\/div>\r\n                    <\/div>\r\n        <\/div><\/div><\/div><div class=\"wpb_column vc_column_container vc_col-sm-4\"><div class=\"vc_column-inner\"><div class=\"wpb_wrapper\">\n\t<div  class=\"wpb_single_image wpb_content_element vc_align_center\">\n\t\t\n\t\t<figure class=\"wpb_wrapper vc_figure\">\n\t\t\t<div class=\"vc_single_image-wrapper   vc_box_border_grey\"><img fetchpriority=\"high\" decoding=\"async\" width=\"980\" height=\"980\" src=\"https:\/\/karjerosdienos.vilniustech.lt\/wp-content\/uploads\/2024\/05\/Su-logo-darbiniai-failai_Page_3-1024x1024.jpg\" class=\"vc_single_image-img attachment-large\" alt=\"\" title=\"\" srcset=\"https:\/\/karjerosdienos.vilniustech.lt\/wp-content\/uploads\/2024\/05\/Su-logo-darbiniai-failai_Page_3-1024x1024.jpg 1024w, https:\/\/karjerosdienos.vilniustech.lt\/wp-content\/uploads\/2024\/05\/Su-logo-darbiniai-failai_Page_3-300x300.jpg 300w, https:\/\/karjerosdienos.vilniustech.lt\/wp-content\/uploads\/2024\/05\/Su-logo-darbiniai-failai_Page_3-150x150.jpg 150w, https:\/\/karjerosdienos.vilniustech.lt\/wp-content\/uploads\/2024\/05\/Su-logo-darbiniai-failai_Page_3-768x768.jpg 768w, https:\/\/karjerosdienos.vilniustech.lt\/wp-content\/uploads\/2024\/05\/Su-logo-darbiniai-failai_Page_3-1536x1536.jpg 1536w, https:\/\/karjerosdienos.vilniustech.lt\/wp-content\/uploads\/2024\/05\/Su-logo-darbiniai-failai_Page_3-2048x2048.jpg 2048w, https:\/\/karjerosdienos.vilniustech.lt\/wp-content\/uploads\/2024\/05\/Su-logo-darbiniai-failai_Page_3-12x12.jpg 12w, https:\/\/karjerosdienos.vilniustech.lt\/wp-content\/uploads\/2024\/05\/Su-logo-darbiniai-failai_Page_3-268x268.jpg 268w, https:\/\/karjerosdienos.vilniustech.lt\/wp-content\/uploads\/2024\/05\/Su-logo-darbiniai-failai_Page_3-600x600.jpg 600w, https:\/\/karjerosdienos.vilniustech.lt\/wp-content\/uploads\/2024\/05\/Su-logo-darbiniai-failai_Page_3-100x100.jpg 100w\" sizes=\"(max-width: 980px) 100vw, 980px\" \/><\/div>\n\t\t<\/figure>\n\t<\/div>\n<\/div><\/div><\/div><\/div>\n<\/section>","protected":false},"excerpt":{"rendered":"2025 Renginio programa Renginio lokacija:\u00a0VILNIUS TECH, S2, 2 auk\u0161to foje (Saul\u0117tekio al. 11, Vilnius) \u017dmoni\u0173 skai\u010dius: 5 000 \u2013 10 000 Formatas: paroda + konferencija GRAVITY\u00a0\u2013 tai mokslo talent\u0173 ir lyderiaujan\u010di\u0173 \u0161alies versl\u0173 bei moderni\u0173 organizacij\u0173 tarpusavio traukos centras. Ved\u0117jas:\u00a0Justinas Jankevi\u010dius Kalba: Lietuvi\u0173 \/ Angl\u0173","protected":false},"author":1,"featured_media":0,"parent":0,"menu_order":0,"comment_status":"closed","ping_status":"closed","template":"","meta":{"footnotes":""},"class_list":["post-5307","page","type-page","status-publish","hentry"],"yoast_head":"<!-- This site is optimized with the Yoast SEO plugin v25.4 - https:\/\/yoast.com\/wordpress\/plugins\/seo\/ -->\n<title>Diskusij\u0173 erdv\u0117 - VILNIUS TECH Karjeros diena GRAVITY<\/title>\n<meta name=\"description\" content=\"Generaliniai partneriai, Partneriai, Dalyviai, Draugai ir Renginio R\u0117m\u0117jai\" \/>\n<meta name=\"robots\" content=\"index, follow, max-snippet:-1, max-image-preview:large, max-video-preview:-1\" \/>\n<link rel=\"canonical\" href=\"https:\/\/karjerosdienos.vilniustech.lt\/en\/diskusiju-erdve\/\" \/>\n<meta property=\"og:locale\" content=\"en_US\" \/>\n<meta property=\"og:type\" content=\"article\" \/>\n<meta property=\"og:title\" content=\"Diskusij\u0173 erdv\u0117 - VILNIUS TECH Karjeros diena GRAVITY\" \/>\n<meta property=\"og:description\" content=\"Generaliniai partneriai, Partneriai, Dalyviai, Draugai ir Renginio R\u0117m\u0117jai\" \/>\n<meta property=\"og:url\" content=\"https:\/\/karjerosdienos.vilniustech.lt\/en\/diskusiju-erdve\/\" \/>\n<meta property=\"og:site_name\" content=\"VILNIUS TECH Karjeros diena GRAVITY\" \/>\n<meta property=\"article:publisher\" content=\"https:\/\/www.facebook.com\/kolegijoskarjeroscentras\" \/>\n<meta property=\"article:modified_time\" content=\"2025-03-27T08:16:29+00:00\" \/>\n<meta name=\"twitter:card\" content=\"summary_large_image\" \/>\n<meta name=\"twitter:label1\" content=\"Est. reading time\" \/>\n\t<meta name=\"twitter:data1\" content=\"1 minute\" \/>\n<script type=\"application\/ld+json\" class=\"yoast-schema-graph\">{\"@context\":\"https:\/\/schema.org\",\"@graph\":[{\"@type\":\"WebPage\",\"@id\":\"https:\/\/karjerosdienos.vilniustech.lt\/diskusiju-erdve\/\",\"url\":\"https:\/\/karjerosdienos.vilniustech.lt\/diskusiju-erdve\/\",\"name\":\"Diskusij\u0173 erdv\u0117 - VILNIUS TECH Karjeros diena GRAVITY\",\"isPartOf\":{\"@id\":\"https:\/\/karjerosdienos.vilniustech.lt\/#website\"},\"datePublished\":\"2024-07-10T12:56:22+00:00\",\"dateModified\":\"2025-03-27T08:16:29+00:00\",\"description\":\"Generaliniai partneriai, Partneriai, Dalyviai, Draugai ir Renginio R\u0117m\u0117jai\",\"breadcrumb\":{\"@id\":\"https:\/\/karjerosdienos.vilniustech.lt\/diskusiju-erdve\/#breadcrumb\"},\"inLanguage\":\"en-US\",\"potentialAction\":[{\"@type\":\"ReadAction\",\"target\":[\"https:\/\/karjerosdienos.vilniustech.lt\/diskusiju-erdve\/\"]}]},{\"@type\":\"BreadcrumbList\",\"@id\":\"https:\/\/karjerosdienos.vilniustech.lt\/diskusiju-erdve\/#breadcrumb\",\"itemListElement\":[{\"@type\":\"ListItem\",\"position\":1,\"name\":\"Home\",\"item\":\"https:\/\/karjerosdienos.vilniustech.lt\/\"},{\"@type\":\"ListItem\",\"position\":2,\"name\":\"Diskusij\u0173 erdv\u0117\"}]},{\"@type\":\"WebSite\",\"@id\":\"https:\/\/karjerosdienos.vilniustech.lt\/#website\",\"url\":\"https:\/\/karjerosdienos.vilniustech.lt\/\",\"name\":\"VILNIUS TECH Karjeros diena GRAVITY\",\"description\":\"VILNIUS TECH Karjeros diena GRAVITY\",\"publisher\":{\"@id\":\"https:\/\/karjerosdienos.vilniustech.lt\/#organization\"},\"potentialAction\":[{\"@type\":\"SearchAction\",\"target\":{\"@type\":\"EntryPoint\",\"urlTemplate\":\"https:\/\/karjerosdienos.vilniustech.lt\/?s={search_term_string}\"},\"query-input\":{\"@type\":\"PropertyValueSpecification\",\"valueRequired\":true,\"valueName\":\"search_term_string\"}}],\"inLanguage\":\"en-US\"},{\"@type\":\"Organization\",\"@id\":\"https:\/\/karjerosdienos.vilniustech.lt\/#organization\",\"name\":\"Karjeros dienos 2020\",\"url\":\"https:\/\/karjerosdienos.vilniustech.lt\/\",\"logo\":{\"@type\":\"ImageObject\",\"inLanguage\":\"en-US\",\"@id\":\"https:\/\/karjerosdienos.vilniustech.lt\/#\/schema\/logo\/image\/\",\"url\":\"\",\"contentUrl\":\"\",\"caption\":\"Karjeros dienos 2020\"},\"image\":{\"@id\":\"https:\/\/karjerosdienos.vilniustech.lt\/#\/schema\/logo\/image\/\"},\"sameAs\":[\"https:\/\/www.facebook.com\/kolegijoskarjeroscentras\"]}]}<\/script>\n<!-- \/ Yoast SEO plugin. -->","yoast_head_json":{"title":"Diskusij\u0173 erdv\u0117 - VILNIUS TECH Karjeros diena GRAVITY","description":"Generaliniai partneriai, Partneriai, Dalyviai, Draugai ir Renginio R\u0117m\u0117jai","robots":{"index":"index","follow":"follow","max-snippet":"max-snippet:-1","max-image-preview":"max-image-preview:large","max-video-preview":"max-video-preview:-1"},"canonical":"https:\/\/karjerosdienos.vilniustech.lt\/en\/diskusiju-erdve\/","og_locale":"en_US","og_type":"article","og_title":"Diskusij\u0173 erdv\u0117 - VILNIUS TECH Karjeros diena GRAVITY","og_description":"Generaliniai partneriai, Partneriai, Dalyviai, Draugai ir Renginio R\u0117m\u0117jai","og_url":"https:\/\/karjerosdienos.vilniustech.lt\/en\/diskusiju-erdve\/","og_site_name":"VILNIUS TECH Karjeros diena GRAVITY","article_publisher":"https:\/\/www.facebook.com\/kolegijoskarjeroscentras","article_modified_time":"2025-03-27T08:16:29+00:00","twitter_card":"summary_large_image","twitter_misc":{"Est. reading time":"1 minute"},"schema":{"@context":"https:\/\/schema.org","@graph":[{"@type":"WebPage","@id":"https:\/\/karjerosdienos.vilniustech.lt\/diskusiju-erdve\/","url":"https:\/\/karjerosdienos.vilniustech.lt\/diskusiju-erdve\/","name":"Diskusij\u0173 erdv\u0117 - VILNIUS TECH Karjeros diena GRAVITY","isPartOf":{"@id":"https:\/\/karjerosdienos.vilniustech.lt\/#website"},"datePublished":"2024-07-10T12:56:22+00:00","dateModified":"2025-03-27T08:16:29+00:00","description":"Generaliniai partneriai, Partneriai, Dalyviai, Draugai ir Renginio R\u0117m\u0117jai","breadcrumb":{"@id":"https:\/\/karjerosdienos.vilniustech.lt\/diskusiju-erdve\/#breadcrumb"},"inLanguage":"en-US","potentialAction":[{"@type":"ReadAction","target":["https:\/\/karjerosdienos.vilniustech.lt\/diskusiju-erdve\/"]}]},{"@type":"BreadcrumbList","@id":"https:\/\/karjerosdienos.vilniustech.lt\/diskusiju-erdve\/#breadcrumb","itemListElement":[{"@type":"ListItem","position":1,"name":"Home","item":"https:\/\/karjerosdienos.vilniustech.lt\/"},{"@type":"ListItem","position":2,"name":"Diskusij\u0173 erdv\u0117"}]},{"@type":"WebSite","@id":"https:\/\/karjerosdienos.vilniustech.lt\/#website","url":"https:\/\/karjerosdienos.vilniustech.lt\/","name":"VILNIUS TECH Karjeros diena GRAVITY","description":"VILNIUS TECH Karjeros diena GRAVITY","publisher":{"@id":"https:\/\/karjerosdienos.vilniustech.lt\/#organization"},"potentialAction":[{"@type":"SearchAction","target":{"@type":"EntryPoint","urlTemplate":"https:\/\/karjerosdienos.vilniustech.lt\/?s={search_term_string}"},"query-input":{"@type":"PropertyValueSpecification","valueRequired":true,"valueName":"search_term_string"}}],"inLanguage":"en-US"},{"@type":"Organization","@id":"https:\/\/karjerosdienos.vilniustech.lt\/#organization","name":"Karjeros dienos 2020","url":"https:\/\/karjerosdienos.vilniustech.lt\/","logo":{"@type":"ImageObject","inLanguage":"en-US","@id":"https:\/\/karjerosdienos.vilniustech.lt\/#\/schema\/logo\/image\/","url":"","contentUrl":"","caption":"Karjeros dienos 2020"},"image":{"@id":"https:\/\/karjerosdienos.vilniustech.lt\/#\/schema\/logo\/image\/"},"sameAs":["https:\/\/www.facebook.com\/kolegijoskarjeroscentras"]}]}},"_links":{"self":[{"href":"https:\/\/karjerosdienos.vilniustech.lt\/en\/wp-json\/wp\/v2\/pages\/5307","targetHints":{"allow":["GET"]}}],"collection":[{"href":"https:\/\/karjerosdienos.vilniustech.lt\/en\/wp-json\/wp\/v2\/pages"}],"about":[{"href":"https:\/\/karjerosdienos.vilniustech.lt\/en\/wp-json\/wp\/v2\/types\/page"}],"author":[{"embeddable":true,"href":"https:\/\/karjerosdienos.vilniustech.lt\/en\/wp-json\/wp\/v2\/users\/1"}],"replies":[{"embeddable":true,"href":"https:\/\/karjerosdienos.vilniustech.lt\/en\/wp-json\/wp\/v2\/comments?post=5307"}],"version-history":[{"count":3,"href":"https:\/\/karjerosdienos.vilniustech.lt\/en\/wp-json\/wp\/v2\/pages\/5307\/revisions"}],"predecessor-version":[{"id":8388,"href":"https:\/\/karjerosdienos.vilniustech.lt\/en\/wp-json\/wp\/v2\/pages\/5307\/revisions\/8388"}],"wp:attachment":[{"href":"https:\/\/karjerosdienos.vilniustech.lt\/en\/wp-json\/wp\/v2\/media?parent=5307"}],"curies":[{"name":"wp","href":"https:\/\/api.w.org\/{rel}","templated":true}]}}