{"id":8324,"date":"2025-03-26T10:21:19","date_gmt":"2025-03-26T08:21:19","guid":{"rendered":"https:\/\/karjerosdienos.vilniustech.lt\/?page_id=8324"},"modified":"2025-04-08T14:50:05","modified_gmt":"2025-04-08T12:50:05","slug":"2025-m","status":"publish","type":"page","link":"https:\/\/karjerosdienos.vilniustech.lt\/en\/2025-m\/","title":{"rendered":"2025 for students"},"content":{"rendered":"<section class=\"wpb-content-wrapper\"><div class=\"vc_row wpb_row vc_row-fluid vc_row-o-content-top vc_row-flex\"><div class=\"wpb_column vc_column_container vc_col-sm-12\"><div class=\"vc_column-inner\"><div class=\"wpb_wrapper\">\n\t<div class=\"wpb_text_column wpb_content_element\" >\n\t\t<div class=\"wpb_wrapper\">\n\t\t\t<h1 style=\"text-align: center;\">2025<\/h1>\n\n\t\t<\/div>\n\t<\/div>\n<\/div><\/div><\/div><\/div><div class=\"vc_row wpb_row vc_row-fluid vc_row-o-content-top vc_row-flex\"><div class=\"wpb_column vc_column_container vc_col-sm-8\"><div class=\"vc_column-inner\"><div class=\"wpb_wrapper\">        <div class=\"row\">\r\n            <div class=\"col-md-12 careerfy-typo-wrap\">\r\n                <div class=\"careerfy-about-text\">\r\n                                            <h2 >Event program<\/h2>\r\n                                            <p ><span style=\"color: #000000;\"><strong>Event location\u00a0<\/strong>VILNIUS TECH central building (Saul\u0117tekis av. 11, Vilnius)<\/span><\/p>\n<p><span style=\"color: #000000;\"><strong>Attending people<\/strong>: 5 000 \u2013 10 000<\/span><\/p>\n<p><span style=\"color: #000000;\"><strong>Format<\/strong>: exihibition + conference<\/span><\/p>\n<p><span style=\"color: #000000;\"><strong>GRAVITY<\/strong>\u00a0It is the mutual attraction center of scientific talents and leading businesses of the country, as well as modern organizations<\/span><\/p>\n<p><span style=\"color: #000000;\"><strong>Presenter: <\/strong>Justinas Jankevi\u010dius<\/span><\/p>\n<p><span style=\"color: #000000;\"><strong>Language<\/strong>: Lithuanian \/ English<\/span><\/p>\r\n                                    <\/div>\r\n            <\/div>\r\n                    <\/div>\r\n        \n\t<div class=\"wpb_text_column wpb_content_element\" >\n\t\t<div class=\"wpb_wrapper\">\n\t\t\t<p><span style=\"color: #000000;\">Location of the discussion area: VILNIUS TECH, A03 S2, 2nd floor.<\/span><\/p>\n<table>\n<tbody>\n<tr>\n<td width=\"104\">\n<p style=\"text-align: left;\"><span style=\"color: #000000;\">11:00 \u2013 11:15<\/span><\/p>\n<\/td>\n<td width=\"538\">\n<p style=\"text-align: left;\"><span style=\"color: #000000;\">Opening and Rector's Welcome Speech<\/span><\/p>\n<\/td>\n<\/tr>\n<tr>\n<td width=\"104\">\n<p style=\"text-align: left;\"><span style=\"color: #000000;\">11:15 \u2013 11:45<\/span><\/p>\n<\/td>\n<td width=\"538\">\n<p style=\"text-align: left;\"><span style=\"color: #000000;\">FL TECHNICS. Aviacijos technikas Mindaugas Lisauskas. \u201e<strong>Pasiruo\u0161imas skryd\u017eiui: karjeros kelias \u012f aviacij\u0105<\/strong>\u201d [LT]<\/span><\/p>\n<\/td>\n<\/tr>\n<tr>\n<td width=\"104\">\n<p style=\"text-align: left;\"><span style=\"color: #000000;\">11:45 \u2013 12:00<\/span><\/p>\n<\/td>\n<td width=\"538\">\n<p style=\"text-align: left;\"><span style=\"color: #000000;\">Break<\/span><\/p>\n<\/td>\n<\/tr>\n<tr>\n<td width=\"104\">\n<p style=\"text-align: left;\"><span style=\"color: #000000;\">12:00 \u2013 12:30<\/span><\/p>\n<\/td>\n<td width=\"538\">\n<p style=\"text-align: left;\"><span style=\"color: #000000;\">Ignitis grup\u0117s inovacij\u0173 vystymo vadovas Karolis Mirinavi\u010dius. \u201e<strong>Energetikos inovacijos \u2013 ar jas kursi tu?<\/strong>\u201d [LT]<\/span><\/p>\n<\/td>\n<\/tr>\n<tr>\n<td width=\"104\">\n<p style=\"text-align: left;\"><span style=\"color: #000000;\">12:30 \u2013 12:45<\/span><\/p>\n<\/td>\n<td width=\"538\">\n<p style=\"text-align: left;\"><span style=\"color: #000000;\">Break<\/span><\/p>\n<\/td>\n<\/tr>\n<tr>\n<td width=\"104\">\n<p style=\"text-align: left;\"><span style=\"color: #000000;\">12:45 \u2013 13:30<\/span><\/p>\n<\/td>\n<td width=\"538\">\n<p style=\"text-align: left;\"><span style=\"color: #000000;\">Discussion. &#8222;<strong>Kickstarting Your Career in Lithuania: A Guide for International Students<\/strong>&#8221; Chief Specialist at the VILNIUS TECH International Studies Center Lina Grigaitien\u0117, Business Advisor at Work in Lithuania Agn\u0117 Peredn\u0117, Head of International House Vilnius Indr\u0117 Lau\u010dien\u0117, Deputy Director of the Education Exchanges Support Foundation \u017dana Orlova. Discussion moderator &#8211; Justinas Jankevi\u010dius [ENG]<\/span><\/p>\n<\/td>\n<\/tr>\n<tr>\n<td width=\"104\">\n<p style=\"text-align: left;\"><span style=\"color: #000000;\">13:30 \u2013 14:00<\/span><\/p>\n<\/td>\n<td width=\"538\">\n<p style=\"text-align: left;\"><span style=\"color: #000000;\">Long break<\/span><\/p>\n<\/td>\n<\/tr>\n<tr>\n<td width=\"104\">\n<p style=\"text-align: left;\"><span style=\"color: #000000;\">14:00 \u2013 14:30<\/span><\/p>\n<\/td>\n<td width=\"538\">\n<p style=\"text-align: left;\"><span style=\"color: #000000;\">LTG group. LTG Infra Strategijos ir valdymo vadovas Ram\u016bnas Dok\u0161as. \u201e<strong>Gele\u017einkeliai 2.0. Apie LTG \u017emones ir kult\u016br\u0105 \u2013 ko ie\u0161ko \u0161iuolaikinis darbdavys?<\/strong>\u201d [LT]<\/span><\/p>\n<\/td>\n<\/tr>\n<tr>\n<td width=\"104\">\n<p style=\"text-align: left;\"><span style=\"color: #000000;\">14:30 \u2013 14:45<\/span><\/p>\n<\/td>\n<td width=\"538\">\n<p style=\"text-align: left;\"><span style=\"color: #000000;\">Break<\/span><\/p>\n<\/td>\n<\/tr>\n<tr>\n<td width=\"104\">\n<p style=\"text-align: left;\"><span style=\"color: #000000;\">14:45 \u2013 15:05<\/span><\/p>\n<\/td>\n<td width=\"538\">\n<p style=\"text-align: left;\"><span style=\"color: #000000;\">CyberCare, Tesonet. VILNIUS TECH alumna, Head of People &amp; Culture Liucil\u0117 Verve\u010dkait\u0117. \u201e<strong>Building a Career, Not Just a Job: What Employers Want You to Understand<\/strong>\u201d [ENG]<\/span><\/p>\n<\/td>\n<\/tr>\n<tr>\n<td width=\"104\">\n<p style=\"text-align: left;\"><span style=\"color: #000000;\">15:05 \u2013 15:20<\/span><\/p>\n<\/td>\n<td width=\"538\">\n<p style=\"text-align: left;\"><span style=\"color: #000000;\">Break<\/span><\/p>\n<\/td>\n<\/tr>\n<tr>\n<td width=\"104\">\n<p style=\"text-align: left;\"><span style=\"color: #000000;\">15:20 \u2013 15:50<\/span><\/p>\n<\/td>\n<td width=\"538\">\n<p style=\"text-align: left;\"><span style=\"color: #000000;\">Wargaming. General Manager Thaine Lyman. \u201e<strong>Gaming Industry \u2013 is it Tech or Entertainment?<\/strong>\u201d [ENG]\u00a0<\/span><\/p>\n<\/td>\n<\/tr>\n<tr>\n<td width=\"104\">\n<p style=\"text-align: left;\"><span style=\"color: #000000;\">15:50 \u2013 16:00<\/span><\/p>\n<\/td>\n<td width=\"538\">\n<p style=\"text-align: left;\"><span style=\"color: #000000;\">Conclusions and farewells<\/span><\/p>\n<\/td>\n<\/tr>\n<\/tbody>\n<\/table>\n\n\t\t<\/div>\n\t<\/div>\n<\/div><\/div><\/div><div class=\"wpb_column vc_column_container vc_col-sm-4\"><div class=\"vc_column-inner\"><div class=\"wpb_wrapper\">\n\t<div class=\"wpb_text_column wpb_content_element\" >\n\t\t<div class=\"wpb_wrapper\">\n\t\t\t<p style=\"text-align: center;\"><strong>Speakers<\/strong><\/p>\n\n\t\t<\/div>\n\t<\/div>\n<div class=\"vc_row wpb_row vc_inner vc_row-fluid\"><div class=\"wpb_column vc_column_container vc_col-sm-4\"><div class=\"vc_column-inner\"><div class=\"wpb_wrapper\">\n\t<div  class=\"wpb_single_image wpb_content_element vc_align_center\">\n\t\t\n\t\t<figure class=\"wpb_wrapper vc_figure\">\n\t\t\t<a class=\"\" data-lightbox=\"lightbox[rel-8324-1816165491]\" href=\"https:\/\/karjerosdienos.vilniustech.lt\/wp-content\/uploads\/2025\/03\/Untitled-design-19-819x1024.png\" target=\"_self\"><img fetchpriority=\"high\" decoding=\"async\" class=\"vc_single_image-img\" src=\"https:\/\/karjerosdienos.vilniustech.lt\/wp-content\/uploads\/2025\/03\/Untitled-design-19-200x265.png\" width=\"200\" height=\"265\" alt=\"\" title=\"\" \/><\/a>\n\t\t<\/figure>\n\t<\/div>\n\n\t<div class=\"wpb_text_column wpb_content_element\" >\n\t\t<div class=\"wpb_wrapper\">\n\t\t\t<p style=\"text-align: center;\">\u00a0<em>LTG group<\/em><\/p>\n<p style=\"text-align: center;\"><em>Ram\u016bnas Dok\u0161as<\/em><\/p>\n\n\t\t<\/div>\n\t<\/div>\n<\/div><\/div><\/div><div class=\"wpb_column vc_column_container vc_col-sm-4\"><div class=\"vc_column-inner\"><div class=\"wpb_wrapper\">\n\t<div  class=\"wpb_single_image wpb_content_element vc_align_center\">\n\t\t\n\t\t<figure class=\"wpb_wrapper vc_figure\">\n\t\t\t<a class=\"\" data-lightbox=\"lightbox[rel-8324-1674863177]\" href=\"https:\/\/karjerosdienos.vilniustech.lt\/wp-content\/uploads\/2025\/03\/Untitled-design-20-819x1024.png\" target=\"_self\"><img decoding=\"async\" class=\"vc_single_image-img\" src=\"https:\/\/karjerosdienos.vilniustech.lt\/wp-content\/uploads\/2025\/03\/Untitled-design-20-200x265.png\" width=\"200\" height=\"265\" alt=\"\" title=\"\" \/><\/a>\n\t\t<\/figure>\n\t<\/div>\n\n\t<div class=\"wpb_text_column wpb_content_element\" >\n\t\t<div class=\"wpb_wrapper\">\n\t\t\t<p style=\"text-align: center;\"><em>Ignitis Grup\u0117<\/em><\/p>\n<p style=\"text-align: center;\"><em> Karolis Mirinavi\u010dius<\/em><\/p>\n\n\t\t<\/div>\n\t<\/div>\n<\/div><\/div><\/div><div class=\"wpb_column vc_column_container vc_col-sm-4\"><div class=\"vc_column-inner\"><div class=\"wpb_wrapper\">\n\t<div  class=\"wpb_single_image wpb_content_element vc_align_center\">\n\t\t\n\t\t<figure class=\"wpb_wrapper vc_figure\">\n\t\t\t<div class=\"vc_single_image-wrapper   vc_box_border_grey\"><img decoding=\"async\" class=\"vc_single_image-img\" src=\"https:\/\/karjerosdienos.vilniustech.lt\/wp-content\/uploads\/2025\/03\/Untitled-design-24-200x265.png\" width=\"200\" height=\"265\" alt=\"\" title=\"\" \/><\/div>\n\t\t<\/figure>\n\t<\/div>\n\n\t<div class=\"wpb_text_column wpb_content_element\" >\n\t\t<div class=\"wpb_wrapper\">\n\t\t\t<p style=\"text-align: center;\"><em>CyberCare, Tesonet<\/em><\/p>\n<p style=\"text-align: center;\"><em> Liucil\u0117 Verve\u010dkait\u0117<\/em><\/p>\n\n\t\t<\/div>\n\t<\/div>\n<\/div><\/div><\/div><\/div><div class=\"vc_row wpb_row vc_inner vc_row-fluid\"><div class=\"wpb_column vc_column_container vc_col-sm-4\"><div class=\"vc_column-inner\"><div class=\"wpb_wrapper\">\n\t<div  class=\"wpb_single_image wpb_content_element vc_align_center\">\n\t\t\n\t\t<figure class=\"wpb_wrapper vc_figure\">\n\t\t\t<a class=\"\" data-lightbox=\"lightbox[rel-8324-1432508600]\" href=\"https:\/\/karjerosdienos.vilniustech.lt\/wp-content\/uploads\/2025\/04\/Untitled-design-25.jpg\" target=\"_self\"><img loading=\"lazy\" decoding=\"async\" class=\"vc_single_image-img\" src=\"https:\/\/karjerosdienos.vilniustech.lt\/wp-content\/uploads\/2025\/04\/Untitled-design-25-200x265.jpg\" width=\"200\" height=\"265\" alt=\"\" title=\"\" \/><\/a>\n\t\t<\/figure>\n\t<\/div>\n\n\t<div class=\"wpb_text_column wpb_content_element\" >\n\t\t<div class=\"wpb_wrapper\">\n\t\t\t<p style=\"text-align: center;\"><em>Education Exchanges Support Foundation<\/em><\/p>\n<p style=\"text-align: center;\"><em>\u017dana Orlova<\/em><\/p>\n\n\t\t<\/div>\n\t<\/div>\n<\/div><\/div><\/div><div class=\"wpb_column vc_column_container vc_col-sm-4\"><div class=\"vc_column-inner\"><div class=\"wpb_wrapper\">\n\t<div  class=\"wpb_single_image wpb_content_element vc_align_center\">\n\t\t\n\t\t<figure class=\"wpb_wrapper vc_figure\">\n\t\t\t<a class=\"\" data-lightbox=\"lightbox[rel-8324-3078334206]\" href=\"https:\/\/karjerosdienos.vilniustech.lt\/wp-content\/uploads\/2025\/04\/Untitled-design-26-819x1024.png\" target=\"_self\"><img loading=\"lazy\" decoding=\"async\" class=\"vc_single_image-img\" src=\"https:\/\/karjerosdienos.vilniustech.lt\/wp-content\/uploads\/2025\/04\/Untitled-design-26-200x265.png\" width=\"200\" height=\"265\" alt=\"\" title=\"\" \/><\/a>\n\t\t<\/figure>\n\t<\/div>\n\n\t<div class=\"wpb_text_column wpb_content_element\" >\n\t\t<div class=\"wpb_wrapper\">\n\t\t\t<p style=\"text-align: center;\"><em>International House Vilnius<\/em><\/p>\n<p style=\"text-align: center;\"><em> Indr\u0117 Lau\u010dien\u0117<\/em><\/p>\n\n\t\t<\/div>\n\t<\/div>\n<\/div><\/div><\/div><div class=\"wpb_column vc_column_container vc_col-sm-4\"><div class=\"vc_column-inner\"><div class=\"wpb_wrapper\">\n\t<div  class=\"wpb_single_image wpb_content_element vc_align_center\">\n\t\t\n\t\t<figure class=\"wpb_wrapper vc_figure\">\n\t\t\t<div class=\"vc_single_image-wrapper   vc_box_border_grey\"><img loading=\"lazy\" decoding=\"async\" class=\"vc_single_image-img\" src=\"https:\/\/karjerosdienos.vilniustech.lt\/wp-content\/uploads\/2025\/04\/Untitled-design-27-200x265.png\" width=\"200\" height=\"265\" alt=\"\" title=\"\" \/><\/div>\n\t\t<\/figure>\n\t<\/div>\n\n\t<div class=\"wpb_text_column wpb_content_element\" >\n\t\t<div class=\"wpb_wrapper\">\n\t\t\t<p style=\"text-align: center;\"><em>VILNIUS TECH<\/em><\/p>\n<p style=\"text-align: center;\"><em>Lina Grigaitien\u0117<\/em><\/p>\n\n\t\t<\/div>\n\t<\/div>\n<\/div><\/div><\/div><\/div>\n\t<div class=\"wpb_text_column wpb_content_element\" >\n\t\t<div class=\"wpb_wrapper\">\n\t\t\t\n\t\t<\/div>\n\t<\/div>\n<div class=\"vc_row wpb_row vc_inner vc_row-fluid\"><div class=\"wpb_column vc_column_container vc_col-sm-4\"><div class=\"vc_column-inner\"><div class=\"wpb_wrapper\">\n\t<div  class=\"wpb_single_image wpb_content_element vc_align_center\">\n\t\t\n\t\t<figure class=\"wpb_wrapper vc_figure\">\n\t\t\t<a class=\"\" data-lightbox=\"lightbox[rel-8324-2416742422]\" href=\"https:\/\/karjerosdienos.vilniustech.lt\/wp-content\/uploads\/2025\/03\/Untitled-design-22-819x1024.png\" target=\"_self\"><img loading=\"lazy\" decoding=\"async\" class=\"vc_single_image-img\" src=\"https:\/\/karjerosdienos.vilniustech.lt\/wp-content\/uploads\/2025\/03\/Untitled-design-22-200x265.png\" width=\"200\" height=\"265\" alt=\"\" title=\"\" \/><\/a>\n\t\t<\/figure>\n\t<\/div>\n\n\t<div class=\"wpb_text_column wpb_content_element\" >\n\t\t<div class=\"wpb_wrapper\">\n\t\t\t<p style=\"text-align: center;\">Wargaming<\/p>\n<p style=\"text-align: center;\">Thaine Lyman<\/p>\n\n\t\t<\/div>\n\t<\/div>\n<\/div><\/div><\/div><div class=\"wpb_column vc_column_container vc_col-sm-4\"><div class=\"vc_column-inner\"><div class=\"wpb_wrapper\">\n\t<div  class=\"wpb_single_image wpb_content_element vc_align_center\">\n\t\t\n\t\t<figure class=\"wpb_wrapper vc_figure\">\n\t\t\t<a class=\"\" data-lightbox=\"lightbox[rel-8324-1112877387]\" href=\"https:\/\/karjerosdienos.vilniustech.lt\/wp-content\/uploads\/2025\/03\/Untitled-design-23-819x1024.png\" target=\"_self\"><img loading=\"lazy\" decoding=\"async\" class=\"vc_single_image-img\" src=\"https:\/\/karjerosdienos.vilniustech.lt\/wp-content\/uploads\/2025\/03\/Untitled-design-23-200x265.png\" width=\"200\" height=\"265\" alt=\"\" title=\"\" \/><\/a>\n\t\t<\/figure>\n\t<\/div>\n\n\t<div class=\"wpb_text_column wpb_content_element\" >\n\t\t<div class=\"wpb_wrapper\">\n\t\t\t<p style=\"text-align: center;\"><em>FL TECHNICS<\/em><\/p>\n<p style=\"text-align: center;\"><em>Mindaugas Lisauskas<\/em><\/p>\n\n\t\t<\/div>\n\t<\/div>\n<\/div><\/div><\/div><div class=\"wpb_column vc_column_container vc_col-sm-4\"><div class=\"vc_column-inner\"><div class=\"wpb_wrapper\">\n\t<div  class=\"wpb_single_image wpb_content_element vc_align_left\">\n\t\t\n\t\t<figure class=\"wpb_wrapper vc_figure\">\n\t\t\t<div class=\"vc_single_image-wrapper   vc_box_border_grey\"><img loading=\"lazy\" decoding=\"async\" class=\"vc_single_image-img\" src=\"https:\/\/karjerosdienos.vilniustech.lt\/wp-content\/uploads\/2025\/04\/Untitled-design-28-200x265.png\" width=\"200\" height=\"265\" alt=\"\" title=\"\" \/><\/div>\n\t\t<\/figure>\n\t<\/div>\n\n\t<div class=\"wpb_text_column wpb_content_element\" >\n\t\t<div class=\"wpb_wrapper\">\n\t\t\t<p style=\"text-align: center;\"><em>Investuok Lietuvoje<\/em><\/p>\n<p style=\"text-align: center;\"><em>Agn\u0117 Peredn\u0117<\/em><\/p>\n\n\t\t<\/div>\n\t<\/div>\n<\/div><\/div><\/div><\/div><\/div><\/div><\/div><\/div>\n<\/section>","protected":false},"excerpt":{"rendered":"2025 Renginio programa Renginio lokacija:\u00a0VILNIUS TECH centriniai r\u016bmai (Saul\u0117tekio al. 11, Vilnius) \u017dmoni\u0173 skai\u010dius: 5 000 \u2013 10 000 Formatas: paroda + konferencija GRAVITY\u00a0\u2013 tai mokslo talent\u0173 ir lyderiaujan\u010di\u0173 \u0161alies versl\u0173 bei moderni\u0173 organizacij\u0173 tarpusavio traukos centras. Ved\u0117jas: Justinas Jankevi\u010dius Kalba: Lietuvi\u0173 \/ Angl\u0173 Diskusij\u0173 zonos lokacija: VILNIUS TECH, A03 S2, 2 auk\u0161tas. 11:00 \u2013...","protected":false},"author":1,"featured_media":0,"parent":0,"menu_order":0,"comment_status":"closed","ping_status":"closed","template":"","meta":{"footnotes":""},"class_list":["post-8324","page","type-page","status-publish","hentry"],"yoast_head":"<!-- This site is optimized with the Yoast SEO plugin v25.4 - https:\/\/yoast.com\/wordpress\/plugins\/seo\/ -->\n<title>2025 m. studentams - VILNIUS TECH Karjeros diena GRAVITY<\/title>\n<meta name=\"description\" content=\"Generaliniai partneriai, Partneriai, Dalyviai, Draugai ir Renginio R\u0117m\u0117jai\" \/>\n<meta name=\"robots\" content=\"index, follow, max-snippet:-1, max-image-preview:large, max-video-preview:-1\" \/>\n<link rel=\"canonical\" href=\"https:\/\/karjerosdienos.vilniustech.lt\/en\/2025-m\/\" \/>\n<meta property=\"og:locale\" content=\"en_US\" \/>\n<meta property=\"og:type\" content=\"article\" \/>\n<meta property=\"og:title\" content=\"2025 m. studentams - VILNIUS TECH Karjeros diena GRAVITY\" \/>\n<meta property=\"og:description\" content=\"Generaliniai partneriai, Partneriai, Dalyviai, Draugai ir Renginio R\u0117m\u0117jai\" \/>\n<meta property=\"og:url\" content=\"https:\/\/karjerosdienos.vilniustech.lt\/en\/2025-m\/\" \/>\n<meta property=\"og:site_name\" content=\"VILNIUS TECH Karjeros diena GRAVITY\" \/>\n<meta property=\"article:publisher\" content=\"https:\/\/www.facebook.com\/kolegijoskarjeroscentras\" \/>\n<meta property=\"article:modified_time\" content=\"2025-04-08T12:50:05+00:00\" \/>\n<meta name=\"twitter:card\" content=\"summary_large_image\" \/>\n<meta name=\"twitter:label1\" content=\"Est. reading time\" \/>\n\t<meta name=\"twitter:data1\" content=\"2 minutes\" \/>\n<script type=\"application\/ld+json\" class=\"yoast-schema-graph\">{\"@context\":\"https:\/\/schema.org\",\"@graph\":[{\"@type\":\"WebPage\",\"@id\":\"https:\/\/karjerosdienos.vilniustech.lt\/2025-m\/\",\"url\":\"https:\/\/karjerosdienos.vilniustech.lt\/2025-m\/\",\"name\":\"2025 m. studentams - VILNIUS TECH Karjeros diena GRAVITY\",\"isPartOf\":{\"@id\":\"https:\/\/karjerosdienos.vilniustech.lt\/#website\"},\"datePublished\":\"2025-03-26T08:21:19+00:00\",\"dateModified\":\"2025-04-08T12:50:05+00:00\",\"description\":\"Generaliniai partneriai, Partneriai, Dalyviai, Draugai ir Renginio R\u0117m\u0117jai\",\"breadcrumb\":{\"@id\":\"https:\/\/karjerosdienos.vilniustech.lt\/2025-m\/#breadcrumb\"},\"inLanguage\":\"en-US\",\"potentialAction\":[{\"@type\":\"ReadAction\",\"target\":[\"https:\/\/karjerosdienos.vilniustech.lt\/2025-m\/\"]}]},{\"@type\":\"BreadcrumbList\",\"@id\":\"https:\/\/karjerosdienos.vilniustech.lt\/2025-m\/#breadcrumb\",\"itemListElement\":[{\"@type\":\"ListItem\",\"position\":1,\"name\":\"Home\",\"item\":\"https:\/\/karjerosdienos.vilniustech.lt\/\"},{\"@type\":\"ListItem\",\"position\":2,\"name\":\"2025 m. studentams\"}]},{\"@type\":\"WebSite\",\"@id\":\"https:\/\/karjerosdienos.vilniustech.lt\/#website\",\"url\":\"https:\/\/karjerosdienos.vilniustech.lt\/\",\"name\":\"VILNIUS TECH Karjeros diena GRAVITY\",\"description\":\"VILNIUS TECH Karjeros diena GRAVITY\",\"publisher\":{\"@id\":\"https:\/\/karjerosdienos.vilniustech.lt\/#organization\"},\"potentialAction\":[{\"@type\":\"SearchAction\",\"target\":{\"@type\":\"EntryPoint\",\"urlTemplate\":\"https:\/\/karjerosdienos.vilniustech.lt\/?s={search_term_string}\"},\"query-input\":{\"@type\":\"PropertyValueSpecification\",\"valueRequired\":true,\"valueName\":\"search_term_string\"}}],\"inLanguage\":\"en-US\"},{\"@type\":\"Organization\",\"@id\":\"https:\/\/karjerosdienos.vilniustech.lt\/#organization\",\"name\":\"Karjeros dienos 2020\",\"url\":\"https:\/\/karjerosdienos.vilniustech.lt\/\",\"logo\":{\"@type\":\"ImageObject\",\"inLanguage\":\"en-US\",\"@id\":\"https:\/\/karjerosdienos.vilniustech.lt\/#\/schema\/logo\/image\/\",\"url\":\"\",\"contentUrl\":\"\",\"caption\":\"Karjeros dienos 2020\"},\"image\":{\"@id\":\"https:\/\/karjerosdienos.vilniustech.lt\/#\/schema\/logo\/image\/\"},\"sameAs\":[\"https:\/\/www.facebook.com\/kolegijoskarjeroscentras\"]}]}<\/script>\n<!-- \/ Yoast SEO plugin. -->","yoast_head_json":{"title":"2025 m. studentams - VILNIUS TECH Karjeros diena GRAVITY","description":"Generaliniai partneriai, Partneriai, Dalyviai, Draugai ir Renginio R\u0117m\u0117jai","robots":{"index":"index","follow":"follow","max-snippet":"max-snippet:-1","max-image-preview":"max-image-preview:large","max-video-preview":"max-video-preview:-1"},"canonical":"https:\/\/karjerosdienos.vilniustech.lt\/en\/2025-m\/","og_locale":"en_US","og_type":"article","og_title":"2025 m. studentams - VILNIUS TECH Karjeros diena GRAVITY","og_description":"Generaliniai partneriai, Partneriai, Dalyviai, Draugai ir Renginio R\u0117m\u0117jai","og_url":"https:\/\/karjerosdienos.vilniustech.lt\/en\/2025-m\/","og_site_name":"VILNIUS TECH Karjeros diena GRAVITY","article_publisher":"https:\/\/www.facebook.com\/kolegijoskarjeroscentras","article_modified_time":"2025-04-08T12:50:05+00:00","twitter_card":"summary_large_image","twitter_misc":{"Est. reading time":"2 minutes"},"schema":{"@context":"https:\/\/schema.org","@graph":[{"@type":"WebPage","@id":"https:\/\/karjerosdienos.vilniustech.lt\/2025-m\/","url":"https:\/\/karjerosdienos.vilniustech.lt\/2025-m\/","name":"2025 m. studentams - VILNIUS TECH Karjeros diena GRAVITY","isPartOf":{"@id":"https:\/\/karjerosdienos.vilniustech.lt\/#website"},"datePublished":"2025-03-26T08:21:19+00:00","dateModified":"2025-04-08T12:50:05+00:00","description":"Generaliniai partneriai, Partneriai, Dalyviai, Draugai ir Renginio R\u0117m\u0117jai","breadcrumb":{"@id":"https:\/\/karjerosdienos.vilniustech.lt\/2025-m\/#breadcrumb"},"inLanguage":"en-US","potentialAction":[{"@type":"ReadAction","target":["https:\/\/karjerosdienos.vilniustech.lt\/2025-m\/"]}]},{"@type":"BreadcrumbList","@id":"https:\/\/karjerosdienos.vilniustech.lt\/2025-m\/#breadcrumb","itemListElement":[{"@type":"ListItem","position":1,"name":"Home","item":"https:\/\/karjerosdienos.vilniustech.lt\/"},{"@type":"ListItem","position":2,"name":"2025 m. studentams"}]},{"@type":"WebSite","@id":"https:\/\/karjerosdienos.vilniustech.lt\/#website","url":"https:\/\/karjerosdienos.vilniustech.lt\/","name":"VILNIUS TECH Karjeros diena GRAVITY","description":"VILNIUS TECH Karjeros diena GRAVITY","publisher":{"@id":"https:\/\/karjerosdienos.vilniustech.lt\/#organization"},"potentialAction":[{"@type":"SearchAction","target":{"@type":"EntryPoint","urlTemplate":"https:\/\/karjerosdienos.vilniustech.lt\/?s={search_term_string}"},"query-input":{"@type":"PropertyValueSpecification","valueRequired":true,"valueName":"search_term_string"}}],"inLanguage":"en-US"},{"@type":"Organization","@id":"https:\/\/karjerosdienos.vilniustech.lt\/#organization","name":"Karjeros dienos 2020","url":"https:\/\/karjerosdienos.vilniustech.lt\/","logo":{"@type":"ImageObject","inLanguage":"en-US","@id":"https:\/\/karjerosdienos.vilniustech.lt\/#\/schema\/logo\/image\/","url":"","contentUrl":"","caption":"Karjeros dienos 2020"},"image":{"@id":"https:\/\/karjerosdienos.vilniustech.lt\/#\/schema\/logo\/image\/"},"sameAs":["https:\/\/www.facebook.com\/kolegijoskarjeroscentras"]}]}},"_links":{"self":[{"href":"https:\/\/karjerosdienos.vilniustech.lt\/en\/wp-json\/wp\/v2\/pages\/8324","targetHints":{"allow":["GET"]}}],"collection":[{"href":"https:\/\/karjerosdienos.vilniustech.lt\/en\/wp-json\/wp\/v2\/pages"}],"about":[{"href":"https:\/\/karjerosdienos.vilniustech.lt\/en\/wp-json\/wp\/v2\/types\/page"}],"author":[{"embeddable":true,"href":"https:\/\/karjerosdienos.vilniustech.lt\/en\/wp-json\/wp\/v2\/users\/1"}],"replies":[{"embeddable":true,"href":"https:\/\/karjerosdienos.vilniustech.lt\/en\/wp-json\/wp\/v2\/comments?post=8324"}],"version-history":[{"count":31,"href":"https:\/\/karjerosdienos.vilniustech.lt\/en\/wp-json\/wp\/v2\/pages\/8324\/revisions"}],"predecessor-version":[{"id":8643,"href":"https:\/\/karjerosdienos.vilniustech.lt\/en\/wp-json\/wp\/v2\/pages\/8324\/revisions\/8643"}],"wp:attachment":[{"href":"https:\/\/karjerosdienos.vilniustech.lt\/en\/wp-json\/wp\/v2\/media?parent=8324"}],"curies":[{"name":"wp","href":"https:\/\/api.w.org\/{rel}","templated":true}]}}