{"id":8356,"date":"2025-03-26T13:17:27","date_gmt":"2025-03-26T11:17:27","guid":{"rendered":"https:\/\/karjerosdienos.vilniustech.lt\/?page_id=8356"},"modified":"2025-04-07T15:10:17","modified_gmt":"2025-04-07T13:10:17","slug":"2025-m-moksleiviams","status":"publish","type":"page","link":"https:\/\/karjerosdienos.vilniustech.lt\/en\/2025-m-moksleiviams\/","title":{"rendered":"2025 for pupils"},"content":{"rendered":"<section class=\"wpb-content-wrapper\"><div class=\"vc_row wpb_row vc_row-fluid vc_row-o-content-top vc_row-flex\"><div class=\"wpb_column vc_column_container vc_col-sm-12\"><div class=\"vc_column-inner\"><div class=\"wpb_wrapper\">\n\t<div class=\"wpb_text_column wpb_content_element\" >\n\t\t<div class=\"wpb_wrapper\">\n\t\t\t<h1 style=\"text-align: center;\">2025<\/h1>\n\n\t\t<\/div>\n\t<\/div>\n<\/div><\/div><\/div><\/div><div class=\"vc_row wpb_row vc_row-fluid\"><div class=\"wpb_column vc_column_container vc_col-sm-12\"><div class=\"vc_column-inner\"><div class=\"wpb_wrapper\">\n\t<div class=\"wpb_text_column wpb_content_element\" >\n\t\t<div class=\"wpb_wrapper\">\n\t\t\t<h2><span style=\"color: #000000;\">PRANE\u0160IM\u0172 MOKSLEIVIAMS PROGRAMA<\/span><\/h2>\n<p>&nbsp;<\/p>\n<p><span style=\"color: #000000;\"><strong>Atidarymas <\/strong>\u2013 VILNIUS TECH, S2, 2 auk\u0161to foje<\/span><\/p>\n<p><span style=\"color: #000000;\"><strong>Moksleivi\u0173 diskusij\u0173 zonos lokacija <\/strong>\u2013 VILNIUS TECH, A06, S2, 2 auk\u0161tas.<\/span><\/p>\n<p><span style=\"color: #000000;\"><strong>GRAVITY<\/strong>\u00a0It is the mutual attraction center of scientific talents and leading businesses of the country, as well as modern organizations<\/span><\/p>\n<p><span style=\"color: #000000;\"><strong>Prane\u0161im\u0173 moderatorius <\/strong>\u2013 Strategin\u0117s partneryst\u0117s centro vyriausioji specialist\u0117 Gintar\u0117 By\u010denkait\u0117.<\/span><\/p>\n<p><span style=\"color: #000000;\"><strong>Language<\/strong>: Lietuvi\u0173.<\/span><\/p>\n\n\t\t<\/div>\n\t<\/div>\n<\/div><\/div><\/div><\/div><div class=\"vc_row wpb_row vc_row-fluid vc_row-o-content-top vc_row-flex\"><div class=\"wpb_column vc_column_container vc_col-sm-12\"><div class=\"vc_column-inner\"><div class=\"wpb_wrapper\"><div class=\"vc_btn3-container vc_btn3-center\" ><a class=\"vc_general vc_btn3 vc_btn3-size-md vc_btn3-shape-rounded vc_btn3-style-3d vc_btn3-color-blue\" href=\"https:\/\/forms.office.com\/e\/7LN1nYYabq\" title=\"\" target=\"_blank\">Registracija \u012f moksleivi\u0173 prane\u0161imus<\/a><\/div>\n\t<div class=\"wpb_text_column wpb_content_element\" >\n\t\t<div class=\"wpb_wrapper\">\n\t\t\t<p><span style=\"color: #000000;\"><strong>11:00 &#8211; 11:15 val.<\/strong> Atidarymas ir rektoriaus sveikinimo \u017eodis (VILNIUS TECH, S2, 2 auk\u0161to foje)<\/span><\/p>\n<p><span style=\"color: #000000;\"><strong>11:20 &#8211; 11:45 val.<\/strong> MARS Lietuva R&amp;D programos vadov\u0117 regionui Reda Meidien\u0117 &#8211; <em>Ne \u201ek\u0105 veiksi\u201c, o \u201ek\u0105 keisi\u201c \u2013 tikras karjeros klausimas<\/em><\/span><\/p>\n<p><span style=\"color: #000000;\"><strong>12:00 \u2013 12:25 val.<\/strong> Ignitis Grup\u0117 #EnergySmartSTART \u0161vietimo program\u0173 vadov\u0117 Vaiva Rutkauskait\u0117 &#8211; <em>Ateities profesija, kuriai nerasi lygi\u0173<\/em><\/span><\/p>\n<p><span style=\"color: #000000;\"><strong>12:40 \u2013 13:05 val.<\/strong> Mechatronikos, robotikos ir skaitmenin\u0117s gamybos katedros laboratorij\u0173 ved\u0117jas Mantas Makulavi\u010dius &#8211;\u00a0<em> Kiek \u017einai apie robotus ir dirbtin\u012f intelekt\u0105? + Quiz<\/em><\/span><\/p>\n<p><span style=\"color: #000000;\"><strong>13:20 \u2013 13:45 val.<\/strong> Cyber Care talent\u0173 paie\u0161kos specialist\u0117s Gabija Ei\u010dait\u0117 ir Jor\u016bn\u0117 \u017diobait\u0117 &#8211; <em>Startuoliai: mitai, realyb\u0117 ir galimyb\u0117s talentams be patirties<\/em><\/span><\/p>\n<p><span style=\"color: #000000;\"><strong>14:00 \u2013 14:25 val.<\/strong> Light Conversion projekt\u0173 valdymo grup\u0117s vadov\u0117 Renata \u017daliauskait\u0117 ir mechanikos skyriaus vadovas Robert Medek\u0161a &#8211; <em>In\u017einieriaus kelias: nuo pirmo br\u0117\u017einio iki vadovo k\u0117d\u0117s<\/em><\/span><\/p>\n<p><span style=\"color: #000000;\"><strong>15:50 &#8211; 16:00 val.<\/strong> Renginio apibendrinimas ir atsisveikinimas<\/span><\/p>\n\n\t\t<\/div>\n\t<\/div>\n<\/div><\/div><\/div><\/div>\n<\/section>","protected":false},"excerpt":{"rendered":"2025 PRANE\u0160IM\u0172 MOKSLEIVIAMS PROGRAMA &nbsp; Atidarymas \u2013 VILNIUS TECH, S2, 2 auk\u0161to foje Moksleivi\u0173 diskusij\u0173 zonos lokacija \u2013 VILNIUS TECH, A06, S2, 2 auk\u0161tas. GRAVITY\u00a0\u2013 tai mokslo talent\u0173 ir lyderiaujan\u010di\u0173 \u0161alies versl\u0173 bei moderni\u0173 organizacij\u0173 tarpusavio traukos centras. Prane\u0161im\u0173 moderatorius \u2013 Strategin\u0117s partneryst\u0117s centro vyriausioji specialist\u0117 Gintar\u0117 By\u010denkait\u0117. Kalba: Lietuvi\u0173. Registracija \u012f moksleivi\u0173 prane\u0161imus 11:00...","protected":false},"author":1,"featured_media":0,"parent":0,"menu_order":0,"comment_status":"closed","ping_status":"closed","template":"","meta":{"footnotes":""},"class_list":["post-8356","page","type-page","status-publish","hentry"],"yoast_head":"<!-- This site is optimized with the Yoast SEO plugin v25.4 - https:\/\/yoast.com\/wordpress\/plugins\/seo\/ -->\n<title>2025 m. moksleiviams - VILNIUS TECH Karjeros diena GRAVITY<\/title>\n<meta name=\"description\" content=\"Generaliniai partneriai, Partneriai, Dalyviai, Draugai ir Renginio R\u0117m\u0117jai\" \/>\n<meta name=\"robots\" content=\"index, follow, max-snippet:-1, max-image-preview:large, max-video-preview:-1\" \/>\n<link rel=\"canonical\" href=\"https:\/\/karjerosdienos.vilniustech.lt\/en\/2025-m-moksleiviams\/\" \/>\n<meta property=\"og:locale\" content=\"en_US\" \/>\n<meta property=\"og:type\" content=\"article\" \/>\n<meta property=\"og:title\" content=\"2025 m. moksleiviams - VILNIUS TECH Karjeros diena GRAVITY\" \/>\n<meta property=\"og:description\" content=\"Generaliniai partneriai, Partneriai, Dalyviai, Draugai ir Renginio R\u0117m\u0117jai\" \/>\n<meta property=\"og:url\" content=\"https:\/\/karjerosdienos.vilniustech.lt\/en\/2025-m-moksleiviams\/\" \/>\n<meta property=\"og:site_name\" content=\"VILNIUS TECH Karjeros diena GRAVITY\" \/>\n<meta property=\"article:publisher\" content=\"https:\/\/www.facebook.com\/kolegijoskarjeroscentras\" \/>\n<meta property=\"article:modified_time\" content=\"2025-04-07T13:10:17+00:00\" \/>\n<meta name=\"twitter:card\" content=\"summary_large_image\" \/>\n<meta name=\"twitter:label1\" content=\"Est. reading time\" \/>\n\t<meta name=\"twitter:data1\" content=\"2 minutes\" \/>\n<script type=\"application\/ld+json\" class=\"yoast-schema-graph\">{\"@context\":\"https:\/\/schema.org\",\"@graph\":[{\"@type\":\"WebPage\",\"@id\":\"https:\/\/karjerosdienos.vilniustech.lt\/2025-m-moksleiviams\/\",\"url\":\"https:\/\/karjerosdienos.vilniustech.lt\/2025-m-moksleiviams\/\",\"name\":\"2025 m. moksleiviams - VILNIUS TECH Karjeros diena GRAVITY\",\"isPartOf\":{\"@id\":\"https:\/\/karjerosdienos.vilniustech.lt\/#website\"},\"datePublished\":\"2025-03-26T11:17:27+00:00\",\"dateModified\":\"2025-04-07T13:10:17+00:00\",\"description\":\"Generaliniai partneriai, Partneriai, Dalyviai, Draugai ir Renginio R\u0117m\u0117jai\",\"breadcrumb\":{\"@id\":\"https:\/\/karjerosdienos.vilniustech.lt\/2025-m-moksleiviams\/#breadcrumb\"},\"inLanguage\":\"en-US\",\"potentialAction\":[{\"@type\":\"ReadAction\",\"target\":[\"https:\/\/karjerosdienos.vilniustech.lt\/2025-m-moksleiviams\/\"]}]},{\"@type\":\"BreadcrumbList\",\"@id\":\"https:\/\/karjerosdienos.vilniustech.lt\/2025-m-moksleiviams\/#breadcrumb\",\"itemListElement\":[{\"@type\":\"ListItem\",\"position\":1,\"name\":\"Home\",\"item\":\"https:\/\/karjerosdienos.vilniustech.lt\/\"},{\"@type\":\"ListItem\",\"position\":2,\"name\":\"2025 m. moksleiviams\"}]},{\"@type\":\"WebSite\",\"@id\":\"https:\/\/karjerosdienos.vilniustech.lt\/#website\",\"url\":\"https:\/\/karjerosdienos.vilniustech.lt\/\",\"name\":\"VILNIUS TECH Karjeros diena GRAVITY\",\"description\":\"VILNIUS TECH Karjeros diena GRAVITY\",\"publisher\":{\"@id\":\"https:\/\/karjerosdienos.vilniustech.lt\/#organization\"},\"potentialAction\":[{\"@type\":\"SearchAction\",\"target\":{\"@type\":\"EntryPoint\",\"urlTemplate\":\"https:\/\/karjerosdienos.vilniustech.lt\/?s={search_term_string}\"},\"query-input\":{\"@type\":\"PropertyValueSpecification\",\"valueRequired\":true,\"valueName\":\"search_term_string\"}}],\"inLanguage\":\"en-US\"},{\"@type\":\"Organization\",\"@id\":\"https:\/\/karjerosdienos.vilniustech.lt\/#organization\",\"name\":\"Karjeros dienos 2020\",\"url\":\"https:\/\/karjerosdienos.vilniustech.lt\/\",\"logo\":{\"@type\":\"ImageObject\",\"inLanguage\":\"en-US\",\"@id\":\"https:\/\/karjerosdienos.vilniustech.lt\/#\/schema\/logo\/image\/\",\"url\":\"\",\"contentUrl\":\"\",\"caption\":\"Karjeros dienos 2020\"},\"image\":{\"@id\":\"https:\/\/karjerosdienos.vilniustech.lt\/#\/schema\/logo\/image\/\"},\"sameAs\":[\"https:\/\/www.facebook.com\/kolegijoskarjeroscentras\"]}]}<\/script>\n<!-- \/ Yoast SEO plugin. -->","yoast_head_json":{"title":"2025 m. moksleiviams - VILNIUS TECH Karjeros diena GRAVITY","description":"Generaliniai partneriai, Partneriai, Dalyviai, Draugai ir Renginio R\u0117m\u0117jai","robots":{"index":"index","follow":"follow","max-snippet":"max-snippet:-1","max-image-preview":"max-image-preview:large","max-video-preview":"max-video-preview:-1"},"canonical":"https:\/\/karjerosdienos.vilniustech.lt\/en\/2025-m-moksleiviams\/","og_locale":"en_US","og_type":"article","og_title":"2025 m. moksleiviams - VILNIUS TECH Karjeros diena GRAVITY","og_description":"Generaliniai partneriai, Partneriai, Dalyviai, Draugai ir Renginio R\u0117m\u0117jai","og_url":"https:\/\/karjerosdienos.vilniustech.lt\/en\/2025-m-moksleiviams\/","og_site_name":"VILNIUS TECH Karjeros diena GRAVITY","article_publisher":"https:\/\/www.facebook.com\/kolegijoskarjeroscentras","article_modified_time":"2025-04-07T13:10:17+00:00","twitter_card":"summary_large_image","twitter_misc":{"Est. reading time":"2 minutes"},"schema":{"@context":"https:\/\/schema.org","@graph":[{"@type":"WebPage","@id":"https:\/\/karjerosdienos.vilniustech.lt\/2025-m-moksleiviams\/","url":"https:\/\/karjerosdienos.vilniustech.lt\/2025-m-moksleiviams\/","name":"2025 m. moksleiviams - VILNIUS TECH Karjeros diena GRAVITY","isPartOf":{"@id":"https:\/\/karjerosdienos.vilniustech.lt\/#website"},"datePublished":"2025-03-26T11:17:27+00:00","dateModified":"2025-04-07T13:10:17+00:00","description":"Generaliniai partneriai, Partneriai, Dalyviai, Draugai ir Renginio R\u0117m\u0117jai","breadcrumb":{"@id":"https:\/\/karjerosdienos.vilniustech.lt\/2025-m-moksleiviams\/#breadcrumb"},"inLanguage":"en-US","potentialAction":[{"@type":"ReadAction","target":["https:\/\/karjerosdienos.vilniustech.lt\/2025-m-moksleiviams\/"]}]},{"@type":"BreadcrumbList","@id":"https:\/\/karjerosdienos.vilniustech.lt\/2025-m-moksleiviams\/#breadcrumb","itemListElement":[{"@type":"ListItem","position":1,"name":"Home","item":"https:\/\/karjerosdienos.vilniustech.lt\/"},{"@type":"ListItem","position":2,"name":"2025 m. moksleiviams"}]},{"@type":"WebSite","@id":"https:\/\/karjerosdienos.vilniustech.lt\/#website","url":"https:\/\/karjerosdienos.vilniustech.lt\/","name":"VILNIUS TECH Karjeros diena GRAVITY","description":"VILNIUS TECH Karjeros diena GRAVITY","publisher":{"@id":"https:\/\/karjerosdienos.vilniustech.lt\/#organization"},"potentialAction":[{"@type":"SearchAction","target":{"@type":"EntryPoint","urlTemplate":"https:\/\/karjerosdienos.vilniustech.lt\/?s={search_term_string}"},"query-input":{"@type":"PropertyValueSpecification","valueRequired":true,"valueName":"search_term_string"}}],"inLanguage":"en-US"},{"@type":"Organization","@id":"https:\/\/karjerosdienos.vilniustech.lt\/#organization","name":"Karjeros dienos 2020","url":"https:\/\/karjerosdienos.vilniustech.lt\/","logo":{"@type":"ImageObject","inLanguage":"en-US","@id":"https:\/\/karjerosdienos.vilniustech.lt\/#\/schema\/logo\/image\/","url":"","contentUrl":"","caption":"Karjeros dienos 2020"},"image":{"@id":"https:\/\/karjerosdienos.vilniustech.lt\/#\/schema\/logo\/image\/"},"sameAs":["https:\/\/www.facebook.com\/kolegijoskarjeroscentras"]}]}},"_links":{"self":[{"href":"https:\/\/karjerosdienos.vilniustech.lt\/en\/wp-json\/wp\/v2\/pages\/8356","targetHints":{"allow":["GET"]}}],"collection":[{"href":"https:\/\/karjerosdienos.vilniustech.lt\/en\/wp-json\/wp\/v2\/pages"}],"about":[{"href":"https:\/\/karjerosdienos.vilniustech.lt\/en\/wp-json\/wp\/v2\/types\/page"}],"author":[{"embeddable":true,"href":"https:\/\/karjerosdienos.vilniustech.lt\/en\/wp-json\/wp\/v2\/users\/1"}],"replies":[{"embeddable":true,"href":"https:\/\/karjerosdienos.vilniustech.lt\/en\/wp-json\/wp\/v2\/comments?post=8356"}],"version-history":[{"count":15,"href":"https:\/\/karjerosdienos.vilniustech.lt\/en\/wp-json\/wp\/v2\/pages\/8356\/revisions"}],"predecessor-version":[{"id":8394,"href":"https:\/\/karjerosdienos.vilniustech.lt\/en\/wp-json\/wp\/v2\/pages\/8356\/revisions\/8394"}],"wp:attachment":[{"href":"https:\/\/karjerosdienos.vilniustech.lt\/en\/wp-json\/wp\/v2\/media?parent=8356"}],"curies":[{"name":"wp","href":"https:\/\/api.w.org\/{rel}","templated":true}]}}